{"id":14371,"date":"2024-01-16T10:58:30","date_gmt":"2024-01-16T08:58:30","guid":{"rendered":"https:\/\/test.proterm.md\/?post_type=product&#038;p=14371"},"modified":"2025-05-30T14:03:06","modified_gmt":"2025-05-30T12:03:06","slug":"vas-expansiune-35l","status":"publish","type":"product","link":"https:\/\/test.proterm.md\/ru\/product\/vas-expansiune-35l\/","title":{"rendered":"\u0420\u0430\u0441\u0448\u0438\u0440\u0438\u0442\u0435\u043b\u044c\u043d\u044b\u0439 \u0431\u0430\u043a 35\u043b"},"content":{"rendered":"<p>\u0420\u0430\u0441\u0448\u0438\u0440\u0438\u0442\u0435\u043b\u044c\u043d\u044b\u0435 \u0431\u0430\u043a\u0438 \u043f\u0440\u0435\u0434\u043d\u0430\u0437\u043d\u0430\u0447\u0435\u043d\u044b \u0434\u043b\u044f \u0438\u0441\u043f\u043e\u043b\u044c\u0437\u043e\u0432\u0430\u043d\u0438\u044f \u0432 \u0441\u0438\u0441\u0442\u0435\u043c\u0430\u0445 \u0432\u043e\u0434\u043e\u0441\u043d\u0430\u0431\u0436\u0435\u043d\u0438\u044f\/\u043e\u0442\u043e\u043f\u043b\u0435\u043d\u0438\u044f\/\u043e\u0445\u043b\u0430\u0436\u0434\u0435\u043d\u0438\u044f\/\u0443\u0441\u0442\u0430\u043d\u043e\u0432\u043a\u0430\u0445 \u043f\u043e\u0434\u0434\u0435\u0440\u0436\u0430\u043d\u0438\u044f \u0434\u0430\u0432\u043b\u0435\u043d\u0438\u044f\/\u0441\u0442\u0430\u043d\u0446\u0438\u044f\u0445 \u0432\u043e\u0434\u043e\u0441\u043d\u0430\u0431\u0436\u0435\u043d\u0438\u044f \u0438 \u043f\u043e\u0436\u0430\u0440\u043e\u0442\u0443\u0448\u0435\u043d\u0438\u044f\/\u0441\u043e\u043b\u043d\u0435\u0447\u043d\u044b\u0445 \u0441\u0438\u0441\u0442\u0435\u043c\u0430\u0445.<\/p>","protected":false},"excerpt":{"rendered":"<p>Temperatura de functionare de la -10C\u00b0 la +99C\u00b0<br \/>\nPresiune prestabilit\u0103 &#8212; 1.4 bar<br \/>\nPresiune maxima &#8212; 10 bar<br \/>\nLatime, mm: 350<br \/>\n\u00cen\u0103l\u021bime, mm: 430<br \/>\nDiametrul filetului &#8212; 1&#8243;M<br \/>\nCuloarea &#8212; rosie<br \/>\nDomeniu de utilizare: pentru sisteme de alimentare cu ap\u0103 \u0219i c\u0103ldur\u0103<br \/>\nTip &#8212; ag\u0103\u021bat<br \/>\nMaterial flansa &#8212; otel galvanizat<br \/>\nGreutate net\u0103 &#8212; 4.80 kg<br \/>\nForma &#8212; cilindric\u0103<\/p>\n<h6>Not\u0103 &#8212; Presiunea aerului din rezervor trebuie verificat\u0103 la fiecare 3 luni de c\u0103tre un centru de service autorizat.<\/h6>\n","protected":false},"featured_media":14373,"template":"","meta":{"_joinchat":[]},"product_brand":[],"product_cat":[60],"product_tag":[2239],"class_list":{"0":"post-14371","1":"product","2":"type-product","3":"status-publish","4":"has-post-thumbnail","6":"product_cat-vas_expansiune","7":"product_tag-cruwa-by-oren","8":"pa_brand-cruwa-by-oren","9":"pa_expansion-tank-volume-2240","10":"pa_filet-443","12":"first","13":"instock","14":"shipping-taxable","15":"product-type-simple"},"_links":{"self":[{"href":"https:\/\/test.proterm.md\/ru\/wp-json\/wp\/v2\/product\/14371","targetHints":{"allow":["GET"]}}],"collection":[{"href":"https:\/\/test.proterm.md\/ru\/wp-json\/wp\/v2\/product"}],"about":[{"href":"https:\/\/test.proterm.md\/ru\/wp-json\/wp\/v2\/types\/product"}],"wp:featuredmedia":[{"embeddable":true,"href":"https:\/\/test.proterm.md\/ru\/wp-json\/wp\/v2\/media\/14373"}],"wp:attachment":[{"href":"https:\/\/test.proterm.md\/ru\/wp-json\/wp\/v2\/media?parent=14371"}],"wp:term":[{"taxonomy":"product_brand","embeddable":true,"href":"https:\/\/test.proterm.md\/ru\/wp-json\/wp\/v2\/product_brand?post=14371"},{"taxonomy":"product_cat","embeddable":true,"href":"https:\/\/test.proterm.md\/ru\/wp-json\/wp\/v2\/product_cat?post=14371"},{"taxonomy":"product_tag","embeddable":true,"href":"https:\/\/test.proterm.md\/ru\/wp-json\/wp\/v2\/product_tag?post=14371"}],"curies":[{"name":"wp","href":"https:\/\/api.w.org\/{rel}","templated":true}]}}