{"id":13842,"date":"2023-06-23T11:16:57","date_gmt":"2023-06-23T09:16:57","guid":{"rendered":"https:\/\/test.proterm.md\/?post_type=product&#038;p=13842"},"modified":"2025-07-02T14:58:45","modified_gmt":"2025-07-02T12:58:45","slug":"grup-de-pompare-panou-solar","status":"publish","type":"product","link":"https:\/\/test.proterm.md\/ru\/product\/grup-de-pompare-panou-solar\/","title":{"rendered":"\u041d\u0430\u0441\u043e\u0441\u043d\u0430\u044f \u0433\u0440\u0443\u043f\u043f\u0430 \u0434\u043b\u044f \u0441\u043e\u043b\u043d\u0435\u0447\u043d\u044b\u0445 \u0431\u0430\u0442\u0430\u0440\u0435\u0439"},"content":{"rendered":"<div class=\"wpb-content-wrapper\"><p>[vc_row][vc_column][vc_column_text text_larger=&#187;no&#187;]<img decoding=\"async\" class=\"alignnone wp-image-13850\" src=\"https:\/\/test.proterm.md\/wp-content\/uploads\/2023\/06\/Arca-solar-pompa-de-circulare-pe-perete-schema.webp\" alt=\"\" width=\"225\" height=\"225\" srcset=\"https:\/\/test.proterm.md\/wp-content\/uploads\/2023\/06\/Arca-solar-pompa-de-circulare-pe-perete-schema.webp 500w, https:\/\/test.proterm.md\/wp-content\/uploads\/2023\/06\/Arca-solar-pompa-de-circulare-pe-perete-schema-150x150.webp 150w, https:\/\/test.proterm.md\/wp-content\/uploads\/2023\/06\/Arca-solar-pompa-de-circulare-pe-perete-schema-300x300.webp 300w, https:\/\/test.proterm.md\/wp-content\/uploads\/2023\/06\/Arca-solar-pompa-de-circulare-pe-perete-schema-100x100.webp 100w\" sizes=\"(max-width: 225px) 100vw, 225px\" \/><\/p>\n<p>1 \u041f\u043e\u0434\u0430\u0447\u0430.<br \/>\n2 \u041e\u0431\u0440\u0430\u0442\u043a\u0430.<br \/>\n3 \u0428\u0430\u0440\u043e\u0432\u043e\u0439 \u043a\u0440\u0430\u043d, \u0441\u0438\u043d\u0438\u0439, \u0437\u0430\u043a\u0440\u044b\u0432\u0430\u044e\u0449\u0438\u0439\u0441\u044f, \u0441 \u0437\u0430\u043c\u043a\u043e\u043c \u0438 \u0442\u0435\u0440\u043c\u043e\u043c\u0435\u0442\u0440\u043e\u043c.<br \/>\n4 \u0421\u0431\u043e\u0440\u043a\u0430 \u0433\u0440\u0443\u043f\u043f\u044b \u0431\u0435\u0437\u043e\u043f\u0430\u0441\u043d\u043e\u0441\u0442\u0438.<br \/>\n5 \u041f\u0440\u0435\u0434\u043e\u0445\u0440\u0430\u043d\u0438\u0442\u0435\u043b\u044c\u043d\u044b\u0439 \u043a\u043b\u0430\u043f\u0430\u043d.<br \/>\n6 \u0421\u0431\u0440\u043e\u0441\u043d\u0438\u043a.<br \/>\n7 \u041c\u0430\u043d\u043e\u043c\u0435\u0442\u0440 \u0441 \u043c\u043e\u043d\u0442\u0430\u0436\u043d\u044b\u043c \u043a\u043b\u0430\u043f\u0430\u043d\u043e\u043c.<br \/>\n8 \u0428\u0442\u0443\u0446\u0435\u0440 \u0434\u043b\u044f \u0440\u0430\u0441\u0448\u0438\u0440\u0438\u0442\u0435\u043b\u044c\u043d\u043e\u0433\u043e \u0431\u0430\u0447\u043a\u0430..<br \/>\n9 \u0426\u0438\u0440\u043a\u0443\u043b\u044f\u0446\u0438\u043e\u043d\u043d\u044b\u0439 \u043d\u0430\u0441\u043e\u0441.<br \/>\n10 \u0412\u044b\u043a\u043b\u044e\u0447\u0435\u043d\u0438\u0435.<br \/>\n11 \u0417\u0430\u043f\u0440\u0430\u0432\u043e\u0447\u043d\u044b\u0435 \u0438 \u043f\u0440\u043e\u043c\u044b\u0432\u043e\u0447\u043d\u044b\u0435 \u043a\u043b\u0430\u043f\u0430\u043d\u044b.<br \/>\n12 \u0420\u0430\u0441\u0445\u043e\u0434\u043e\u043c\u0435\u0440.<br \/>\n13 \u0422\u0435\u043f\u043b\u043e\u0438\u0437\u043e\u043b\u044f\u0446\u0438\u044f.<br \/>\n14 \u0412\u0435\u043d\u0442\u0438\u043b\u044f\u0446\u0438\u043e\u043d\u043d\u044b\u0439 \u043a\u043b\u0430\u043f\u0430\u043d.<br \/>\n15 \u0412\u0435\u043d\u0442\u0438\u043b\u044f\u0446\u0438\u043e\u043d\u043d\u044b\u0439 \u043a\u043b\u0430\u043f\u0430\u043d \u0441 \u043a\u0440\u0430\u043d\u043e\u043c.<br \/>\n16 \u0428\u0430\u0440\u043e\u0432\u043e\u0439 \u043a\u0440\u0430\u043d, \u043a\u0440\u0430\u0441\u043d\u044b\u0439, \u0437\u0430\u043a\u0440\u044b\u0432\u0430\u044e\u0449\u0438\u0439\u0441\u044f, \u0441 \u0437\u0430\u043c\u043a\u043e\u043c \u0438 \u0442\u0435\u0440\u043c\u043e\u043c\u0435\u0442\u0440\u043e\u043c.<\/p>\n<p>\u0426\u0438\u0440\u043a\u0443\u043b\u044f\u0446\u0438\u043e\u043d\u043d\u0430\u044f \u0443\u0441\u0442\u0430\u043d\u043e\u0432\u043a\u0430 \u0434\u043b\u044f \u0442\u0435\u043f\u043b\u043e\u0432\u044b\u0445 \u0441\u043e\u043b\u043d\u0435\u0447\u043d\u044b\u0445 \u0441\u0438\u0441\u0442\u0435\u043c. \u0412 \u043a\u043e\u043c\u043f\u043b\u0435\u043a\u0442\u0435 \u0441 \u043f\u0440\u043e\u043f\u0438\u043b\u0435\u043d\u0433\u043b\u0438\u043a\u043e\u043b\u0435\u0432\u044b\u043c \u0438 \u0432\u044b\u0441\u043e\u043a\u043e\u0442\u0435\u043c\u043f\u0435\u0440\u0430\u0442\u0443\u0440\u043d\u044b\u043c \u0446\u0438\u0440\u043a\u0443\u043b\u044f\u0446\u0438\u043e\u043d\u043d\u044b\u043c \u043d\u0430\u0441\u043e\u0441\u043e\u043c \u0434\u043b\u044f \u0441\u043e\u043b\u043d\u0435\u0447\u043d\u044b\u0445 \u0431\u0430\u0442\u0430\u0440\u0435\u0439, \u043e\u0431\u0440\u0430\u0442\u043d\u044b\u043c\u0438 \u043a\u043b\u0430\u043f\u0430\u043d\u0430\u043c\u0438, \u0440\u0430\u0441\u0445\u043e\u0434\u043e\u043c\u0435\u0440\u043e\u043c, \u043a\u0440\u0430\u043d\u0430\u043c\u0438 \u043d\u0430\u043f\u043e\u043b\u043d\u0435\u043d\u0438\u044f \u0438 \u0441\u043b\u0438\u0432\u0430, \u0448\u0430\u0440\u043e\u0432\u044b\u043c\u0438 \u043a\u0440\u0430\u043d\u0430\u043c\u0438 \u0441\u043e \u0432\u0441\u0442\u0440\u043e\u0435\u043d\u043d\u044b\u043c\u0438 \u0442\u0435\u0440\u043c\u043e\u043c\u0435\u0442\u0440\u0430\u043c\u0438, \u0441\u043f\u0435\u0446\u0438\u0430\u043b\u044c\u043d\u044b\u043c \u043f\u0440\u0435\u0434\u043e\u0445\u0440\u0430\u043d\u0438\u0442\u0435\u043b\u044c\u043d\u044b\u043c \u043a\u043b\u0430\u043f\u0430\u043d\u043e\u043c \u0434\u043b\u044f \u0441\u043e\u043b\u043d\u0435\u0447\u043d\u044b\u0445 \u0441\u0438\u0441\u0442\u0435\u043c \u0441 \u043c\u0430\u043d\u043e\u043c\u0435\u0442\u0440\u043e\u043c \u0438 \u0441\u043e\u0435\u0434\u0438\u043d\u0435\u043d\u0438\u0435\u043c \u0434\u043b\u044f \u0440\u0430\u0441\u0448\u0438\u0440\u0438\u0442\u0435\u043b\u044c\u043d\u043e\u0433\u043e \u0431\u0430\u043a\u0430, \u0434\u0435\u0430\u044d\u0440\u0430\u0442\u043e\u0440\u043d\u043e\u0439 \u0433\u0440\u0443\u043f\u043f\u043e\u0439. \u0422\u0435\u043f\u043b\u043e\u0438\u0437\u043e\u043b\u044f\u0446\u0438\u044f \u0438\u0437 \u0447\u0435\u0440\u043d\u043e\u0433\u043e \u041f\u041f\u0421 \u043f\u043b\u043e\u0442\u043d\u043e\u0441\u0442\u044c\u044e 40 \u043a\u0433\/\u043c\u00b3[\/vc_column_text][\/vc_column][\/vc_row]<\/p>\n<\/div>","protected":false},"excerpt":{"rendered":"<p>\u0420\u0430\u0431\u043e\u0447\u0430\u044f \u0436\u0438\u0434\u043a\u043e\u0441\u0442\u044c &#8212; \u0432\u043e\u0434\u0430, \u0440\u0430\u0441\u0442\u0432\u043e\u0440\u044b \u0433\u043b\u0438\u043a\u043e\u043b\u044f \u043c\u0430\u043a\u0441. 50%<br \/>\n\u0420\u0430\u0431\u043e\u0447\u0430\u044f \u0442\u0435\u043c\u043f\u0435\u0440\u0430\u0442\u0443\u0440\u0430 130\u00b0C &#8212; 150\u00b0C \u043f\u0438\u043a<br \/>\n\u0422\u0435\u043c\u043f\u0435\u0440\u0430\u0442\u0443\u0440\u0430 \u043f\u0440\u0435\u0434\u043e\u0445\u0440\u0430\u043d\u0438\u0442\u0435\u043b\u044c\u043d\u043e\u0433\u043e \u043a\u043b\u0430\u043f\u0430\u043d\u0430 &#8212; 6 \u0431\u0430\u0440, \u0434\u0440\u0443\u0433\u0438\u0435 \u0437\u043d\u0430\u0447\u0435\u043d\u0438\u044f \u0434\u0430\u0432\u043b\u0435\u043d\u0438\u044f \u0434\u043e\u0441\u0442\u0443\u043f\u043d\u044b \u043f\u043e \u0437\u0430\u043f\u0440\u043e\u0441\u0443.<br \/>\n\u0428\u043a\u0430\u043b\u0430 \u043c\u0430\u043d\u043e\u043c\u0435\u0442\u0440\u0430 0\u00f710 \u0431\u0430\u0440<br \/>\n\u0428\u043a\u0430\u043b\u0430 \u0442\u0435\u0440\u043c\u043e\u043c\u0435\u0442\u0440\u0430 0\u00f7160 \u00b0C<br \/>\n\u041c\u0438\u043d\u0438\u043c\u0430\u043b\u044c\u043d\u043e\u0435 \u0434\u0430\u0432\u043b\u0435\u043d\u0438\u0435 \u043e\u0442\u043a\u0440\u044b\u0442\u0438\u044f \u043e\u0431\u0440\u0430\u0442\u043d\u043e\u0433\u043e \u043a\u043b\u0430\u043f\u0430\u043d\u0430 \u0394P: 2kPa (200 mm c.a.)<br \/>\n\u0414\u0438\u0430\u043f\u0430\u0437\u043e\u043d \u0440\u0435\u0433\u0443\u043b\u0438\u0440\u043e\u0432\u043a\u0438 \u0440\u0430\u0441\u0445\u043e\u0434\u043e\u043c\u0435\u0440\u0430 1-6, 2-12, 8-28, 8-38 \u043b\/\u043c\u0438\u043d<br \/>\n\u0414\u043e\u0441\u0442\u0443\u043f\u043d\u044b\u0435 \u0441\u043e\u0435\u0434\u0438\u043d\u0435\u043d\u0438\u044f \u00d815, \u00d818, \u00d822, 3\/4&#8243;\u043d\u0440, 3\/4&#8243;\u0432\u0440, 1&#8243;\u043d\u0440, 1&#8243;\u0432\u0440.<br \/>\n\u041f\u043e\u0434\u043a\u043b\u044e\u0447\u0435\u043d\u0438\u0435 \u0440\u0430\u0441\u0448\u0438\u0440\u0438\u0442\u0435\u043b\u044c\u043d\u043e\u0433\u043e \u0431\u0430\u043a\u0430 3\/4&#8243;\u043d\u0440<br \/>\n\u041f\u043e\u0434\u043a\u043b\u044e\u0447\u0435\u043d\u0438\u0435 \u043f\u043e\u0434\u0430\u0447\u0430\/\u043e\u0431\u0440\u0430\u0442\u043a\u0430 3\/4&#8243;\u043d\u0440, \u0434\u0435\u0440\u0436\u0430\u0442\u0435\u043b\u044c \u00d815\u043c\u043c<br \/>\n\u0418\u0441\u0442\u043e\u0447\u043d\u0438\u043a \u043f\u0438\u0442\u0430\u043d\u0438\u044f 230\u0412<\/p>\n","protected":false},"featured_media":13844,"template":"","meta":{"_joinchat":[]},"product_brand":[],"product_cat":[59,2319],"product_tag":[2208],"class_list":{"0":"post-13842","1":"product","2":"type-product","3":"status-publish","4":"has-post-thumbnail","6":"product_cat-panouri_solare","7":"product_cat-cazangerii","8":"product_tag-icma-s-p-a","9":"pa_brand-icma-s-p-a","11":"first","12":"instock","13":"shipping-taxable","14":"product-type-simple"},"_links":{"self":[{"href":"https:\/\/test.proterm.md\/ru\/wp-json\/wp\/v2\/product\/13842","targetHints":{"allow":["GET"]}}],"collection":[{"href":"https:\/\/test.proterm.md\/ru\/wp-json\/wp\/v2\/product"}],"about":[{"href":"https:\/\/test.proterm.md\/ru\/wp-json\/wp\/v2\/types\/product"}],"wp:featuredmedia":[{"embeddable":true,"href":"https:\/\/test.proterm.md\/ru\/wp-json\/wp\/v2\/media\/13844"}],"wp:attachment":[{"href":"https:\/\/test.proterm.md\/ru\/wp-json\/wp\/v2\/media?parent=13842"}],"wp:term":[{"taxonomy":"product_brand","embeddable":true,"href":"https:\/\/test.proterm.md\/ru\/wp-json\/wp\/v2\/product_brand?post=13842"},{"taxonomy":"product_cat","embeddable":true,"href":"https:\/\/test.proterm.md\/ru\/wp-json\/wp\/v2\/product_cat?post=13842"},{"taxonomy":"product_tag","embeddable":true,"href":"https:\/\/test.proterm.md\/ru\/wp-json\/wp\/v2\/product_tag?post=13842"}],"curies":[{"name":"wp","href":"https:\/\/api.w.org\/{rel}","templated":true}]}}