{"id":9852,"date":"2022-02-18T11:30:50","date_gmt":"2022-02-18T09:30:50","guid":{"rendered":"https:\/\/test.proterm.md\/?post_type=product&#038;p=9852"},"modified":"2025-05-30T14:06:12","modified_gmt":"2025-05-30T12:06:12","slug":"cap-termostat-danfoss","status":"publish","type":"product","link":"https:\/\/test.proterm.md\/ro\/product\/cap-termostat-danfoss\/","title":{"rendered":"Cap termostat Danfoss"},"content":{"rendered":"<p>Capetele termostat Danfoss sunt destinate controlului individual al temperaturii ambientale din camere \u00een care sursele de \u00eenc\u0103lzire sunt de exemplu, convectoare sau radiatoare.<\/p>","protected":false},"excerpt":{"rendered":"<p>\u0411\u0435\u043b\u044b\u0439 \u0446\u0432\u0435\u0442<br \/>\n\u0420\u0430\u0431\u043e\u0447\u0435\u0435 \u0434\u0430\u0432\u043b\u0435\u043d\u0438\u0435: 10 \u0431\u0430\u0440<br \/>\n\u041f\u0440\u043e\u0438\u0437\u0432\u043e\u0434\u0438\u0442\u0435\u043b\u044c: Danfoss<br \/>\nInterval de reglare: 7 \u00b0C &#8211; 30 \u00b0C<br \/>\nTemperatura maxim\u0103 de func\u021bionare a senzorului: 50\u00b0C<\/p>\n","protected":false},"featured_media":9853,"template":"","meta":{"_joinchat":[]},"product_brand":[],"product_cat":[72,2221],"product_tag":[216],"class_list":{"0":"post-9852","1":"product","2":"type-product","3":"status-publish","4":"has-post-thumbnail","6":"product_cat-robineti_radiatoare","7":"product_cat-thermostat","8":"product_tag-emmeti","9":"pa_brand-danfoss","11":"first","12":"instock","13":"shipping-taxable","14":"product-type-simple"},"_links":{"self":[{"href":"https:\/\/test.proterm.md\/ro\/wp-json\/wp\/v2\/product\/9852","targetHints":{"allow":["GET"]}}],"collection":[{"href":"https:\/\/test.proterm.md\/ro\/wp-json\/wp\/v2\/product"}],"about":[{"href":"https:\/\/test.proterm.md\/ro\/wp-json\/wp\/v2\/types\/product"}],"wp:featuredmedia":[{"embeddable":true,"href":"https:\/\/test.proterm.md\/ro\/wp-json\/wp\/v2\/media\/9853"}],"wp:attachment":[{"href":"https:\/\/test.proterm.md\/ro\/wp-json\/wp\/v2\/media?parent=9852"}],"wp:term":[{"taxonomy":"product_brand","embeddable":true,"href":"https:\/\/test.proterm.md\/ro\/wp-json\/wp\/v2\/product_brand?post=9852"},{"taxonomy":"product_cat","embeddable":true,"href":"https:\/\/test.proterm.md\/ro\/wp-json\/wp\/v2\/product_cat?post=9852"},{"taxonomy":"product_tag","embeddable":true,"href":"https:\/\/test.proterm.md\/ro\/wp-json\/wp\/v2\/product_tag?post=9852"}],"curies":[{"name":"wp","href":"https:\/\/api.w.org\/{rel}","templated":true}]}}