{"id":9654,"date":"2022-02-10T15:22:45","date_gmt":"2022-02-10T13:22:45","guid":{"rendered":"https:\/\/test.proterm.md\/?post_type=product&#038;p=9654"},"modified":"2025-05-30T14:06:32","modified_gmt":"2025-05-30T12:06:32","slug":"filtru-de-apa-10-cfc-10k-3-4f-cu-cartus","status":"publish","type":"product","link":"https:\/\/test.proterm.md\/ro\/product\/filtru-de-apa-10-cfc-10k-3-4f-cu-cartus\/","title":{"rendered":"Filtru de apa 10&#8243; CFC -10K, 3\/4&#8243;F cu cartus"},"content":{"rendered":"<p>Colbe filtrante &#8211; pentru filtrele principale de ap\u0103 (instalate direct \u00een magistrala de ap\u0103).<br \/>\n<\/p>","protected":false},"excerpt":{"rendered":"<p>Colba este din polipropilena, cu sticla transparenta.<br \/>\nPresiunea maxim\u0103 a apei nu este mai mare de 0,6 MPa.<br \/>\nTemperatura maxim\u0103 a apei nu dep\u0103\u0219e\u0219te 40 \u00b0C.<br \/>\nMediul de lucru este apa.<br \/>\nDimensiuni totale: lungime \u2014 10\u201d, diametru \u2014 120 mm.<br \/>\nInclude cartus pentru particule metalice.<br \/>\nInclude cheie, suport de montare.<\/p>\n","protected":false},"featured_media":9655,"template":"","meta":{"_joinchat":[]},"product_brand":[],"product_cat":[707],"product_tag":[286],"class_list":{"0":"post-9654","1":"product","2":"type-product","3":"status-publish","4":"has-post-thumbnail","6":"product_cat-filtre-osmoza-si-dedurizatoare","7":"product_tag-cacheng-brend","8":"pa_brand-cacheng-brend","9":"pa_filet-3-4","10":"pa_thread-type-inside","11":"pa_volume-709","13":"first","14":"instock","15":"shipping-taxable","16":"product-type-simple"},"_links":{"self":[{"href":"https:\/\/test.proterm.md\/ro\/wp-json\/wp\/v2\/product\/9654","targetHints":{"allow":["GET"]}}],"collection":[{"href":"https:\/\/test.proterm.md\/ro\/wp-json\/wp\/v2\/product"}],"about":[{"href":"https:\/\/test.proterm.md\/ro\/wp-json\/wp\/v2\/types\/product"}],"wp:featuredmedia":[{"embeddable":true,"href":"https:\/\/test.proterm.md\/ro\/wp-json\/wp\/v2\/media\/9655"}],"wp:attachment":[{"href":"https:\/\/test.proterm.md\/ro\/wp-json\/wp\/v2\/media?parent=9654"}],"wp:term":[{"taxonomy":"product_brand","embeddable":true,"href":"https:\/\/test.proterm.md\/ro\/wp-json\/wp\/v2\/product_brand?post=9654"},{"taxonomy":"product_cat","embeddable":true,"href":"https:\/\/test.proterm.md\/ro\/wp-json\/wp\/v2\/product_cat?post=9654"},{"taxonomy":"product_tag","embeddable":true,"href":"https:\/\/test.proterm.md\/ro\/wp-json\/wp\/v2\/product_tag?post=9654"}],"curies":[{"name":"wp","href":"https:\/\/api.w.org\/{rel}","templated":true}]}}