{"id":9650,"date":"2022-02-10T11:55:06","date_gmt":"2022-02-10T09:55:06","guid":{"rendered":"https:\/\/test.proterm.md\/?post_type=product&#038;p=9650"},"modified":"2025-05-30T14:06:32","modified_gmt":"2025-05-30T12:06:32","slug":"filtru-de-apa-cu-dozator","status":"publish","type":"product","link":"https:\/\/test.proterm.md\/ro\/product\/filtru-de-apa-cu-dozator\/","title":{"rendered":"Filtru de apa cu dozator"},"content":{"rendered":"<p>pentru a \u00eenmuia apa rece;<br \/>\npentru cazane \u0219i alte dispozitive de \u00eenc\u0103lzire;<br \/>\npentru ma\u0219ini de sp\u0103lat \u0219i ma\u0219ini de sp\u0103lat vase;<br \/>\npentru cazane \u0219i \u00eenc\u0103lzitoare de ap\u0103 pe gaz;<\/p>","protected":false},"excerpt":{"rendered":"<p>Scop &#8211; ap\u0103 rece de la robinet &#8211; lupta \u00eempotriva calcarului \u0219i coroziunii<br \/>\nDozator de filtre de apa<br \/>\nDiametrul firului &#8211; 1 1\/2 exterior<br \/>\nTemperatura de lucru &#8211; 4 &#8211; 45 \u00b0C<br \/>\nPresiunea maxim\u0103 de lucru &#8211; 8 atm.<br \/>\nGreutatea filtrului &#8211; 0,6 kg<br \/>\nProductie &#8211; Italia<br \/>\nMaterial &#8211; polipropilen\u0103 \u0219i nailon armat, alam\u0103<br \/>\nRotirea unei conducte de ramifica\u021bie &#8211; 360\u00b0<\/p>\n","protected":false},"featured_media":9651,"template":"","meta":{"_joinchat":[]},"product_brand":[],"product_cat":[707],"product_tag":[],"class_list":{"0":"post-9650","1":"product","2":"type-product","3":"status-publish","4":"has-post-thumbnail","6":"product_cat-filtre-osmoza-si-dedurizatoare","7":"pa_filet-11-2","8":"pa_thread-type-outside","9":"pa_volume-708","11":"first","12":"instock","13":"shipping-taxable","14":"product-type-simple"},"_links":{"self":[{"href":"https:\/\/test.proterm.md\/ro\/wp-json\/wp\/v2\/product\/9650","targetHints":{"allow":["GET"]}}],"collection":[{"href":"https:\/\/test.proterm.md\/ro\/wp-json\/wp\/v2\/product"}],"about":[{"href":"https:\/\/test.proterm.md\/ro\/wp-json\/wp\/v2\/types\/product"}],"wp:featuredmedia":[{"embeddable":true,"href":"https:\/\/test.proterm.md\/ro\/wp-json\/wp\/v2\/media\/9651"}],"wp:attachment":[{"href":"https:\/\/test.proterm.md\/ro\/wp-json\/wp\/v2\/media?parent=9650"}],"wp:term":[{"taxonomy":"product_brand","embeddable":true,"href":"https:\/\/test.proterm.md\/ro\/wp-json\/wp\/v2\/product_brand?post=9650"},{"taxonomy":"product_cat","embeddable":true,"href":"https:\/\/test.proterm.md\/ro\/wp-json\/wp\/v2\/product_cat?post=9650"},{"taxonomy":"product_tag","embeddable":true,"href":"https:\/\/test.proterm.md\/ro\/wp-json\/wp\/v2\/product_tag?post=9650"}],"curies":[{"name":"wp","href":"https:\/\/api.w.org\/{rel}","templated":true}]}}