{"id":8325,"date":"2022-01-10T15:59:06","date_gmt":"2022-01-10T13:59:06","guid":{"rendered":"https:\/\/test.proterm.md\/?post_type=product&#038;p=8325"},"modified":"2026-02-20T16:55:50","modified_gmt":"2026-02-20T14:55:50","slug":"gel-anaerob-verde-60gr","status":"publish","type":"product","link":"https:\/\/test.proterm.md\/ro\/product\/gel-anaerob-verde-60gr\/","title":{"rendered":"Gel anaerob verde 60gr."},"content":{"rendered":"<p>Gel verde 60 g este un etan\u0219ant de filet pentru \u00eembin\u0103ri metalice, conceput pentru demontarea u\u0219oar\u0103 a \u00eembin\u0103rilor care se afl\u0103 \u00een locuri greu accesibile unde este imposibil s\u0103 se utilizeze alte materiale de etan\u0219are. Este proiectat pentru a etan\u0219a rapid \u0219i eficient conexiunile cu flan\u0219e metalice \u0219i filetate.<\/p>","protected":false},"excerpt":{"rendered":"<p>Se foloseste la fileturi pina la \u00d8 40<br \/>\nVolum &#8211; 60 gr.<\/p>\n<p>-Sigilarea fara folosirea canepei.<br \/>\n-Protec\u021bia conexiunii \u00eempotriva coroziunii datorit\u0103 aderen\u021bei ridicate a gelului la materialul filetului.<br \/>\n-Lipsa contrac\u021biei \u0219i expansiunii \u00een timpul \u00eent\u0103ririi.<br \/>\n-U\u0219or de instalat.<br \/>\n-F\u0103r\u0103 risc de \u00eenfundare a filtrelor \u0219i a pasajelor \u00eenguste.<br \/>\n&#8211; Rezistenta la socuri, temperatura si scaderi de presiune.<br \/>\n&#8211; Durabilitate in diverse medii.<\/p>\n","protected":false},"featured_media":8326,"template":"","meta":{"_joinchat":[]},"product_brand":[],"product_cat":[681],"product_tag":[],"class_list":{"0":"post-8325","1":"product","2":"type-product","3":"status-publish","4":"has-post-thumbnail","6":"product_cat-solutii_antiinghet_antigel","8":"first","9":"instock","10":"shipping-taxable","11":"product-type-simple"},"_links":{"self":[{"href":"https:\/\/test.proterm.md\/ro\/wp-json\/wp\/v2\/product\/8325","targetHints":{"allow":["GET"]}}],"collection":[{"href":"https:\/\/test.proterm.md\/ro\/wp-json\/wp\/v2\/product"}],"about":[{"href":"https:\/\/test.proterm.md\/ro\/wp-json\/wp\/v2\/types\/product"}],"wp:featuredmedia":[{"embeddable":true,"href":"https:\/\/test.proterm.md\/ro\/wp-json\/wp\/v2\/media\/8326"}],"wp:attachment":[{"href":"https:\/\/test.proterm.md\/ro\/wp-json\/wp\/v2\/media?parent=8325"}],"wp:term":[{"taxonomy":"product_brand","embeddable":true,"href":"https:\/\/test.proterm.md\/ro\/wp-json\/wp\/v2\/product_brand?post=8325"},{"taxonomy":"product_cat","embeddable":true,"href":"https:\/\/test.proterm.md\/ro\/wp-json\/wp\/v2\/product_cat?post=8325"},{"taxonomy":"product_tag","embeddable":true,"href":"https:\/\/test.proterm.md\/ro\/wp-json\/wp\/v2\/product_tag?post=8325"}],"curies":[{"name":"wp","href":"https:\/\/api.w.org\/{rel}","templated":true}]}}