{"id":8323,"date":"2022-01-10T15:30:01","date_gmt":"2022-01-10T13:30:01","guid":{"rendered":"https:\/\/test.proterm.md\/?post_type=product&#038;p=8323"},"modified":"2025-05-30T14:07:38","modified_gmt":"2025-05-30T12:07:38","slug":"etansant-snur-sprint-50m","status":"publish","type":"product","link":"https:\/\/test.proterm.md\/ro\/product\/etansant-snur-sprint-50m\/","title":{"rendered":"Etansant snur Sprint 50\u043c"},"content":{"rendered":"<p>Snur de etan\u0219are.<br \/>\nSnur etansat SPRINT 50 m &#8211; snur sanitar pentru etansarea \u00eembin\u0103rilor filetate. Are o sec\u021biune plat\u0103, mai mult de 280 de microfilamente \u0219i o impregnare \u00eembun\u0103t\u0103\u021bit\u0103 dezvoltat\u0103 de Santekhmaster Group. Potrivit pentru repara\u021bii \u0219i instal\u0103ri urgente. Potrivit pentru fire din orice material.<\/p>","protected":false},"excerpt":{"rendered":"<p>Sigur pentru apa potabila,<br \/>\nTehnologic avansat \u0219i u\u0219or de utilizat,<br \/>\nde 2 &#8211; 3 ori mai accesibil dec\u00e2t analogii str\u0103ini,<br \/>\nSigileaza firele murdare si partial deteriorate,<br \/>\nSigileaza instantaneu<br \/>\nAre toate permisele necesare<br \/>\nLungime &#8211; 50 metri<\/p>\n","protected":false},"featured_media":8324,"template":"","meta":{"_joinchat":[]},"product_brand":[],"product_cat":[681],"product_tag":[],"class_list":{"0":"post-8323","1":"product","2":"type-product","3":"status-publish","4":"has-post-thumbnail","6":"product_cat-solutii_antiinghet_antigel","8":"first","9":"instock","10":"shipping-taxable","11":"product-type-simple"},"_links":{"self":[{"href":"https:\/\/test.proterm.md\/ro\/wp-json\/wp\/v2\/product\/8323","targetHints":{"allow":["GET"]}}],"collection":[{"href":"https:\/\/test.proterm.md\/ro\/wp-json\/wp\/v2\/product"}],"about":[{"href":"https:\/\/test.proterm.md\/ro\/wp-json\/wp\/v2\/types\/product"}],"wp:featuredmedia":[{"embeddable":true,"href":"https:\/\/test.proterm.md\/ro\/wp-json\/wp\/v2\/media\/8324"}],"wp:attachment":[{"href":"https:\/\/test.proterm.md\/ro\/wp-json\/wp\/v2\/media?parent=8323"}],"wp:term":[{"taxonomy":"product_brand","embeddable":true,"href":"https:\/\/test.proterm.md\/ro\/wp-json\/wp\/v2\/product_brand?post=8323"},{"taxonomy":"product_cat","embeddable":true,"href":"https:\/\/test.proterm.md\/ro\/wp-json\/wp\/v2\/product_cat?post=8323"},{"taxonomy":"product_tag","embeddable":true,"href":"https:\/\/test.proterm.md\/ro\/wp-json\/wp\/v2\/product_tag?post=8323"}],"curies":[{"name":"wp","href":"https:\/\/api.w.org\/{rel}","templated":true}]}}