{"id":8286,"date":"2022-01-06T11:27:09","date_gmt":"2022-01-06T09:27:09","guid":{"rendered":"https:\/\/test.proterm.md\/?post_type=product&#038;p=8286"},"modified":"2025-05-30T14:07:38","modified_gmt":"2025-05-30T12:07:38","slug":"baterie-senzor-romendy","status":"publish","type":"product","link":"https:\/\/test.proterm.md\/ro\/product\/baterie-senzor-romendy\/","title":{"rendered":"Baterie senzor Romendy"},"content":{"rendered":"<p>Baterie cu senzor asigur\u0103 alimentarea\/\u00eenchiderea f\u0103r\u0103 contact a jetului de la robinet. Caracteristici distinctive: absen\u021ba supapelor pentru deschidere\/\u00eenchidere, func\u021bionare activ\u0103 f\u0103r\u0103 probleme, alimentarea se realizeaz\u0103 \u00eentr-un mod de temperatur\u0103 \u0219i presiune constant\u0103.<\/p>","protected":false},"excerpt":{"rendered":"<p>Baterie cu sensor , cu fotocelula.<br \/>\nSe distinge prin eleganta si performanta.<br \/>\nBateria este echipata cu 4 baterii alcaline 1.5V tip AA.<br \/>\nDistanta de detectie a senzorului este cuprinsa intre 12 si 18 cm.<br \/>\nBateria este fabricata din alama cromata si este conforma cu UNI EN 248.<br \/>\nPentru presiune mai mare de 5 bar trebuie instalat un reductor de presiune.<\/p>\n","protected":false},"featured_media":8289,"template":"","meta":{"_joinchat":[]},"product_brand":[],"product_cat":[118],"product_tag":[],"class_list":{"0":"post-8286","1":"product","2":"type-product","3":"status-publish","4":"has-post-thumbnail","6":"product_cat-robineti-lavuar-si-bideu","8":"first","9":"instock","10":"shipping-taxable","11":"product-type-simple"},"_links":{"self":[{"href":"https:\/\/test.proterm.md\/ro\/wp-json\/wp\/v2\/product\/8286","targetHints":{"allow":["GET"]}}],"collection":[{"href":"https:\/\/test.proterm.md\/ro\/wp-json\/wp\/v2\/product"}],"about":[{"href":"https:\/\/test.proterm.md\/ro\/wp-json\/wp\/v2\/types\/product"}],"wp:featuredmedia":[{"embeddable":true,"href":"https:\/\/test.proterm.md\/ro\/wp-json\/wp\/v2\/media\/8289"}],"wp:attachment":[{"href":"https:\/\/test.proterm.md\/ro\/wp-json\/wp\/v2\/media?parent=8286"}],"wp:term":[{"taxonomy":"product_brand","embeddable":true,"href":"https:\/\/test.proterm.md\/ro\/wp-json\/wp\/v2\/product_brand?post=8286"},{"taxonomy":"product_cat","embeddable":true,"href":"https:\/\/test.proterm.md\/ro\/wp-json\/wp\/v2\/product_cat?post=8286"},{"taxonomy":"product_tag","embeddable":true,"href":"https:\/\/test.proterm.md\/ro\/wp-json\/wp\/v2\/product_tag?post=8286"}],"curies":[{"name":"wp","href":"https:\/\/api.w.org\/{rel}","templated":true}]}}