{"id":7979,"date":"2025-12-22T17:11:03","date_gmt":"2025-12-22T15:11:03","guid":{"rendered":"https:\/\/test.proterm.md\/?post_type=product&#038;p=7979"},"modified":"2025-12-22T17:11:03","modified_gmt":"2025-12-22T15:11:03","slug":"carcas-pentru-wc-konig-q","status":"publish","type":"product","link":"https:\/\/test.proterm.md\/ro\/product\/carcas-pentru-wc-konig-q\/","title":{"rendered":"Carcas pentru WC Konig 602AQ"},"content":{"rendered":"<p>Stilul de via\u021b\u0103 modern impune cerin\u021be speciale pentru un element de uz casnic at\u00e2t de important precum instala\u021biile sanitare. Un WC \u00eencorporat\u0103 \u00een perete are o serie de calit\u0103\u021bi atractive.<br \/>\nEstetic\u0103<br \/>\nUn astfel de wc ocup\u0103 un minim de spa\u021biu.<br \/>\nPe modelele noastre , pe l\u00e2ng\u0103 wc, pute\u021bi amplasa \u0219i un bideu \u0219i o chiuvet\u0103, f\u0103c\u00e2nd baia cu adev\u0103rat universal\u0103.<br \/>\nUnica diferenta intre carcasa cu sistem pneumatic si mecanic sunt butoanele cu sistem de apasare pneumatic (mai silentios).<\/p>","protected":false},"excerpt":{"rendered":"<p>Sistem de spalare &#8211; spalare pneumatica<br \/>\nCompatibil cu orice toaleta suspendata &#8211; Da<br \/>\nMetoda de fixare &#8211; in elementele de montare<br \/>\nInstalarea cadrului este furnizata in ambalaj individual de marca<\/p>\n<p><a href=\"https:\/\/test.proterm.md\/wp-content\/uploads\/2025\/12\/Koning.pdf\" target=\"_blank\" rel=\"noopener\"><img decoding=\"async\" class=\"alignnone wp-image-7559\" src=\"https:\/\/test.proterm.md\/wp-content\/uploads\/2021\/12\/icopdf-min-250x250.png\" alt=\"\" width=\"32\" height=\"32\" srcset=\"https:\/\/test.proterm.md\/wp-content\/uploads\/2021\/12\/icopdf-min-250x250.png 250w, https:\/\/test.proterm.md\/wp-content\/uploads\/2021\/12\/icopdf-min-150x150.png 150w, https:\/\/test.proterm.md\/wp-content\/uploads\/2021\/12\/icopdf-min-450x450.png 450w, https:\/\/test.proterm.md\/wp-content\/uploads\/2021\/12\/icopdf-min-300x300.png 300w, https:\/\/test.proterm.md\/wp-content\/uploads\/2021\/12\/icopdf-min-500x500.png 500w, https:\/\/test.proterm.md\/wp-content\/uploads\/2021\/12\/icopdf-min-100x100.png 100w, https:\/\/test.proterm.md\/wp-content\/uploads\/2021\/12\/icopdf-min.png 512w\" sizes=\"(max-width: 32px) 100vw, 32px\" \/>Bro\u0219ur\u0103<\/a><\/p>\n","protected":false},"featured_media":15230,"template":"","meta":{"_joinchat":[]},"product_brand":[],"product_cat":[121,343],"product_tag":[1560],"class_list":{"0":"post-7979","1":"product","2":"type-product","3":"status-publish","4":"has-post-thumbnail","6":"product_cat-carcase_butoane_veceu","7":"product_cat-baie-bucatarie","8":"product_tag-koning","9":"pa_brand-koning","10":"pa_tipe-wc-pneumatic","12":"first","13":"instock","14":"shipping-taxable","15":"product-type-simple"},"_links":{"self":[{"href":"https:\/\/test.proterm.md\/ro\/wp-json\/wp\/v2\/product\/7979","targetHints":{"allow":["GET"]}}],"collection":[{"href":"https:\/\/test.proterm.md\/ro\/wp-json\/wp\/v2\/product"}],"about":[{"href":"https:\/\/test.proterm.md\/ro\/wp-json\/wp\/v2\/types\/product"}],"wp:featuredmedia":[{"embeddable":true,"href":"https:\/\/test.proterm.md\/ro\/wp-json\/wp\/v2\/media\/15230"}],"wp:attachment":[{"href":"https:\/\/test.proterm.md\/ro\/wp-json\/wp\/v2\/media?parent=7979"}],"wp:term":[{"taxonomy":"product_brand","embeddable":true,"href":"https:\/\/test.proterm.md\/ro\/wp-json\/wp\/v2\/product_brand?post=7979"},{"taxonomy":"product_cat","embeddable":true,"href":"https:\/\/test.proterm.md\/ro\/wp-json\/wp\/v2\/product_cat?post=7979"},{"taxonomy":"product_tag","embeddable":true,"href":"https:\/\/test.proterm.md\/ro\/wp-json\/wp\/v2\/product_tag?post=7979"}],"curies":[{"name":"wp","href":"https:\/\/api.w.org\/{rel}","templated":true}]}}