{"id":7959,"date":"2021-12-20T14:03:42","date_gmt":"2021-12-20T12:03:42","guid":{"rendered":"https:\/\/test.proterm.md\/?post_type=product&#038;p=7959"},"modified":"2025-05-30T14:08:23","modified_gmt":"2025-05-30T12:08:23","slug":"dispozitiv-de-protectie-sea-land-cbt-1000-1500","status":"publish","type":"product","link":"https:\/\/test.proterm.md\/ro\/product\/dispozitiv-de-protectie-sea-land-cbt-1000-1500\/","title":{"rendered":"Dispozitiv de protectie  Sea-Land CBT 1000\/1500"},"content":{"rendered":"<p>Compania italian\u0103 Sea-Land S.r.l. a fost fondat\u0103 \u00een 1990. De la \u00eenfiin\u021bare, compania a dezvoltat \u0219i produs independent pompe centrifuge \u0219i submersibile pentru uz casnic \u0219i industrial. Pompele italiene Sea-Land sunt folosite in locuinte particulare, pentru irigatii si de asemenea in productia industriala si au o gama larga de modele, pana la pompe cu o capacitate de pana la 240 m\u00b3\/h.<\/p>","protected":false},"excerpt":{"rendered":"<p>Pentru pompe cu motoare de la 7,5 pana la 11,0 kW (curent de siguran\u021b\u0103 16,0 &#8211; 24,0 A)<br \/>\nCaracteristici si protectii<br \/>\ntensiune nominal\u0103 3 ~ 50\/60 Hz 400V \u00b1 10%<br \/>\ncontacte de joas\u0103 tensiune pentru presostat extern sau flotor<br \/>\ncomutator pentru func\u021bionarea AUTO-OPRIT-MANUAL\u0102 a pompei<br \/>\nLED verde &#8211; indicarea tensiunii de intrare<br \/>\nLED verde &#8211; functionare in modul AUTO<br \/>\nLED verde &#8211; pompa func\u0163ioneaz\u0103<br \/>\nLED ro\u0219u &#8211; alarm\u0103 ap\u0103 sc\u0103zut\u0103<br \/>\nLED rosu &#8211; pompa blocata<br \/>\nLED ro\u0219u &#8211; suprasarcin\u0103 din cauza supratensiunii\/subtensiunii<br \/>\nprotectie de curent reglabila<br \/>\ntimp de activare a protec\u021biei: 5 secunde<br \/>\nm\u0103surarea factorului de putere a motorului (COS FI) \u00een intervalul de la 0,1 la 0,9<br \/>\nrepornire automat\u0103 la fiecare 5, 30, 60, 90 de minute<br \/>\nprotectie motor impotriva tensiunii min \/ max (-12% \/ + 10%)<br \/>\nprotec\u021bia motorului \u00eempotriva secven\u021bei incorecte a fazelor<br \/>\nSiguran\u021ba circuitului auxiliar blocat\u0103<br \/>\nsiguran\u0163a de protec\u0163ie a motorului<br \/>\n\u00eentrerup\u0103tor principal cu blocare a deschiderii \u00een timpul func\u0163ion\u0103rii<br \/>\nversiune monofazat\u0103 cu posibilitatea de conectare a unui condensator de pornire<br \/>\nCarcasa ABS, protectie IP 55<br \/>\nlivrare inclusiv presetupe<br \/>\ntemperatura ambiant\u0103: -5 \/ + 40 \u00b0C,<br \/>\numiditate relativa 50% la 40\u00b0C<\/p>\n","protected":false},"featured_media":7961,"template":"","meta":{"_joinchat":[]},"product_brand":[],"product_cat":[117],"product_tag":[327],"class_list":{"0":"post-7959","1":"product","2":"type-product","3":"status-publish","4":"has-post-thumbnail","6":"product_cat-piese-pentru-pompe","7":"product_tag-sea-land-water-pump","8":"pa_brand-sea_land_pompe_apa","10":"first","11":"instock","12":"shipping-taxable","13":"product-type-simple"},"_links":{"self":[{"href":"https:\/\/test.proterm.md\/ro\/wp-json\/wp\/v2\/product\/7959","targetHints":{"allow":["GET"]}}],"collection":[{"href":"https:\/\/test.proterm.md\/ro\/wp-json\/wp\/v2\/product"}],"about":[{"href":"https:\/\/test.proterm.md\/ro\/wp-json\/wp\/v2\/types\/product"}],"wp:featuredmedia":[{"embeddable":true,"href":"https:\/\/test.proterm.md\/ro\/wp-json\/wp\/v2\/media\/7961"}],"wp:attachment":[{"href":"https:\/\/test.proterm.md\/ro\/wp-json\/wp\/v2\/media?parent=7959"}],"wp:term":[{"taxonomy":"product_brand","embeddable":true,"href":"https:\/\/test.proterm.md\/ro\/wp-json\/wp\/v2\/product_brand?post=7959"},{"taxonomy":"product_cat","embeddable":true,"href":"https:\/\/test.proterm.md\/ro\/wp-json\/wp\/v2\/product_cat?post=7959"},{"taxonomy":"product_tag","embeddable":true,"href":"https:\/\/test.proterm.md\/ro\/wp-json\/wp\/v2\/product_tag?post=7959"}],"curies":[{"name":"wp","href":"https:\/\/api.w.org\/{rel}","templated":true}]}}