{"id":7633,"date":"2021-12-10T09:52:31","date_gmt":"2021-12-10T07:52:31","guid":{"rendered":"https:\/\/ecoterm.md\/?post_type=product&#038;p=7633"},"modified":"2025-05-30T14:08:40","modified_gmt":"2025-05-30T12:08:40","slug":"regulator-de-presiune-a-pompei-de-apa","status":"publish","type":"product","link":"https:\/\/test.proterm.md\/ro\/product\/regulator-de-presiune-a-pompei-de-apa\/","title":{"rendered":"Regulator de presiune a pompei de apa"},"content":{"rendered":"<p>Controlerul automat al pompei este un echipament de control al pompei inteligent complet electronic \u00een func\u021bie de starea apei detectat\u0103, \u021bevile de ap\u0103 \u0219i presiunea \u021bevii modific\u0103 datele pentru a porni \u0219i opri pompa. Poate \u00eenlocui complet un rezervor de presiune, un presostat, un dispozitiv de protec\u021bie a apei, cum ar fi supapa cu patru c\u0103i const\u00e2nd din sisteme tradi\u021bionale. Piesele \u0219i \u021bevile electrificate izolarea complet\u0103 \u0219i caseta de control de etan\u0219eitate ridicat\u0103, astfel \u00eenc\u00e2t controlerul s\u0103 aib\u0103 securitatea tradi\u021bional\u0103 de neegalat, integrarea este conceput\u0103 astfel \u00eenc\u00e2t atunci c\u00e2nd instala\u021bi, pute\u021bi economisi mai mult timp \u0219i materiale.<\/p>","protected":false},"excerpt":{"rendered":"<p>Tensiune nominal\u0103: 110V-120V sau 220V-240V<br \/>\nFrecventa: 50\/60Hz<br \/>\nDiametru: 1 &#8221;<br \/>\nProtectie: IP65<br \/>\nSelecta\u021bi presiunea de pornire: 1,5 bar sau 2.<br \/>\nPresiune maxima admisa: 10 bar<br \/>\nTemperatura ambientala maxima: 60 \u00b0C<br \/>\nMax. Curent: 10A<br \/>\nMax. Tensiune: 240V<br \/>\nMax. Presiune de lucru: 10 bar<\/p>\n","protected":false},"featured_media":7635,"template":"","meta":{"_joinchat":[]},"product_brand":[],"product_cat":[117],"product_tag":[286],"class_list":{"0":"post-7633","1":"product","2":"type-product","3":"status-publish","4":"has-post-thumbnail","6":"product_cat-piese-pentru-pompe","7":"product_tag-cacheng-brend","8":"pa_brand-cacheng-brend","10":"first","11":"instock","12":"shipping-taxable","13":"product-type-simple"},"_links":{"self":[{"href":"https:\/\/test.proterm.md\/ro\/wp-json\/wp\/v2\/product\/7633","targetHints":{"allow":["GET"]}}],"collection":[{"href":"https:\/\/test.proterm.md\/ro\/wp-json\/wp\/v2\/product"}],"about":[{"href":"https:\/\/test.proterm.md\/ro\/wp-json\/wp\/v2\/types\/product"}],"wp:featuredmedia":[{"embeddable":true,"href":"https:\/\/test.proterm.md\/ro\/wp-json\/wp\/v2\/media\/7635"}],"wp:attachment":[{"href":"https:\/\/test.proterm.md\/ro\/wp-json\/wp\/v2\/media?parent=7633"}],"wp:term":[{"taxonomy":"product_brand","embeddable":true,"href":"https:\/\/test.proterm.md\/ro\/wp-json\/wp\/v2\/product_brand?post=7633"},{"taxonomy":"product_cat","embeddable":true,"href":"https:\/\/test.proterm.md\/ro\/wp-json\/wp\/v2\/product_cat?post=7633"},{"taxonomy":"product_tag","embeddable":true,"href":"https:\/\/test.proterm.md\/ro\/wp-json\/wp\/v2\/product_tag?post=7633"}],"curies":[{"name":"wp","href":"https:\/\/api.w.org\/{rel}","templated":true}]}}