{"id":7614,"date":"2021-12-09T15:15:31","date_gmt":"2021-12-09T13:15:31","guid":{"rendered":"https:\/\/ecoterm.md\/?post_type=product&#038;p=7614"},"modified":"2025-05-30T14:08:40","modified_gmt":"2025-05-30T12:08:40","slug":"termostat-de-camera-danfoss-tpone-s-wi-fi","status":"publish","type":"product","link":"https:\/\/test.proterm.md\/ro\/product\/termostat-de-camera-danfoss-tpone-s-wi-fi\/","title":{"rendered":"Termostat de camera Danfoss TPOne-S WI-FI"},"content":{"rendered":"<p>Controlul inteligent al \u00eenc\u0103lzirii este acum mai u\u0219or dec\u00e2t oric\u00e2nd.<br \/>\nTermostatul nostru de camer\u0103 programabil Danfoss TPOne-S ofer\u0103 proprietarilor de case flexibilitatea de a-\u0219i controla \u00eenc\u0103lzirea \u0219i consumul de energie at\u00e2t acas\u0103, c\u00e2t \u0219i departe de cas\u0103.<br \/>\nUnde s\u0103 utiliza\u021bi TPOne-S?<br \/>\nTPOne-S este ideal pentru aproape orice sistem de \u00eenc\u0103lzire a locuin\u021bei cu sistem de boiler, de la case unifamiliale la case multifamiliale.<\/p>","protected":false},"excerpt":{"rendered":"<p>Conexiune Wi-Fi<br \/>\nControl de la distan\u021b\u0103 prin aplica\u021bia TPOne Heating<br \/>\nLa un TPOne-S pot fi conectate p\u00e2n\u0103 la 10 dispozitive mobile.<br \/>\nUn dispozitiv mobil cu aplica\u021bia de \u00eenc\u0103lzire TPOne poate fi conectat la 20 de termostate TPOne-S.<br \/>\nConexiune la internet criptat\u0103 securizat\u0103 prin serviciile cloud Danfoss<br \/>\nControl local complet \u00een absen\u021ba Wi-Fi \/ Internet<br \/>\nActiveaz\u0103 releul cazanului DBR RF<br \/>\nPlanificator de vacan\u021b\u0103<br \/>\nLimitele superioare \u0219i inferioare de temperatur\u0103<br \/>\nControl cu \u200b\u200bbuton tactil capacitiv<br \/>\nSelectabil \u00b0C sau \u00b0F pe afi\u0219aj<br \/>\nSemnal sonor de ap\u0103sare a butonului (op\u021bional)<br \/>\nSetarea temperaturii de protec\u021bie \u00eempotriva \u00eenghe\u021bului<br \/>\nTemporizator selectabil pentru ap\u0103 cald\u0103 menajer\u0103 (necesit\u0103 DBR suplimentar, v\u00e2ndut separat)<br \/>\nAfi\u0219are text clar (9 limbi)<br \/>\nTemporizator de service cazan<\/p>\n<p><a href=\"https:\/\/test.proterm.md\/wp-content\/uploads\/2021\/12\/danfos-tpone.pdf\" target=\"_blank\" rel=\"noopener\"><img decoding=\"async\" class=\"alignnone wp-image-7559\" src=\"https:\/\/test.proterm.md\/wp-content\/uploads\/2021\/12\/icopdf-min-300x300.png\" alt=\"\" width=\"34\" height=\"34\" srcset=\"https:\/\/test.proterm.md\/wp-content\/uploads\/2021\/12\/icopdf-min-300x300.png 300w, https:\/\/test.proterm.md\/wp-content\/uploads\/2021\/12\/icopdf-min-150x150.png 150w, https:\/\/test.proterm.md\/wp-content\/uploads\/2021\/12\/icopdf-min-250x250.png 250w, https:\/\/test.proterm.md\/wp-content\/uploads\/2021\/12\/icopdf-min-450x450.png 450w, https:\/\/test.proterm.md\/wp-content\/uploads\/2021\/12\/icopdf-min-500x500.png 500w, https:\/\/test.proterm.md\/wp-content\/uploads\/2021\/12\/icopdf-min-100x100.png 100w, https:\/\/test.proterm.md\/wp-content\/uploads\/2021\/12\/icopdf-min.png 512w\" sizes=\"(max-width: 34px) 100vw, 34px\" \/>Caracteristici<\/a><br \/>\n<a title=\"Instalation Guide\" href=\"https:\/\/test.proterm.md\/wp-content\/uploads\/2021\/12\/TPOne Instalation Guide.pdf\" target=\"_blank\" rel=\"noopener\"><img decoding=\"async\" class=\"alignnone wp-image-7559\" src=\"https:\/\/test.proterm.md\/wp-content\/uploads\/2021\/12\/icopdf-min-300x300.png\" alt=\"\" width=\"34\" height=\"34\" srcset=\"https:\/\/test.proterm.md\/wp-content\/uploads\/2021\/12\/icopdf-min-300x300.png 300w, https:\/\/test.proterm.md\/wp-content\/uploads\/2021\/12\/icopdf-min-150x150.png 150w, https:\/\/test.proterm.md\/wp-content\/uploads\/2021\/12\/icopdf-min-250x250.png 250w, https:\/\/test.proterm.md\/wp-content\/uploads\/2021\/12\/icopdf-min-450x450.png 450w, https:\/\/test.proterm.md\/wp-content\/uploads\/2021\/12\/icopdf-min-500x500.png 500w, https:\/\/test.proterm.md\/wp-content\/uploads\/2021\/12\/icopdf-min-100x100.png 100w, https:\/\/test.proterm.md\/wp-content\/uploads\/2021\/12\/icopdf-min.png 512w\" sizes=\"(max-width: 34px) 100vw, 34px\" \/>Ghid de instalare<\/a><\/p>\n","protected":false},"featured_media":7615,"template":"","meta":{"_joinchat":[]},"product_brand":[],"product_cat":[42,2221],"product_tag":[574],"class_list":{"0":"post-7614","1":"product","2":"type-product","3":"status-publish","4":"has-post-thumbnail","6":"product_cat-automatizari_elemente_de_actionare","7":"product_cat-thermostat","8":"product_tag-danfoss","9":"pa_brand-danfoss","11":"first","12":"instock","13":"shipping-taxable","14":"product-type-simple"},"_links":{"self":[{"href":"https:\/\/test.proterm.md\/ro\/wp-json\/wp\/v2\/product\/7614","targetHints":{"allow":["GET"]}}],"collection":[{"href":"https:\/\/test.proterm.md\/ro\/wp-json\/wp\/v2\/product"}],"about":[{"href":"https:\/\/test.proterm.md\/ro\/wp-json\/wp\/v2\/types\/product"}],"wp:featuredmedia":[{"embeddable":true,"href":"https:\/\/test.proterm.md\/ro\/wp-json\/wp\/v2\/media\/7615"}],"wp:attachment":[{"href":"https:\/\/test.proterm.md\/ro\/wp-json\/wp\/v2\/media?parent=7614"}],"wp:term":[{"taxonomy":"product_brand","embeddable":true,"href":"https:\/\/test.proterm.md\/ro\/wp-json\/wp\/v2\/product_brand?post=7614"},{"taxonomy":"product_cat","embeddable":true,"href":"https:\/\/test.proterm.md\/ro\/wp-json\/wp\/v2\/product_cat?post=7614"},{"taxonomy":"product_tag","embeddable":true,"href":"https:\/\/test.proterm.md\/ro\/wp-json\/wp\/v2\/product_tag?post=7614"}],"curies":[{"name":"wp","href":"https:\/\/api.w.org\/{rel}","templated":true}]}}