{"id":7576,"date":"2021-12-08T16:29:37","date_gmt":"2021-12-08T14:29:37","guid":{"rendered":"https:\/\/ecoterm.md\/?post_type=product&#038;p=7576"},"modified":"2025-05-30T14:08:40","modified_gmt":"2025-05-30T12:08:40","slug":"centralina-climac-4c","status":"publish","type":"product","link":"https:\/\/test.proterm.md\/ro\/product\/centralina-climac-4c\/","title":{"rendered":"Centralina Climac 4C"},"content":{"rendered":"<p>Controlerul de clim\u0103 RE150 a fost proiectat pentru a oferi confort maxim \u00eentr-o mare varietate de medii. RE150 garanteaz\u0103 optimizarea consumului de combustibil prin reglarea temperaturii de alimentare cu ap\u0103 cald\u0103 \u00een sistemele de \u00eenc\u0103lzire. Se adapteaz\u0103 tuturor zonelor climatice precum \u0219i oric\u0103rui sistem de \u00eenc\u0103lzire, cum ar fi calorifere, panouri radiante, convectoare \u0219i sisteme de \u00eenc\u0103lzire \u00een pardoseal\u0103. Acest compensator electronic m\u0103soar\u0103 mai \u00eent\u00e2i temperatura exterioar\u0103 (\u00een afara cl\u0103dirii) cu ajutorul senzorului de temperatur\u0103 exterioar\u0103, apoi o compar\u0103 cu debitul de \u00eenc\u0103lzire m\u0103surat \u00een amonte de vana de amestec (senzor de temperatur\u0103 de ie\u0219ire a apei calde) \u0219i \u00een final activeaz\u0103 servomotorul supapei \u00een consecin\u021b\u0103.<br \/>\nUnitatea de climatizare este proiectata pentru a fi montata pe un perete sau in fata unui mistret.<\/p>","protected":false},"excerpt":{"rendered":"<p>Ceas de programare analogic<br \/>\nDiagrama curbei de control<br \/>\nButon de control al temperaturii de confort<br \/>\nButon de control al sc\u0103derii temperaturii<br \/>\nComutator rotativ cu 6 pozi\u021bii pentru selectarea func\u021biei<br \/>\nControlul pantei \u0219i corectarea curbei<br \/>\nSenzor extern (ZT 119) \u0219i senzor de desc\u0103rcare (ZT 120)<br \/>\nTemperatura de lucru: 0 \u00f7 40\u00b0C Temperatura<br \/>\ndepozitare -10 \u00f7 +50 \u00b0 C<br \/>\nUmiditate de lucru: 15 \u00f7 90%<br \/>\numiditate relativa Alimentare: 230Vac-50Hz (-15 \/ + 10%)<br \/>\nConsum de energie 2,8 VA<br \/>\nTemperatura exterioar\u0103 Sond\u0103 de montare pe perete (inclus\u0103)<br \/>\nSenzor de temperatur\u0103 pe tur pentru montarea \u021bevii (inclus)<br \/>\nInstalare: pentru montare pe panou sau pe perete<br \/>\nPutere de contact 230 VAC curent-1A<br \/>\nDimensiune 144x144x110 mm<\/p>\n<p>&nbsp;<\/p>\n","protected":false},"featured_media":7577,"template":"","meta":{"_joinchat":[]},"product_brand":[],"product_cat":[42],"product_tag":[576],"class_list":{"0":"post-7576","1":"product","2":"type-product","3":"status-publish","4":"has-post-thumbnail","6":"product_cat-automatizari_elemente_de_actionare","7":"product_tag-tecnocontrol","8":"pa_brand-tecnocontrol","10":"first","11":"instock","12":"shipping-taxable","13":"product-type-simple"},"_links":{"self":[{"href":"https:\/\/test.proterm.md\/ro\/wp-json\/wp\/v2\/product\/7576","targetHints":{"allow":["GET"]}}],"collection":[{"href":"https:\/\/test.proterm.md\/ro\/wp-json\/wp\/v2\/product"}],"about":[{"href":"https:\/\/test.proterm.md\/ro\/wp-json\/wp\/v2\/types\/product"}],"wp:featuredmedia":[{"embeddable":true,"href":"https:\/\/test.proterm.md\/ro\/wp-json\/wp\/v2\/media\/7577"}],"wp:attachment":[{"href":"https:\/\/test.proterm.md\/ro\/wp-json\/wp\/v2\/media?parent=7576"}],"wp:term":[{"taxonomy":"product_brand","embeddable":true,"href":"https:\/\/test.proterm.md\/ro\/wp-json\/wp\/v2\/product_brand?post=7576"},{"taxonomy":"product_cat","embeddable":true,"href":"https:\/\/test.proterm.md\/ro\/wp-json\/wp\/v2\/product_cat?post=7576"},{"taxonomy":"product_tag","embeddable":true,"href":"https:\/\/test.proterm.md\/ro\/wp-json\/wp\/v2\/product_tag?post=7576"}],"curies":[{"name":"wp","href":"https:\/\/api.w.org\/{rel}","templated":true}]}}