{"id":7543,"date":"2021-12-08T10:16:19","date_gmt":"2021-12-08T08:16:19","guid":{"rendered":"https:\/\/ecoterm.md\/?post_type=product&#038;p=7543"},"modified":"2025-05-30T14:08:58","modified_gmt":"2025-05-30T12:08:58","slug":"cronotermostat-digital-cablu-tecnocontrol-opera","status":"publish","type":"product","link":"https:\/\/test.proterm.md\/ro\/product\/cronotermostat-digital-cablu-tecnocontrol-opera\/","title":{"rendered":"Cronotermostat digital cablu TecnoControl Opera"},"content":{"rendered":"<p>Cronotermostat digital incorporat OPERA cu display iluminat din spate. Programare zilnic\u0103 \u0219i s\u0103pt\u0103m\u00e2nal\u0103. Alimentat prin cablu<\/p>","protected":false},"excerpt":{"rendered":"<p>Cronotermostat digital iluminat de zi \u0219i s\u0103pt\u0103m\u00e2nal \u00eencorporat pentru gamele de uz casnic modulare, ceea ce face u\u0219oar\u0103 programarea oric\u0103rei temperaturi \u00een intervalul reglabil la orice or\u0103 din zi pentru toate zilele s\u0103pt\u0103m\u00e2nii. Echipat cu un suport cu trei module, care v\u0103 permite s\u0103-l scoate\u021bi cu u\u0219urin\u021b\u0103 din carcas\u0103 \u0219i s\u0103 \u00eel programa\u021bi, r\u0103m\u00e2n\u00e2nd \u00een acela\u0219i timp confortabil pe scaun. Interschimbabil cu cronotermostat GREEN \u0219i termostate ARTE, DAY \u0219i T-TOUCH. Echipat cu 3 suporturi modulare pentru cele mai comune pl\u0103ci din seria civil\u0103.<\/p>\n<p>Producator &#8211; Italia<\/p>\n<p><a href=\"https:\/\/ecoterm.md\/wp-content\/uploads\/2021\/12\/operaistr.pdf\" target=\"_blank\" rel=\"noopener\">Intructiuni de instalare.pdf<\/a><\/p>\n","protected":false},"featured_media":7545,"template":"","meta":{"_joinchat":[]},"product_brand":[],"product_cat":[42],"product_tag":[576],"class_list":{"0":"post-7543","1":"product","2":"type-product","3":"status-publish","4":"has-post-thumbnail","6":"product_cat-automatizari_elemente_de_actionare","7":"product_tag-tecnocontrol","8":"pa_brand-tecnocontrol","10":"first","11":"instock","12":"shipping-taxable","13":"product-type-simple"},"_links":{"self":[{"href":"https:\/\/test.proterm.md\/ro\/wp-json\/wp\/v2\/product\/7543","targetHints":{"allow":["GET"]}}],"collection":[{"href":"https:\/\/test.proterm.md\/ro\/wp-json\/wp\/v2\/product"}],"about":[{"href":"https:\/\/test.proterm.md\/ro\/wp-json\/wp\/v2\/types\/product"}],"wp:featuredmedia":[{"embeddable":true,"href":"https:\/\/test.proterm.md\/ro\/wp-json\/wp\/v2\/media\/7545"}],"wp:attachment":[{"href":"https:\/\/test.proterm.md\/ro\/wp-json\/wp\/v2\/media?parent=7543"}],"wp:term":[{"taxonomy":"product_brand","embeddable":true,"href":"https:\/\/test.proterm.md\/ro\/wp-json\/wp\/v2\/product_brand?post=7543"},{"taxonomy":"product_cat","embeddable":true,"href":"https:\/\/test.proterm.md\/ro\/wp-json\/wp\/v2\/product_cat?post=7543"},{"taxonomy":"product_tag","embeddable":true,"href":"https:\/\/test.proterm.md\/ro\/wp-json\/wp\/v2\/product_tag?post=7543"}],"curies":[{"name":"wp","href":"https:\/\/api.w.org\/{rel}","templated":true}]}}