{"id":7511,"date":"2021-12-07T08:36:06","date_gmt":"2021-12-07T06:36:06","guid":{"rendered":"https:\/\/ecoterm.md\/?post_type=product&#038;p=7511"},"modified":"2025-05-30T14:08:59","modified_gmt":"2025-05-30T12:08:59","slug":"vana-de-amestec-cu-3-cai-mut-vdf3-o2f","status":"publish","type":"product","link":"https:\/\/test.proterm.md\/ro\/product\/vana-de-amestec-cu-3-cai-mut-vdf3-o2f\/","title":{"rendered":"Vana de amestec cu 3 cai MUT VDF3  \u00d82&#8243;F"},"content":{"rendered":"<p>Vana de amestec cu flan\u0219\u0103 din font\u0103 din aceast\u0103 serie sunt proiectate pentru a asigura o temperatur\u0103 ridicat\u0103 a lichidului de r\u0103cire care revine \u00een cazan \u0219i, \u00een consecin\u021b\u0103, pentru a cre\u0219te eficien\u021ba \u0219i a proteja echipamentul cazanului. Sarcina vanei cu trei c\u0103i MUT VDF 3 DN50 este de a preveni condensul de umezeal\u0103 pe conducta din fa\u021ba cazanului \u0219i \u00een schimb\u0103torul de c\u0103ldur\u0103. Formarea condensului pe pere\u021bii schimb\u0103torului de c\u0103ldur\u0103, camera de ardere, \u00een combina\u021bie cu gazele de ardere, duce la apari\u021bia amestecurilor cu propriet\u0103\u021bi corozive. Apari\u021bia condensului \u00een cazan provoac\u0103 coroziune la temperatur\u0103 sc\u0103zut\u0103 \u0219i scurteaz\u0103 drastic durata de via\u021b\u0103 a cazanului.<\/p>\n<p>Supapa este furnizat\u0103 cu control manual. Pentru control automat, supapa poate fi echipat\u0103 cu motoare MUT M, V sau alt produc\u0103tor. Corp de supap\u0103 \u0219i rotor din font\u0103. Corpul de reglare este realizat sub forma unui segment circular cu un unghi de rota\u021bie de aproximativ 90\u00b0. Amestecare liniar\u0103.<\/p>","protected":false},"excerpt":{"rendered":"<p>Tara de origine: Italia<br \/>\nActionare rotor maxima: 90 C\u00b0<br \/>\nTemperatura flux: 2-110 C\u00b0<br \/>\nDiametru: \u00d8 2&#8243; F<br \/>\nDebit \u00b180 m\u00b3\/h<\/p>\n<p><a href=\"https:\/\/test.proterm.md\/wp-content\/uploads\/2024\/10\/Mut-2024-Catalogue_eng.pdf\" target=\"_blank\" rel=\"noopener\"><img decoding=\"async\" class=\"alignnone wp-image-7559\" src=\"https:\/\/test.proterm.md\/wp-content\/uploads\/2021\/12\/icopdf-min-250x250.png\" alt=\"\" width=\"32\" height=\"32\" srcset=\"https:\/\/test.proterm.md\/wp-content\/uploads\/2021\/12\/icopdf-min-250x250.png 250w, https:\/\/test.proterm.md\/wp-content\/uploads\/2021\/12\/icopdf-min-150x150.png 150w, https:\/\/test.proterm.md\/wp-content\/uploads\/2021\/12\/icopdf-min-450x450.png 450w, https:\/\/test.proterm.md\/wp-content\/uploads\/2021\/12\/icopdf-min-300x300.png 300w, https:\/\/test.proterm.md\/wp-content\/uploads\/2021\/12\/icopdf-min-500x500.png 500w, https:\/\/test.proterm.md\/wp-content\/uploads\/2021\/12\/icopdf-min-100x100.png 100w, https:\/\/test.proterm.md\/wp-content\/uploads\/2021\/12\/icopdf-min.png 512w\" sizes=\"(max-width: 32px) 100vw, 32px\" \/><\/a><a href=\"https:\/\/test.proterm.md\/wp-content\/uploads\/2024\/10\/Mut-2024-Catalogue_eng.pdf\" target=\"_blank\" rel=\"noopener\">Catalog produse<\/a><\/p>\n<p><a href=\"https:\/\/test.proterm.md\/wp-content\/uploads\/2024\/10\/MUT-Valvola-serie-1000-_INGLESE.mp4\" target=\"_blank\" rel=\"noopener\"><img decoding=\"async\" class=\"alignnone size-full wp-image-7732\" src=\"https:\/\/test.proterm.md\/wp-content\/uploads\/2021\/02\/video.png\" alt=\"Video Player\" width=\"40\" height=\"40\" \/> Despre produs 1<\/a><\/p>\n<p data-wp-editing=\"1\"><a href=\"https:\/\/test.proterm.md\/wp-content\/uploads\/2024\/10\/INVERSIONE-VIE-VM-1000.mp4\" target=\"_blank\" rel=\"noopener\"><img decoding=\"async\" class=\"alignnone size-full wp-image-7732\" src=\"https:\/\/test.proterm.md\/wp-content\/uploads\/2021\/02\/video.png\" alt=\"Video Player\" width=\"40\" height=\"40\" \/> <\/a><a href=\"https:\/\/test.proterm.md\/wp-content\/uploads\/2024\/10\/INVERSIONE-VIE-VM-1000.mp4\" target=\"_blank\" rel=\"noopener\">Despre produs 2<\/a><\/p>\n<p><a href=\"https:\/\/test.proterm.md\/wp-content\/uploads\/2024\/10\/SMONTAGGIO-COMPONENTI-VM-1000.mp4\" target=\"_blank\" rel=\"noopener\"><img decoding=\"async\" class=\"alignnone size-full wp-image-7732\" src=\"https:\/\/test.proterm.md\/wp-content\/uploads\/2021\/02\/video.png\" alt=\"Video Player\" width=\"40\" height=\"40\" \/> Despre produs 3<\/a><\/p>\n<p><a href=\"https:\/\/test.proterm.md\/wp-content\/uploads\/2024\/10\/RIMONTAGGIO-COMPONENTI-VM-1000.mp4\" target=\"_blank\" rel=\"noopener\"><img decoding=\"async\" class=\"alignnone size-full wp-image-7732\" src=\"https:\/\/test.proterm.md\/wp-content\/uploads\/2021\/02\/video.png\" alt=\"Video Player\" width=\"40\" height=\"40\" \/> Despre produs 4<\/a><\/p>\n","protected":false},"featured_media":7512,"template":"","meta":{"_joinchat":[]},"product_brand":[],"product_cat":[42,2281],"product_tag":[571],"class_list":{"0":"post-7511","1":"product","2":"type-product","3":"status-publish","4":"has-post-thumbnail","6":"product_cat-automatizari_elemente_de_actionare","7":"product_cat-robineti-industriali","8":"product_tag-mut-meccanica-tovo","9":"pa_brand-mut-meccanica-tovo-logo","10":"pa_name-boiler-vana-de-amestec","12":"first","13":"instock","14":"shipping-taxable","15":"product-type-simple"},"_links":{"self":[{"href":"https:\/\/test.proterm.md\/ro\/wp-json\/wp\/v2\/product\/7511","targetHints":{"allow":["GET"]}}],"collection":[{"href":"https:\/\/test.proterm.md\/ro\/wp-json\/wp\/v2\/product"}],"about":[{"href":"https:\/\/test.proterm.md\/ro\/wp-json\/wp\/v2\/types\/product"}],"wp:featuredmedia":[{"embeddable":true,"href":"https:\/\/test.proterm.md\/ro\/wp-json\/wp\/v2\/media\/7512"}],"wp:attachment":[{"href":"https:\/\/test.proterm.md\/ro\/wp-json\/wp\/v2\/media?parent=7511"}],"wp:term":[{"taxonomy":"product_brand","embeddable":true,"href":"https:\/\/test.proterm.md\/ro\/wp-json\/wp\/v2\/product_brand?post=7511"},{"taxonomy":"product_cat","embeddable":true,"href":"https:\/\/test.proterm.md\/ro\/wp-json\/wp\/v2\/product_cat?post=7511"},{"taxonomy":"product_tag","embeddable":true,"href":"https:\/\/test.proterm.md\/ro\/wp-json\/wp\/v2\/product_tag?post=7511"}],"curies":[{"name":"wp","href":"https:\/\/api.w.org\/{rel}","templated":true}]}}