{"id":7499,"date":"2021-12-06T14:45:44","date_gmt":"2021-12-06T12:45:44","guid":{"rendered":"https:\/\/ecoterm.md\/?post_type=product&#038;p=7499"},"modified":"2025-05-30T14:08:59","modified_gmt":"2025-05-30T12:08:59","slug":"servomotor-siemens-sas-61-03","status":"publish","type":"product","link":"https:\/\/test.proterm.md\/ro\/product\/servomotor-siemens-sas-61-03\/","title":{"rendered":"Servomotor Siemens SAS 61.03"},"content":{"rendered":"<p>Servomotorul SAS61.03 este utilizat pentru supapele cu glob cu curs\u0103 de 5,5 mm. F\u0103r\u0103 arc de retur (nu se recomand\u0103 instalarea pe ACM). Folosit pentru controlul supapelor de control sau supapelor de \u00eenchidere \u00een sistemele de \u00eenc\u0103lzire \u0219i ventila\u021bie.<br \/>\nEste conectat la controlere cu un semnal de control 0-10V.<\/p>","protected":false},"excerpt":{"rendered":"<p>For\u021ba &#8211; 400 Nm<br \/>\nTimp de pozi\u021bionare, sec. 30<br \/>\nTimp de r\u0103spuns, sec. 30<br \/>\nUmiditate ambiental\u0103 admis\u0103 5 &#8230; 95% rel.<br \/>\nClasa de protectie &#8211; IP54<br \/>\nCondi\u021bii climatice de func\u021bionare &#8211; Clasa 2K3<br \/>\nTensiune de func\u021bionare &#8211; AC \/ DC 24 V<br \/>\nTemperatura mediului -5 &#8230; 55 C<br \/>\nTemperatura agentului termic -10 &#8230; 120 \u00b0C<br \/>\nTip &#8211; Electromecanic<br \/>\nTip de control &#8211; 0-10 V<br \/>\nCursa stoc &#8211; 5,5 mm<br \/>\nDimensiuni (Lxlxh), cm.16,6 x 11,1 x 8,8<br \/>\nGreutate, kg 0,456<\/p>\n","protected":false},"featured_media":7500,"template":"","meta":{"_joinchat":[]},"product_brand":[],"product_cat":[42],"product_tag":[559],"class_list":{"0":"post-7499","1":"product","2":"type-product","3":"status-publish","4":"has-post-thumbnail","6":"product_cat-automatizari_elemente_de_actionare","7":"product_tag-siemens","8":"pa_brand-siemens","10":"first","11":"instock","12":"shipping-taxable","13":"product-type-simple"},"_links":{"self":[{"href":"https:\/\/test.proterm.md\/ro\/wp-json\/wp\/v2\/product\/7499","targetHints":{"allow":["GET"]}}],"collection":[{"href":"https:\/\/test.proterm.md\/ro\/wp-json\/wp\/v2\/product"}],"about":[{"href":"https:\/\/test.proterm.md\/ro\/wp-json\/wp\/v2\/types\/product"}],"wp:featuredmedia":[{"embeddable":true,"href":"https:\/\/test.proterm.md\/ro\/wp-json\/wp\/v2\/media\/7500"}],"wp:attachment":[{"href":"https:\/\/test.proterm.md\/ro\/wp-json\/wp\/v2\/media?parent=7499"}],"wp:term":[{"taxonomy":"product_brand","embeddable":true,"href":"https:\/\/test.proterm.md\/ro\/wp-json\/wp\/v2\/product_brand?post=7499"},{"taxonomy":"product_cat","embeddable":true,"href":"https:\/\/test.proterm.md\/ro\/wp-json\/wp\/v2\/product_cat?post=7499"},{"taxonomy":"product_tag","embeddable":true,"href":"https:\/\/test.proterm.md\/ro\/wp-json\/wp\/v2\/product_tag?post=7499"}],"curies":[{"name":"wp","href":"https:\/\/api.w.org\/{rel}","templated":true}]}}