{"id":7484,"date":"2021-12-06T12:36:35","date_gmt":"2021-12-06T10:36:35","guid":{"rendered":"https:\/\/ecoterm.md\/?post_type=product&#038;p=7484"},"modified":"2025-05-30T14:08:59","modified_gmt":"2025-05-30T12:08:59","slug":"servomotor-emmeti","status":"publish","type":"product","link":"https:\/\/test.proterm.md\/ro\/product\/servomotor-emmeti\/","title":{"rendered":"Servomotor EMMETI"},"content":{"rendered":"<p>Servomotorul Modulo este potrivit\u0103 pentru sistemele de \u00eenc\u0103lzire de zon\u0103, precum \u0219i pentru sistemele automate de irigare \u0219i alte sisteme cu lichide calde \u0219i neagresive \u00een cl\u0103diri reziden\u021biale \u0219i industriale.<br \/>\nServomotorul are dou\u0103 ferestre de semnal care indic\u0103 starea \u201eSupapa deschis\u0103\u201d. \u00cen plus, este prev\u0103zut un contact auxiliar.<\/p>","protected":false},"excerpt":{"rendered":"<p>Mediu de lucru &#8211; ap\u0103 sau orice lichid compatibil cu PTFE<br \/>\nTemperatura medie &#8211; 0 &#8230; + 50 \u00b0C<br \/>\nPresiune nominal\u0103 &#8211; 6 bar<br \/>\nTensiune de alimentare &#8211; 220V, 5Va<br \/>\nContact liber &#8211; 5A<br \/>\nTimp de r\u0103spuns &#8211; 2 c\u0103i &#8211; 60 s, 3 c\u0103i &#8211; 120 s, 4 c\u0103i &#8211; 60 \/ 180 s.<br \/>\nClasa de izolare &#8211; IP55<br \/>\nTara de origine &#8211; Italia<br \/>\nAbsorb\u021bie &#8211; 4VA<br \/>\nLimite de func\u021bionare lichid &#8211; -40 \u00b0C \u00b1 100 \u00b0C<\/p>\n","protected":false},"featured_media":7486,"template":"","meta":{"_joinchat":[]},"product_brand":[],"product_cat":[42],"product_tag":[216],"class_list":{"0":"post-7484","1":"product","2":"type-product","3":"status-publish","4":"has-post-thumbnail","6":"product_cat-automatizari_elemente_de_actionare","7":"product_tag-emmeti","8":"pa_brand-fiv-emmeti","10":"first","11":"instock","12":"shipping-taxable","13":"product-type-simple"},"_links":{"self":[{"href":"https:\/\/test.proterm.md\/ro\/wp-json\/wp\/v2\/product\/7484","targetHints":{"allow":["GET"]}}],"collection":[{"href":"https:\/\/test.proterm.md\/ro\/wp-json\/wp\/v2\/product"}],"about":[{"href":"https:\/\/test.proterm.md\/ro\/wp-json\/wp\/v2\/types\/product"}],"wp:featuredmedia":[{"embeddable":true,"href":"https:\/\/test.proterm.md\/ro\/wp-json\/wp\/v2\/media\/7486"}],"wp:attachment":[{"href":"https:\/\/test.proterm.md\/ro\/wp-json\/wp\/v2\/media?parent=7484"}],"wp:term":[{"taxonomy":"product_brand","embeddable":true,"href":"https:\/\/test.proterm.md\/ro\/wp-json\/wp\/v2\/product_brand?post=7484"},{"taxonomy":"product_cat","embeddable":true,"href":"https:\/\/test.proterm.md\/ro\/wp-json\/wp\/v2\/product_cat?post=7484"},{"taxonomy":"product_tag","embeddable":true,"href":"https:\/\/test.proterm.md\/ro\/wp-json\/wp\/v2\/product_tag?post=7484"}],"curies":[{"name":"wp","href":"https:\/\/api.w.org\/{rel}","templated":true}]}}