{"id":7319,"date":"2021-11-29T14:35:29","date_gmt":"2021-11-29T12:35:29","guid":{"rendered":"https:\/\/ecoterm.md\/?post_type=product&#038;p=7319"},"modified":"2025-05-30T14:09:52","modified_gmt":"2025-05-30T12:09:52","slug":"sonda-clipsa-arca-caldaie-trs-42","status":"publish","type":"product","link":"https:\/\/test.proterm.md\/ro\/product\/sonda-clipsa-arca-caldaie-trs-42\/","title":{"rendered":"Sonda clipsa ARCA Caldaie TRS 42"},"content":{"rendered":"","protected":false},"excerpt":{"rendered":"<p>Senzorul NTC pentru cazane pe gaz ARCA Caldaie si la multe altele (Senzor Tempereche Negativ) masoara temperatura apei din circuitul de incalzire si din circuit. Semnalul de la senzor ajunge la placa electronic\u0103 de control a cazanului. C\u00e2nd temperatura lichidului de r\u0103cire se modific\u0103, rezisten\u021ba termistorului din interiorul senzorului se modific\u0103. Cu c\u00e2t temperatura apei este mai mare, cu at\u00e2t rezisten\u021ba senzorului este mai mic\u0103. Placa de control compar\u0103 constant temperatura detectat\u0103 de senzorul NTC cu temperatura setat\u0103 pe panoul de control al cazanului. \u00cen func\u021bie de aceste date, placa de control modific\u0103 tensiunea la bobina de modulare a supapei de gaz.<br \/>\nProductie: Italia<\/p>\n","protected":false},"featured_media":7320,"template":"","meta":{"_joinchat":[]},"product_brand":[],"product_cat":[123],"product_tag":[126],"class_list":{"0":"post-7319","1":"product","2":"type-product","3":"status-publish","4":"has-post-thumbnail","6":"product_cat-piese_de_schimb_centrale_termice","7":"product_tag-arca","8":"pa_brand-arca","10":"first","11":"instock","12":"shipping-taxable","13":"product-type-simple"},"_links":{"self":[{"href":"https:\/\/test.proterm.md\/ro\/wp-json\/wp\/v2\/product\/7319","targetHints":{"allow":["GET"]}}],"collection":[{"href":"https:\/\/test.proterm.md\/ro\/wp-json\/wp\/v2\/product"}],"about":[{"href":"https:\/\/test.proterm.md\/ro\/wp-json\/wp\/v2\/types\/product"}],"wp:featuredmedia":[{"embeddable":true,"href":"https:\/\/test.proterm.md\/ro\/wp-json\/wp\/v2\/media\/7320"}],"wp:attachment":[{"href":"https:\/\/test.proterm.md\/ro\/wp-json\/wp\/v2\/media?parent=7319"}],"wp:term":[{"taxonomy":"product_brand","embeddable":true,"href":"https:\/\/test.proterm.md\/ro\/wp-json\/wp\/v2\/product_brand?post=7319"},{"taxonomy":"product_cat","embeddable":true,"href":"https:\/\/test.proterm.md\/ro\/wp-json\/wp\/v2\/product_cat?post=7319"},{"taxonomy":"product_tag","embeddable":true,"href":"https:\/\/test.proterm.md\/ro\/wp-json\/wp\/v2\/product_tag?post=7319"}],"curies":[{"name":"wp","href":"https:\/\/api.w.org\/{rel}","templated":true}]}}