{"id":7241,"date":"2026-04-02T14:08:20","date_gmt":"2026-04-02T12:08:20","guid":{"rendered":"https:\/\/ecoterm.md\/?post_type=product&#038;p=7241"},"modified":"2026-04-02T14:08:20","modified_gmt":"2026-04-02T12:08:20","slug":"niplu-ape-demontabil-16x1-2m","status":"publish","type":"product","link":"https:\/\/test.proterm.md\/ro\/product\/niplu-ape-demontabil-16x1-2m\/","title":{"rendered":"Niplu APE demontabil 16&#215;1\/2M"},"content":{"rendered":"<p>Niplurile la stringere sunt proiecta\u021bi pentru a crea conexiuni de sertizare deta\u0219abile ale conductelor din \u0435evi din metal-multistrat (PEX-AL-PEX, PE-AL-PE, PEX-AL-PE, PERT-AL-PE etc.) \u00een alimentarea cu ap\u0103 potabil\u0103 \u0219i utilit\u0103\u021bi. sisteme, sisteme de alimentare cu ap\u0103 cald\u0103, \u00eenc\u0103lzire, precum \u0219i pe conducte tehnologice de transport de lichide. Tara producatoare \u2013 Italia.<\/p>","protected":false},"excerpt":{"rendered":"<div class=\"woocommerce-product-details__short-description\">\n<p>Tip &#8211; niplu demontabil<br \/>\nTip filet &#8211; filet \/ extern<br \/>\nDiametrul tevii &#8211; 16 mm<br \/>\nPresiune maxima &#8211; 16 bar<br \/>\nMaterial &#8211; alama<br \/>\nTemperatura de lucru -25 +120 \u00b0 \u0421<br \/>\nMaterial conducta &#8211; multistrat PE-Xb \/ AL \/ PE-Xb (conform UNI 21003)<br \/>\nScop &#8211; alimentare cu apa \/ incalzire<\/p>\n<\/div>\n","protected":false},"featured_media":7249,"template":"","meta":{"_joinchat":[]},"product_brand":[],"product_cat":[545],"product_tag":[2317],"class_list":{"0":"post-7241","1":"product","2":"type-product","3":"status-publish","4":"has-post-thumbnail","6":"product_cat-fitinguri_cheie_demontabile_pex-al_ape_italia","7":"product_tag-ape-racorderie","8":"pa_brand-ape-raccorderie","9":"pa_connections-straight-connection","10":"pa_diametru-408","11":"pa_filet-1-2","12":"pa_thread-type-outside","14":"first","15":"instock","16":"shipping-taxable","17":"product-type-simple"},"_links":{"self":[{"href":"https:\/\/test.proterm.md\/ro\/wp-json\/wp\/v2\/product\/7241","targetHints":{"allow":["GET"]}}],"collection":[{"href":"https:\/\/test.proterm.md\/ro\/wp-json\/wp\/v2\/product"}],"about":[{"href":"https:\/\/test.proterm.md\/ro\/wp-json\/wp\/v2\/types\/product"}],"wp:featuredmedia":[{"embeddable":true,"href":"https:\/\/test.proterm.md\/ro\/wp-json\/wp\/v2\/media\/7249"}],"wp:attachment":[{"href":"https:\/\/test.proterm.md\/ro\/wp-json\/wp\/v2\/media?parent=7241"}],"wp:term":[{"taxonomy":"product_brand","embeddable":true,"href":"https:\/\/test.proterm.md\/ro\/wp-json\/wp\/v2\/product_brand?post=7241"},{"taxonomy":"product_cat","embeddable":true,"href":"https:\/\/test.proterm.md\/ro\/wp-json\/wp\/v2\/product_cat?post=7241"},{"taxonomy":"product_tag","embeddable":true,"href":"https:\/\/test.proterm.md\/ro\/wp-json\/wp\/v2\/product_tag?post=7241"}],"curies":[{"name":"wp","href":"https:\/\/api.w.org\/{rel}","templated":true}]}}