{"id":7055,"date":"2021-11-18T12:59:46","date_gmt":"2021-11-18T10:59:46","guid":{"rendered":"https:\/\/ecoterm.md\/?post_type=product&#038;p=7055"},"modified":"2025-05-30T14:11:00","modified_gmt":"2025-05-30T12:11:00","slug":"sistem-automat-de-alimentare-emmeti-1-2-mf-cu-manometru","status":"publish","type":"product","link":"https:\/\/test.proterm.md\/ro\/product\/sistem-automat-de-alimentare-emmeti-1-2-mf-cu-manometru\/","title":{"rendered":"Sistem automat de alimentare EMMETI 1\/2&#8243; MF cu manometru"},"content":{"rendered":"<p>Un sistem de \u00eenc\u0103lzire stabil \u0219i func\u021bional este o necesitate pentru orice cl\u0103dire reziden\u021bial\u0103. Mi\u0219carea lichidului de r\u0103cire depinde direct de volumul de lichid din sistemul de \u00eenc\u0103lzire. \u00cen consecin\u021b\u0103, o supap\u0103 de completare este necesar\u0103 \u00een orice caz. Exist\u0103 o explica\u021bie pentru aceasta: chiar dac\u0103 respecta\u021bi toate regulile \u0219i cerin\u021bele, vor exista \u00een continuare scurgeri de lichid, de exemplu, prin conexiunile conductelor, supapa lui Mayevsky sau o etan\u0219are l\u00e2ng\u0103 pompa de circula\u021bie etc. \u00cen general, aceasta este o cantitate nesemnificativ\u0103 de lichid de r\u0103cire, cu toate acestea, dup\u0103 o anumit\u0103 perioad\u0103 de timp, poate exista o pierdere vizibil\u0103 de volum.<\/p>","protected":false},"excerpt":{"rendered":"<p>Producator &#8211; EMMETI<br \/>\nTara de origine &#8211; Italia<br \/>\nMediu de lucru &#8211; ap\u0103<br \/>\nTip conexiune &#8211; Cuplaj<br \/>\nDiametru filet &#8211; 1\/2 &#8222;HP \/ BP<br \/>\nMax. presiune de lucru &#8211; 10 bar<br \/>\nMax. temperatura de lucru &#8211; 40 \u00b0\u0421<br \/>\nMaterial &#8211; alam\u0103<\/p>\n","protected":false},"featured_media":7056,"template":"","meta":{"_joinchat":[]},"product_brand":[],"product_cat":[115,71],"product_tag":[411],"class_list":{"0":"post-7055","1":"product","2":"type-product","3":"status-publish","4":"has-post-thumbnail","6":"product_cat-reductor_presiune","7":"product_cat-robineti_racorduri","8":"product_tag-fiv","9":"pa_brand-fiv-emmeti","10":"pa_filet-1-2","11":"pa_thread-type-combined","13":"first","14":"instock","15":"shipping-taxable","16":"product-type-simple"},"_links":{"self":[{"href":"https:\/\/test.proterm.md\/ro\/wp-json\/wp\/v2\/product\/7055","targetHints":{"allow":["GET"]}}],"collection":[{"href":"https:\/\/test.proterm.md\/ro\/wp-json\/wp\/v2\/product"}],"about":[{"href":"https:\/\/test.proterm.md\/ro\/wp-json\/wp\/v2\/types\/product"}],"wp:featuredmedia":[{"embeddable":true,"href":"https:\/\/test.proterm.md\/ro\/wp-json\/wp\/v2\/media\/7056"}],"wp:attachment":[{"href":"https:\/\/test.proterm.md\/ro\/wp-json\/wp\/v2\/media?parent=7055"}],"wp:term":[{"taxonomy":"product_brand","embeddable":true,"href":"https:\/\/test.proterm.md\/ro\/wp-json\/wp\/v2\/product_brand?post=7055"},{"taxonomy":"product_cat","embeddable":true,"href":"https:\/\/test.proterm.md\/ro\/wp-json\/wp\/v2\/product_cat?post=7055"},{"taxonomy":"product_tag","embeddable":true,"href":"https:\/\/test.proterm.md\/ro\/wp-json\/wp\/v2\/product_tag?post=7055"}],"curies":[{"name":"wp","href":"https:\/\/api.w.org\/{rel}","templated":true}]}}