{"id":7020,"date":"2021-11-17T10:51:17","date_gmt":"2021-11-17T08:51:17","guid":{"rendered":"https:\/\/ecoterm.md\/?post_type=product&#038;p=7020"},"modified":"2025-05-30T14:11:01","modified_gmt":"2025-05-30T12:11:01","slug":"supapa-de-siguranta-fiv-1-2-3-bar","status":"publish","type":"product","link":"https:\/\/test.proterm.md\/ro\/product\/supapa-de-siguranta-fiv-1-2-3-bar\/","title":{"rendered":"Supapa de siguranta FIV 1\/2&#8243; 3 bar"},"content":{"rendered":"<p>Supapa de siguran\u021b\u0103 este utilizat\u0103 \u00een general \u00een sistemele de \u00eenc\u0103lzire \u00eenchise cu vas de expansiune. Scopul s\u0103u este de a drena apa dac\u0103 este atins\u0103 limita de presiune. Poate fi folosit \u0219i pentru a proteja \u00eenc\u0103lzitoarele de ap\u0103, sistemele solare \u0219i sistemele de ap\u0103 \u00een general.<\/p>","protected":false},"excerpt":{"rendered":"<p>Marc\u0103 comercial\u0103 &#8211; FIV<br \/>\nMontare &#8211; 1\/2&#8243; F\/F<br \/>\nMaterial &#8211; alama.<br \/>\nPresiune de r\u0103spuns &#8211; 3 bar<br \/>\nTemperatura maxim\u0103 de func\u021bionare &#8211; 110 \u00b0 C<br \/>\nTara de origine &#8211; Italia<\/p>\n","protected":false},"featured_media":7021,"template":"","meta":{"_joinchat":[]},"product_brand":[],"product_cat":[113],"product_tag":[411],"class_list":{"0":"post-7020","1":"product","2":"type-product","3":"status-publish","4":"has-post-thumbnail","6":"product_cat-supa_sens_si_siguranta","7":"product_tag-fiv","8":"pa_brand-fiv-emmeti","9":"pa_filet-1-2","10":"pa_thread-type-inside","12":"first","13":"instock","14":"shipping-taxable","15":"product-type-simple"},"_links":{"self":[{"href":"https:\/\/test.proterm.md\/ro\/wp-json\/wp\/v2\/product\/7020","targetHints":{"allow":["GET"]}}],"collection":[{"href":"https:\/\/test.proterm.md\/ro\/wp-json\/wp\/v2\/product"}],"about":[{"href":"https:\/\/test.proterm.md\/ro\/wp-json\/wp\/v2\/types\/product"}],"wp:featuredmedia":[{"embeddable":true,"href":"https:\/\/test.proterm.md\/ro\/wp-json\/wp\/v2\/media\/7021"}],"wp:attachment":[{"href":"https:\/\/test.proterm.md\/ro\/wp-json\/wp\/v2\/media?parent=7020"}],"wp:term":[{"taxonomy":"product_brand","embeddable":true,"href":"https:\/\/test.proterm.md\/ro\/wp-json\/wp\/v2\/product_brand?post=7020"},{"taxonomy":"product_cat","embeddable":true,"href":"https:\/\/test.proterm.md\/ro\/wp-json\/wp\/v2\/product_cat?post=7020"},{"taxonomy":"product_tag","embeddable":true,"href":"https:\/\/test.proterm.md\/ro\/wp-json\/wp\/v2\/product_tag?post=7020"}],"curies":[{"name":"wp","href":"https:\/\/api.w.org\/{rel}","templated":true}]}}