{"id":6615,"date":"2021-10-26T15:02:23","date_gmt":"2021-10-26T13:02:23","guid":{"rendered":"https:\/\/test.proterm.md\/?post_type=product&#038;p=6615"},"modified":"2025-05-30T14:12:04","modified_gmt":"2025-05-30T12:12:04","slug":"colector-ventil-xf400-1","status":"publish","type":"product","link":"https:\/\/test.proterm.md\/ro\/product\/colector-ventil-xf400-1\/","title":{"rendered":"Colector ventil XF400-1"},"content":{"rendered":"<p>Colectorul din alam\u0103 cu robinete de \u00eenchidere f\u0103r\u0103 coloane este proiectat pentru a distribui uniform presiunea din conducta principal\u0103 atunci c\u00e2nd se instaleaz\u0103 sistemele de alimentare cu ap\u0103 \u0219i de \u00eenc\u0103lzire.<\/p>","protected":false},"excerpt":{"rendered":"<p>Distan\u021ba centru-centru dintre porturi \u2013 36 mm<br \/>\nFilet cap \u2013 filet exterior 1\/2<br \/>\nMax. temperatura de lucru \u2013 100 \u00b0\u0421<br \/>\nPresiune maxim\u0103 de lucru \u2013 10 bar<br \/>\nTip colector \u2013 deschide\/inchide<br \/>\nTip material \u2013 alama<br \/>\nDomeniu de aplicare \u2013 \u00eenc\u0103lzire, \u00eenc\u0103lzire prin pardoseal\u0103, alimentare cu ap\u0103, sta\u021bii de pompare<\/p>\n","protected":false},"featured_media":15078,"template":"","meta":{"_joinchat":[]},"product_brand":[],"product_cat":[112],"product_tag":[],"class_list":{"0":"post-6615","1":"product","2":"type-product","3":"status-publish","4":"has-post-thumbnail","6":"product_cat-colectoare-distribuitoare","7":"pa_diametru-si-numar-circuite-o-1-la-2-cai","8":"pa_diametru-si-numar-circuite-o-1-la-3-cai","9":"pa_diametru-si-numar-circuite-o-1-la-4-cai","10":"pa_diametru-si-numar-circuite-o-3-4-la-4-cai","12":"first","13":"instock","14":"shipping-taxable","15":"product-type-variable","16":"has-default-attributes"},"_links":{"self":[{"href":"https:\/\/test.proterm.md\/ro\/wp-json\/wp\/v2\/product\/6615","targetHints":{"allow":["GET"]}}],"collection":[{"href":"https:\/\/test.proterm.md\/ro\/wp-json\/wp\/v2\/product"}],"about":[{"href":"https:\/\/test.proterm.md\/ro\/wp-json\/wp\/v2\/types\/product"}],"wp:featuredmedia":[{"embeddable":true,"href":"https:\/\/test.proterm.md\/ro\/wp-json\/wp\/v2\/media\/15078"}],"wp:attachment":[{"href":"https:\/\/test.proterm.md\/ro\/wp-json\/wp\/v2\/media?parent=6615"}],"wp:term":[{"taxonomy":"product_brand","embeddable":true,"href":"https:\/\/test.proterm.md\/ro\/wp-json\/wp\/v2\/product_brand?post=6615"},{"taxonomy":"product_cat","embeddable":true,"href":"https:\/\/test.proterm.md\/ro\/wp-json\/wp\/v2\/product_cat?post=6615"},{"taxonomy":"product_tag","embeddable":true,"href":"https:\/\/test.proterm.md\/ro\/wp-json\/wp\/v2\/product_tag?post=6615"}],"curies":[{"name":"wp","href":"https:\/\/api.w.org\/{rel}","templated":true}]}}