{"id":5814,"date":"2021-09-30T12:41:56","date_gmt":"2021-09-30T10:41:56","guid":{"rendered":"https:\/\/test.proterm.md\/?post_type=product&#038;p=5814"},"modified":"2025-10-08T11:44:49","modified_gmt":"2025-10-08T09:44:49","slug":"vas-de-expansiune-400l","status":"publish","type":"product","link":"https:\/\/test.proterm.md\/ro\/product\/vas-de-expansiune-400l\/","title":{"rendered":"Vas de expansiune 400L"},"content":{"rendered":"<p>Rezervoare de expansiune pentru ap\u0103 rece \u0219i cald\u0103 cu o capacitate de la 2 p\u00e2n\u0103 la 3000 de litri. Rezervoarele au un corp fabricat din o\u021bel de \u00eenalt\u0103 calitate \u0219i acoperit cu un smal\u021b albastru sau ro\u0219u protector.Rezervoarele de expansiune sunt realizate at\u00e2t \u00een \u200b\u200bvarianta orizontal\u0103, c\u00e2t \u0219i vertical\u0103.<br \/>\nAcumulatoarele hidraulice sunt destinate utiliz\u0103rii cu ap\u0103 potabil\u0103 \u00een sistemele autonome de alimentare cu ap\u0103 atunci c\u00e2nd lucreaz\u0103 \u00eempreun\u0103 cu o pomp\u0103, \u00een sistemele de \u00eenc\u0103lzire \u0219i alimentare cu ap\u0103 cald\u0103.<\/p>","protected":false},"excerpt":{"rendered":"<p>Temperatura de func\u021bionare de la -10 la +99 \u00b0\u0421<br \/>\nPresiune presetata 1,5 \u00f7 2 bar, max 6 bar<\/p>\n","protected":false},"featured_media":11148,"template":"","meta":{"_joinchat":[]},"product_brand":[],"product_cat":[60],"product_tag":[286,348,354],"class_list":{"0":"post-5814","1":"product","2":"type-product","3":"status-publish","4":"has-post-thumbnail","6":"product_cat-vas_expansiune","7":"product_tag-cacheng-brend","8":"product_tag-cimm-brend","9":"product_tag-zilmet-brend","10":"pa_availability-for-pre-order-pre-order","11":"pa_brand-cacheng-brend","12":"pa_brand-cimm-brend","13":"pa_brand-zilmet-brend","14":"pa_expansion-tank-volume-399","16":"first","17":"instock","18":"shipping-taxable","19":"product-type-simple"},"_links":{"self":[{"href":"https:\/\/test.proterm.md\/ro\/wp-json\/wp\/v2\/product\/5814","targetHints":{"allow":["GET"]}}],"collection":[{"href":"https:\/\/test.proterm.md\/ro\/wp-json\/wp\/v2\/product"}],"about":[{"href":"https:\/\/test.proterm.md\/ro\/wp-json\/wp\/v2\/types\/product"}],"wp:featuredmedia":[{"embeddable":true,"href":"https:\/\/test.proterm.md\/ro\/wp-json\/wp\/v2\/media\/11148"}],"wp:attachment":[{"href":"https:\/\/test.proterm.md\/ro\/wp-json\/wp\/v2\/media?parent=5814"}],"wp:term":[{"taxonomy":"product_brand","embeddable":true,"href":"https:\/\/test.proterm.md\/ro\/wp-json\/wp\/v2\/product_brand?post=5814"},{"taxonomy":"product_cat","embeddable":true,"href":"https:\/\/test.proterm.md\/ro\/wp-json\/wp\/v2\/product_cat?post=5814"},{"taxonomy":"product_tag","embeddable":true,"href":"https:\/\/test.proterm.md\/ro\/wp-json\/wp\/v2\/product_tag?post=5814"}],"curies":[{"name":"wp","href":"https:\/\/api.w.org\/{rel}","templated":true}]}}