{"id":5465,"date":"2021-09-17T08:09:49","date_gmt":"2021-09-17T06:09:49","guid":{"rendered":"https:\/\/test.proterm.md\/?post_type=product&#038;p=5465"},"modified":"2026-01-26T16:57:39","modified_gmt":"2026-01-26T14:57:39","slug":"arzator_cu_ulei_uzat_fbr","status":"publish","type":"product","link":"https:\/\/test.proterm.md\/ro\/product\/arzator_cu_ulei_uzat_fbr\/","title":{"rendered":"Arzator cu ulei uzat FBR"},"content":{"rendered":"<div class=\"wpb-content-wrapper\"><p>[vc_row][vc_column][vc_column_text css_animation=&#8221;bounceIn&#8221; woodmart_color_scheme=&#8221;dark&#8221; text_larger=&#8221;no&#8221;]Aceste arzatore sunt\u00a0 cu o functionare pe ulei ars, intr-o singura treapta, cu ventilator de putere ridicata, cap de ardere cu ajustari eficiente si stabilitate mare a flacarii. Arz\u0103torul cu ulei FNDL-serie este proiectat sa lucreze pe ulei uzat (p\u00e2n\u0103 la 20 la 50 \u00b0C.) Arz\u0103torul cu ulei FNDL este caracterizat printr-o flac\u0103r\u0103 stabil\u0103 \u0219i uniform\u0103, eficien\u021b\u0103 suficient de ridicat\u0103, ecologic\u0103 datorit\u0103 preg\u0103tirii preliminare a amestecului aer-combustibil \u0219i injectarea aerului printr-un ventilator special. Arzatorul este realizat sub forma unui monobloc, in care sunt instalate toate echipamentele necesare. Echipamentul standard include o duz\u0103, dou\u0103 furtunuri de combustibil \u0219i un filtru de combustibil. Datorit\u0103 designului atent, unitatea de ardere este u\u0219or de operat \u0219i pus \u00een func\u021biune. Setul de amestecare este reglabil pentru o ardere optim\u0103.[\/vc_column_text][\/vc_column][\/vc_row]<\/p>\n<\/div>","protected":false},"excerpt":{"rendered":"<p>FNDL 8 TC \u2013 Putere min 57 max. 91.1 KW<br \/>\nFNDL 8 TL \u2013 Putere min 57 max. 91.1 KW<br \/>\nFNDL 16 TC \u2013 Putere min 79.8 max. 182 KW<br \/>\nFNDL 16 TL \u2013 Putere min 79.8 max. 182 KW<br \/>\nFNDL 25 TC \u2013 Putere min 142 max. 285 KW<br \/>\nFNDL 25 TL \u2013 Putere min 142 max. 285 KW<\/p>\n<h4><img decoding=\"async\" class=\"alignnone wp-image-7559\" src=\"https:\/\/test.proterm.md\/wp-content\/uploads\/2021\/12\/icopdf-min-300x300.png\" alt=\"\" width=\"46\" height=\"46\" srcset=\"https:\/\/test.proterm.md\/wp-content\/uploads\/2021\/12\/icopdf-min-300x300.png 300w, https:\/\/test.proterm.md\/wp-content\/uploads\/2021\/12\/icopdf-min-150x150.png 150w, https:\/\/test.proterm.md\/wp-content\/uploads\/2021\/12\/icopdf-min-250x250.png 250w, https:\/\/test.proterm.md\/wp-content\/uploads\/2021\/12\/icopdf-min-450x450.png 450w, https:\/\/test.proterm.md\/wp-content\/uploads\/2021\/12\/icopdf-min-500x500.png 500w, https:\/\/test.proterm.md\/wp-content\/uploads\/2021\/12\/icopdf-min-100x100.png 100w, https:\/\/test.proterm.md\/wp-content\/uploads\/2021\/12\/icopdf-min.png 512w\" sizes=\"(max-width: 46px) 100vw, 46px\" \/><a href=\"https:\/\/test.proterm.md\/wp-content\/uploads\/2021\/09\/Arzatoare-ulei-uzat-FNDL-series.pdf\" target=\"_blank\" rel=\"noopener\"><strong style=\"color: blue;\">Caracteristici arzatoare Ser. FNDL<\/strong><\/a><\/h4>\n<p>TC \u2013 Gat scurt<br \/>\nTL \u2013 Gat lung<br \/>\n!!Verificati disponibilitatea produsului in stoc.<br \/>\nEste posibil precomanda arzatoarelor intr-un termen 30-45 zile.<\/p>\n","protected":false},"featured_media":7767,"template":"","meta":{"_joinchat":[]},"product_brand":[],"product_cat":[58,15],"product_tag":[345],"class_list":{"0":"post-5465","1":"product","2":"type-product","3":"status-publish","4":"has-post-thumbnail","6":"product_cat-arzatoare","7":"product_cat-instalatii_incalzire","8":"product_tag-fbr-bruciatori","9":"pa_brand-fbr-bruciatori","11":"first","12":"instock","13":"shipping-taxable","14":"product-type-grouped"},"_links":{"self":[{"href":"https:\/\/test.proterm.md\/ro\/wp-json\/wp\/v2\/product\/5465","targetHints":{"allow":["GET"]}}],"collection":[{"href":"https:\/\/test.proterm.md\/ro\/wp-json\/wp\/v2\/product"}],"about":[{"href":"https:\/\/test.proterm.md\/ro\/wp-json\/wp\/v2\/types\/product"}],"wp:featuredmedia":[{"embeddable":true,"href":"https:\/\/test.proterm.md\/ro\/wp-json\/wp\/v2\/media\/7767"}],"wp:attachment":[{"href":"https:\/\/test.proterm.md\/ro\/wp-json\/wp\/v2\/media?parent=5465"}],"wp:term":[{"taxonomy":"product_brand","embeddable":true,"href":"https:\/\/test.proterm.md\/ro\/wp-json\/wp\/v2\/product_brand?post=5465"},{"taxonomy":"product_cat","embeddable":true,"href":"https:\/\/test.proterm.md\/ro\/wp-json\/wp\/v2\/product_cat?post=5465"},{"taxonomy":"product_tag","embeddable":true,"href":"https:\/\/test.proterm.md\/ro\/wp-json\/wp\/v2\/product_tag?post=5465"}],"curies":[{"name":"wp","href":"https:\/\/api.w.org\/{rel}","templated":true}]}}