{"id":5462,"date":"2021-09-16T15:19:25","date_gmt":"2021-09-16T13:19:25","guid":{"rendered":"https:\/\/test.proterm.md\/?post_type=product&#038;p=5462"},"modified":"2026-01-26T16:56:30","modified_gmt":"2026-01-26T14:56:30","slug":"arzator_cu_gaz_fbr","status":"publish","type":"product","link":"https:\/\/test.proterm.md\/ro\/product\/arzator_cu_gaz_fbr\/","title":{"rendered":"Arzator cu gaz FBR"},"content":{"rendered":"<div class=\"wpb-content-wrapper\"><p>[vc_row][vc_column][vc_column_text css_animation=&#8221;bounceIn&#8221; woodmart_color_scheme=&#8221;dark&#8221; text_larger=&#8221;no&#8221;]Arz\u0103toare pe gaz ,productia Italia, din seria GAS X de F.B.R. Bruciatori sunt cei mai respecta\u021bi \u0219i recunoscu\u021bi din \u00eentreaga lume. O cerere at\u00e2t de mare pentru ele, desigur, este asociat\u0103 cu caracteristicile remarcabile pe care le au aceste arz\u0103toare. Arz\u0103toarele pe gaz din Italia stabilesc standardul pentru performan\u021be ridicate, fiabilitate, durabilitate \u0219i eficien\u021b\u0103 energetic\u0103.[\/vc_column_text][\/vc_column][\/vc_row]<\/p>\n<\/div>","protected":false},"excerpt":{"rendered":"<p>GAZ X0 CE TC &#8211; min.11.6 max.34.3 kW<br \/>\nGAZ X0 CE TL &#8211; min.11.6 max.34.3 kW<br \/>\nGAZ X1 CE TC &#8211; Putere min.23.2 max.58.1 kW<br \/>\nGAZ X1 CE TL &#8211; Putere min.23.2 max.58.1 kW<br \/>\nGAZ X2 CE TC &#8211; Putere min.40.7 max.93 kW<br \/>\nGAZ X2 CE TL &#8211; Putere min.40.7 max.93 kW<br \/>\nGAZ X3 CE TC &#8211; Putere min.69.8 max.174 kW<br \/>\nGAZ X3 CE TL &#8211; Putere min.69.8 max.174 kW<br \/>\nGAZ X4 CE TC &#8211; Putere min.116 max.232 kW<br \/>\nGAZ X4 CE TL &#8211; Putere min.116 max.232 kW<br \/>\nGAZ X5 CE TC &#8211; Putere min.151 max.349 kW<br \/>\nGAZ X5 CE TL &#8211; Putere min.151 max.349 kW<br \/>\nGAZ XP CE TC EVO &#8211; Putere min.232 max.630 kW<br \/>\nGAZ XP CE TL EVO &#8211; Putere min.232 max.630 kW<\/p>\n<h4><img decoding=\"async\" class=\"alignnone wp-image-7559\" src=\"https:\/\/test.proterm.md\/wp-content\/uploads\/2021\/12\/icopdf-min-300x300.png\" alt=\"\" width=\"46\" height=\"46\" srcset=\"https:\/\/test.proterm.md\/wp-content\/uploads\/2021\/12\/icopdf-min-300x300.png 300w, https:\/\/test.proterm.md\/wp-content\/uploads\/2021\/12\/icopdf-min-150x150.png 150w, https:\/\/test.proterm.md\/wp-content\/uploads\/2021\/12\/icopdf-min-250x250.png 250w, https:\/\/test.proterm.md\/wp-content\/uploads\/2021\/12\/icopdf-min-450x450.png 450w, https:\/\/test.proterm.md\/wp-content\/uploads\/2021\/12\/icopdf-min-500x500.png 500w, https:\/\/test.proterm.md\/wp-content\/uploads\/2021\/12\/icopdf-min-100x100.png 100w, https:\/\/test.proterm.md\/wp-content\/uploads\/2021\/12\/icopdf-min.png 512w\" sizes=\"(max-width: 46px) 100vw, 46px\" \/><a href=\"https:\/\/test.proterm.md\/wp-content\/uploads\/2023\/01\/GAS-X0-GAS-X5-CE_manual-russ.pdf\" target=\"_blank\" rel=\"noopener\"><strong style=\"color: blue;\">Caracteristici Arzatoare Ser. X, XP<\/strong><\/a><\/h4>\n<h4><img decoding=\"async\" class=\"alignnone wp-image-7559\" src=\"https:\/\/test.proterm.md\/wp-content\/uploads\/2021\/12\/icopdf-min-300x300.png\" alt=\"\" width=\"46\" height=\"46\" srcset=\"https:\/\/test.proterm.md\/wp-content\/uploads\/2021\/12\/icopdf-min-300x300.png 300w, https:\/\/test.proterm.md\/wp-content\/uploads\/2021\/12\/icopdf-min-150x150.png 150w, https:\/\/test.proterm.md\/wp-content\/uploads\/2021\/12\/icopdf-min-250x250.png 250w, https:\/\/test.proterm.md\/wp-content\/uploads\/2021\/12\/icopdf-min-450x450.png 450w, https:\/\/test.proterm.md\/wp-content\/uploads\/2021\/12\/icopdf-min-500x500.png 500w, https:\/\/test.proterm.md\/wp-content\/uploads\/2021\/12\/icopdf-min-100x100.png 100w, https:\/\/test.proterm.md\/wp-content\/uploads\/2021\/12\/icopdf-min.png 512w\" sizes=\"(max-width: 46px) 100vw, 46px\" \/><a href=\"https:\/\/test.proterm.md\/wp-content\/uploads\/2021\/09\/gaz-xp-60-2-EVO-CE-TC.pdf\" target=\"_blank\" rel=\"noopener\"><strong style=\"color: blue;\">Caracteristici &#8211; XP CE EVO<\/strong><\/a><\/h4>\n<p>TC \u2013 Gat scurt<br \/>\nTL \u2013 Gat lung<br \/>\n!!Verificati disponibilitatea produsului in stoc.<br \/>\nEste posibil precomanda arzatoarelor intr-un termen 30-45 zile.<\/p>\n","protected":false},"featured_media":7768,"template":"","meta":{"_joinchat":[]},"product_brand":[],"product_cat":[58,15],"product_tag":[345],"class_list":{"0":"post-5462","1":"product","2":"type-product","3":"status-publish","4":"has-post-thumbnail","6":"product_cat-arzatoare","7":"product_cat-instalatii_incalzire","8":"product_tag-fbr-bruciatori","9":"pa_brand-fbr-bruciatori","11":"first","12":"instock","13":"shipping-taxable","14":"product-type-grouped"},"_links":{"self":[{"href":"https:\/\/test.proterm.md\/ro\/wp-json\/wp\/v2\/product\/5462","targetHints":{"allow":["GET"]}}],"collection":[{"href":"https:\/\/test.proterm.md\/ro\/wp-json\/wp\/v2\/product"}],"about":[{"href":"https:\/\/test.proterm.md\/ro\/wp-json\/wp\/v2\/types\/product"}],"wp:featuredmedia":[{"embeddable":true,"href":"https:\/\/test.proterm.md\/ro\/wp-json\/wp\/v2\/media\/7768"}],"wp:attachment":[{"href":"https:\/\/test.proterm.md\/ro\/wp-json\/wp\/v2\/media?parent=5462"}],"wp:term":[{"taxonomy":"product_brand","embeddable":true,"href":"https:\/\/test.proterm.md\/ro\/wp-json\/wp\/v2\/product_brand?post=5462"},{"taxonomy":"product_cat","embeddable":true,"href":"https:\/\/test.proterm.md\/ro\/wp-json\/wp\/v2\/product_cat?post=5462"},{"taxonomy":"product_tag","embeddable":true,"href":"https:\/\/test.proterm.md\/ro\/wp-json\/wp\/v2\/product_tag?post=5462"}],"curies":[{"name":"wp","href":"https:\/\/api.w.org\/{rel}","templated":true}]}}