{"id":5455,"date":"2021-09-16T10:49:20","date_gmt":"2021-09-16T08:49:20","guid":{"rendered":"https:\/\/test.proterm.md\/?post_type=product&#038;p=5455"},"modified":"2026-01-26T16:57:57","modified_gmt":"2026-01-26T14:57:57","slug":"arzatoare-gaz-motorina-f-b-r-bruciatori","status":"publish","type":"product","link":"https:\/\/test.proterm.md\/ro\/product\/arzatoare-gaz-motorina-f-b-r-bruciatori\/","title":{"rendered":"Arzator Gaz \/ Motorina F.B.R. Bruciatori"},"content":{"rendered":"<div class=\"wpb-content-wrapper\"><p>[vc_row][vc_column][vc_column_text css_animation=&#8221;bounceIn&#8221; woodmart_color_scheme=&#8221;dark&#8221; text_larger=&#8221;no&#8221;]Dup\u0103 nume, arz\u0103toarele din seria GM X sunt proiectate s\u0103 utilizeze dou\u0103 tipuri de combustibil &#8211; gaz \u0219i motorin\u0103, pe care arz\u0103toarele pot func\u021biona alternativ. Aceast\u0103 solu\u021bie face posibil\u0103 asigurarea continuit\u0103\u021bii produc\u021biei de energie cald\u0103 \u00een locurile \u00een care exist\u0103 \u00eentreruperi \u00een alimentarea principal\u0103 cu gaz. Dup\u0103 tipul de reglare a puterii, arz\u0103toarele din seria GM X sunt cu o singur\u0103 treapt\u0103, ceea ce \u00eenseamn\u0103 c\u0103 pot func\u021biona sau nu. Este imposibil s\u0103 seta\u021bi valori intermediare de putere, prin urmare gradul de \u00eenc\u0103lzire trebuie reglat prin automatizare extern\u0103. Arz\u0103toarele sunt presurizate &#8211; pentru alimentarea for\u021bat\u0103 cu aer din exterior, se folose\u0219te un ventilator special, care se caracterizeaz\u0103 printr-un zgomot minim \u00een timpul func\u021bion\u0103rii. Arzatoarele sunt foarte eficiente si ecologice. Puterea arz\u0103torului &#8211; de la 22 la 232 kW.<\/p>\n<p>&nbsp;<\/p>\n<p>Arzatoarele FBR Bruciatori sunt extrem de eficiente \u0219i ecologice. Arzatoarele sunt sub presiune &#8211; pentru alimentarea fortata cu aer din exterior, se folose\u0219te un ventilator special, care se caracterizeaz\u0103 printr-un zgomot minim \u00een timpul func\u021bion\u0103rii.[\/vc_column_text][\/vc_column][\/vc_row]<\/p>\n<\/div>","protected":false},"excerpt":{"rendered":"<p>GM X 0 TC &#8211; Putere min.22.6 max.34.2 KW<br \/>\nGM X 0 TL &#8211; Putere min.22.6 max.34.2 KW<br \/>\nGM X 1 TC &#8211; Putere min.29 max.69.8 KW<br \/>\nGM X 1 TL &#8211; Putere min.29 max.69.8 KW<\/p>\n<p>GM X 3 TC &#8211; Putere min.58.1 max.151 KW<br \/>\nGM X 3 TL &#8211; Putere min.58.1 max.151 KW<br \/>\nGM X 4 TC &#8211; Putere min.116 max.232 KW<br \/>\nGM X 4 TL &#8211; Putere min.116 max.232 KW<\/p>\n<p><strong>TC<\/strong> &#8211; <em>Gat scurt<\/em><br \/>\n<strong>TL<\/strong> &#8211; <em>Gat lung<\/em><br \/>\n<strong>!!Verificati disponibilitatea produsului in stoc.<\/strong><br \/>\nEste posibil precomanda arzatoarelor intr-un termen 30-45 zile.<\/p>\n<h4><img decoding=\"async\" class=\"alignnone wp-image-7559\" src=\"https:\/\/test.proterm.md\/wp-content\/uploads\/2021\/12\/icopdf-min-300x300.png\" alt=\"\" width=\"46\" height=\"46\" srcset=\"https:\/\/test.proterm.md\/wp-content\/uploads\/2021\/12\/icopdf-min-300x300.png 300w, https:\/\/test.proterm.md\/wp-content\/uploads\/2021\/12\/icopdf-min-150x150.png 150w, https:\/\/test.proterm.md\/wp-content\/uploads\/2021\/12\/icopdf-min-250x250.png 250w, https:\/\/test.proterm.md\/wp-content\/uploads\/2021\/12\/icopdf-min-450x450.png 450w, https:\/\/test.proterm.md\/wp-content\/uploads\/2021\/12\/icopdf-min-500x500.png 500w, https:\/\/test.proterm.md\/wp-content\/uploads\/2021\/12\/icopdf-min-100x100.png 100w, https:\/\/test.proterm.md\/wp-content\/uploads\/2021\/12\/icopdf-min.png 512w\" sizes=\"(max-width: 46px) 100vw, 46px\" \/><a href=\"https:\/\/test.proterm.md\/wp-content\/uploads\/2021\/09\/Date-tehnice-GM-X-serie.pdf\" target=\"_blank\" rel=\"noopener\"><strong style=\"color: blue;\">Caracteristici Arzatoare Ser. GM X<\/strong><\/a><\/h4>\n","protected":false},"featured_media":12573,"template":"","meta":{"_joinchat":[]},"product_brand":[],"product_cat":[58,15],"product_tag":[345],"class_list":{"0":"post-5455","1":"product","2":"type-product","3":"status-publish","4":"has-post-thumbnail","6":"product_cat-arzatoare","7":"product_cat-instalatii_incalzire","8":"product_tag-fbr-bruciatori","9":"pa_brand-fbr-bruciatori","11":"first","12":"instock","13":"shipping-taxable","14":"product-type-grouped"},"_links":{"self":[{"href":"https:\/\/test.proterm.md\/ro\/wp-json\/wp\/v2\/product\/5455","targetHints":{"allow":["GET"]}}],"collection":[{"href":"https:\/\/test.proterm.md\/ro\/wp-json\/wp\/v2\/product"}],"about":[{"href":"https:\/\/test.proterm.md\/ro\/wp-json\/wp\/v2\/types\/product"}],"wp:featuredmedia":[{"embeddable":true,"href":"https:\/\/test.proterm.md\/ro\/wp-json\/wp\/v2\/media\/12573"}],"wp:attachment":[{"href":"https:\/\/test.proterm.md\/ro\/wp-json\/wp\/v2\/media?parent=5455"}],"wp:term":[{"taxonomy":"product_brand","embeddable":true,"href":"https:\/\/test.proterm.md\/ro\/wp-json\/wp\/v2\/product_brand?post=5455"},{"taxonomy":"product_cat","embeddable":true,"href":"https:\/\/test.proterm.md\/ro\/wp-json\/wp\/v2\/product_cat?post=5455"},{"taxonomy":"product_tag","embeddable":true,"href":"https:\/\/test.proterm.md\/ro\/wp-json\/wp\/v2\/product_tag?post=5455"}],"curies":[{"name":"wp","href":"https:\/\/api.w.org\/{rel}","templated":true}]}}