{"id":5310,"date":"2021-09-13T08:58:00","date_gmt":"2021-09-13T06:58:00","guid":{"rendered":"https:\/\/test.proterm.md\/?post_type=product&#038;p=5310"},"modified":"2025-05-30T14:18:23","modified_gmt":"2025-05-30T12:18:23","slug":"furtun-pompa-cu-cot-70cm","status":"publish","type":"product","link":"https:\/\/test.proterm.md\/ro\/product\/furtun-pompa-cu-cot-70cm\/","title":{"rendered":"Furtun pompa cu cot 70cm"},"content":{"rendered":"<div class=\"wpb-content-wrapper\"><p>[vc_row][vc_column][vc_column_text css_animation=&#8221;bounceIn&#8221; text_larger=&#8221;no&#8221;]\u00cent\u0103rit la exterior cu o spiral\u0103 din s\u00e2rm\u0103 de o\u021bel zincat. Presiune maxim\u0103 de lucru 10 bari.[\/vc_column_text][\/vc_column][\/vc_row]<\/p>\n<\/div>","protected":false},"excerpt":{"rendered":"<p>Furtun racord inox cu cot &#8211; 70cm<br \/>\nDimensiune conexiune\u00a0 \u2013 1\u201d<br \/>\nMaterial \u2013 inox cu cauciuc in interior<\/p>\n","protected":false},"featured_media":7626,"template":"","meta":{"_joinchat":[]},"product_brand":[],"product_cat":[117],"product_tag":[327],"class_list":{"0":"post-5310","1":"product","2":"type-product","3":"status-publish","4":"has-post-thumbnail","6":"product_cat-piese-pentru-pompe","7":"product_tag-sea-land-water-pump","8":"pa_brand-sea_land_pompe_apa","10":"first","11":"instock","12":"sale","13":"shipping-taxable","14":"product-type-simple"},"_links":{"self":[{"href":"https:\/\/test.proterm.md\/ro\/wp-json\/wp\/v2\/product\/5310","targetHints":{"allow":["GET"]}}],"collection":[{"href":"https:\/\/test.proterm.md\/ro\/wp-json\/wp\/v2\/product"}],"about":[{"href":"https:\/\/test.proterm.md\/ro\/wp-json\/wp\/v2\/types\/product"}],"wp:featuredmedia":[{"embeddable":true,"href":"https:\/\/test.proterm.md\/ro\/wp-json\/wp\/v2\/media\/7626"}],"wp:attachment":[{"href":"https:\/\/test.proterm.md\/ro\/wp-json\/wp\/v2\/media?parent=5310"}],"wp:term":[{"taxonomy":"product_brand","embeddable":true,"href":"https:\/\/test.proterm.md\/ro\/wp-json\/wp\/v2\/product_brand?post=5310"},{"taxonomy":"product_cat","embeddable":true,"href":"https:\/\/test.proterm.md\/ro\/wp-json\/wp\/v2\/product_cat?post=5310"},{"taxonomy":"product_tag","embeddable":true,"href":"https:\/\/test.proterm.md\/ro\/wp-json\/wp\/v2\/product_tag?post=5310"}],"curies":[{"name":"wp","href":"https:\/\/api.w.org\/{rel}","templated":true}]}}