{"id":4287,"date":"2021-03-02T13:13:35","date_gmt":"2021-03-02T11:13:35","guid":{"rendered":"https:\/\/test.proterm.md\/?post_type=product&#038;p=4287"},"modified":"2025-05-30T14:19:29","modified_gmt":"2025-05-30T12:19:29","slug":"sonda-acs","status":"publish","type":"product","link":"https:\/\/test.proterm.md\/ro\/product\/sonda-acs\/","title":{"rendered":"Sonda ACS"},"content":{"rendered":"","protected":false},"excerpt":{"rendered":"<p>Acest senzor de gaze arse de \u00eenalt\u0103 calitate asigur\u0103 m\u0103surarea direct\u0103 a temperaturii gazelor arse \u0219i ofer\u0103 avantaje fa\u021b\u0103 de senzorii de imersie standard \u00een ceea ce prive\u0219te u\u0219urin\u021ba instal\u0103rii, timpul de r\u0103spuns \u0219i precizia.<\/p>\n","protected":false},"featured_media":7381,"template":"","meta":{"_joinchat":[]},"product_brand":[],"product_cat":[123],"product_tag":[],"class_list":{"0":"post-4287","1":"product","2":"type-product","3":"status-publish","4":"has-post-thumbnail","6":"product_cat-piese_de_schimb_centrale_termice","8":"first","9":"instock","10":"shipping-taxable","11":"product-type-simple"},"_links":{"self":[{"href":"https:\/\/test.proterm.md\/ro\/wp-json\/wp\/v2\/product\/4287","targetHints":{"allow":["GET"]}}],"collection":[{"href":"https:\/\/test.proterm.md\/ro\/wp-json\/wp\/v2\/product"}],"about":[{"href":"https:\/\/test.proterm.md\/ro\/wp-json\/wp\/v2\/types\/product"}],"wp:featuredmedia":[{"embeddable":true,"href":"https:\/\/test.proterm.md\/ro\/wp-json\/wp\/v2\/media\/7381"}],"wp:attachment":[{"href":"https:\/\/test.proterm.md\/ro\/wp-json\/wp\/v2\/media?parent=4287"}],"wp:term":[{"taxonomy":"product_brand","embeddable":true,"href":"https:\/\/test.proterm.md\/ro\/wp-json\/wp\/v2\/product_brand?post=4287"},{"taxonomy":"product_cat","embeddable":true,"href":"https:\/\/test.proterm.md\/ro\/wp-json\/wp\/v2\/product_cat?post=4287"},{"taxonomy":"product_tag","embeddable":true,"href":"https:\/\/test.proterm.md\/ro\/wp-json\/wp\/v2\/product_tag?post=4287"}],"curies":[{"name":"wp","href":"https:\/\/api.w.org\/{rel}","templated":true}]}}