{"id":4200,"date":"2025-12-01T10:58:02","date_gmt":"2025-12-01T08:58:02","guid":{"rendered":"https:\/\/test.proterm.md\/?post_type=product&#038;p=4200"},"modified":"2026-01-01T10:07:44","modified_gmt":"2026-01-01T08:07:44","slug":"baterie-valtemo-vs-4040","status":"publish","type":"product","link":"https:\/\/test.proterm.md\/ro\/product\/baterie-valtemo-vs-4040\/","title":{"rendered":"Baterie SMART MIXER VS-4040"},"content":{"rendered":"<p>Valtemo est un sistem de du\u0219 fiabil, elegant, trebuie doar s\u0103-l \u0219terge\u021bi o dat\u0103 pe s\u0103pt\u0103m\u00e2n\u0103, practic nu mai r\u0103m\u00e2n urme de ap\u0103 dup\u0103 un du\u0219. \u00cen timpul instal\u0103rii \u0219i func\u021bion\u0103rii, d\u0103 o senza\u021bie de calitate \u0219i durabilitate. Apa de la du\u0219ul de deasupra capului curge \u00een fluxuri netede, uniform.<\/p>","protected":false},"excerpt":{"rendered":"<p>Robinet dublu inteligent de dus din alama.<br \/>\nDus de mana cromat \u00d8130 mm si cel de sus \u00d8240 mm.<br \/>\nBrat de dus din otel inoxidabil 350 mm &#8211; \u00d8 20 mm<br \/>\nFurtun de dus cu dublu blocare din o\u021bel inoxidabil de 150 cm, cromat.<br \/>\nPriz\u0103 de perete din alama cu suport pentru dus de mana<\/p>\n","protected":false},"featured_media":8124,"template":"","meta":{"_joinchat":[]},"product_brand":[],"product_cat":[119],"product_tag":[666],"class_list":{"0":"post-4200","1":"product","2":"type-product","3":"status-publish","4":"has-post-thumbnail","6":"product_cat-robinet-de-baie","7":"product_tag-valtemo-brend","8":"pa_brand-valtemo","10":"first","11":"instock","12":"shipping-taxable","13":"product-type-simple"},"_links":{"self":[{"href":"https:\/\/test.proterm.md\/ro\/wp-json\/wp\/v2\/product\/4200","targetHints":{"allow":["GET"]}}],"collection":[{"href":"https:\/\/test.proterm.md\/ro\/wp-json\/wp\/v2\/product"}],"about":[{"href":"https:\/\/test.proterm.md\/ro\/wp-json\/wp\/v2\/types\/product"}],"wp:featuredmedia":[{"embeddable":true,"href":"https:\/\/test.proterm.md\/ro\/wp-json\/wp\/v2\/media\/8124"}],"wp:attachment":[{"href":"https:\/\/test.proterm.md\/ro\/wp-json\/wp\/v2\/media?parent=4200"}],"wp:term":[{"taxonomy":"product_brand","embeddable":true,"href":"https:\/\/test.proterm.md\/ro\/wp-json\/wp\/v2\/product_brand?post=4200"},{"taxonomy":"product_cat","embeddable":true,"href":"https:\/\/test.proterm.md\/ro\/wp-json\/wp\/v2\/product_cat?post=4200"},{"taxonomy":"product_tag","embeddable":true,"href":"https:\/\/test.proterm.md\/ro\/wp-json\/wp\/v2\/product_tag?post=4200"}],"curies":[{"name":"wp","href":"https:\/\/api.w.org\/{rel}","templated":true}]}}