{"id":4133,"date":"2021-02-22T14:00:21","date_gmt":"2021-02-22T12:00:21","guid":{"rendered":"https:\/\/test.proterm.md\/?post_type=product&#038;p=4133"},"modified":"2025-11-11T13:16:33","modified_gmt":"2025-11-11T11:16:33","slug":"servomotor","status":"publish","type":"product","link":"https:\/\/test.proterm.md\/ro\/product\/servomotor\/","title":{"rendered":"Servomotor ESBE ARA661"},"content":{"rendered":"<p>Conceput pentru a men\u021bine o temperatur\u0103 constant\u0103 a agentului de \u00eenc\u0103lzire \u00een circuitul de amestecare, este cel mai des folosit \u00een circuitul de \u00eenc\u0103lzire prin pardoseal\u0103.<br \/>\nServomotorul cu controler \u00eencorporat este instalat pe o supap\u0103 cu trei c\u0103i (p\u00e2n\u0103 la DN50), senzorul de temperatur\u0103 este instalat pe linia de curgere (lungime cablu 1,5 m).<br \/>\nTemperatura necesar\u0103 este setat\u0103 folosind un joystick \u0219i un afi\u0219aj digital.<br \/>\nIdeal pentru instalare pe robinete de amestec<br \/>\nControlerul \u00eencorporat v\u0103 permite s\u0103 men\u021bine\u021bi temperatura setat\u0103 cu precizie ridicat\u0103.<br \/>\nTimp de rota\u021bie complet 120s.<br \/>\nESBE VRG DN15-50 mm.<br \/>\nCuplu 6 Nm.<br \/>\nUnghi de rotatie 90 de grade.<\/p>","protected":false},"excerpt":{"rendered":"<p>Tensiune &#8211; 220 V<br \/>\nAplica\u021bii de automatizare &#8211; Controlul supapelor<br \/>\nTip dispozitiv de comand\u0103 &#8211; Servomotor electric<br \/>\nTimpul de \u00eenchidere, sec &#8211; 120<br \/>\nDrive servomotor &#8211; Da<br \/>\nControl &#8211; semnal \u00een 3 puncte<br \/>\nFor\u021ba &#8211; 6 Nm<br \/>\n\u021aara producatoare &#8211; Suedia<br \/>\nGreutate, kg &#8211; 0,4<\/p>\n","protected":false},"featured_media":7472,"template":"","meta":{"_joinchat":[]},"product_brand":[],"product_cat":[42],"product_tag":[567],"class_list":{"0":"post-4133","1":"product","2":"type-product","3":"status-publish","4":"has-post-thumbnail","6":"product_cat-automatizari_elemente_de_actionare","7":"product_tag-esbe","8":"pa_availability-for-pre-order-pre-order","9":"pa_brand-esbe-logo","11":"first","12":"instock","13":"shipping-taxable","14":"product-type-simple"},"_links":{"self":[{"href":"https:\/\/test.proterm.md\/ro\/wp-json\/wp\/v2\/product\/4133","targetHints":{"allow":["GET"]}}],"collection":[{"href":"https:\/\/test.proterm.md\/ro\/wp-json\/wp\/v2\/product"}],"about":[{"href":"https:\/\/test.proterm.md\/ro\/wp-json\/wp\/v2\/types\/product"}],"wp:featuredmedia":[{"embeddable":true,"href":"https:\/\/test.proterm.md\/ro\/wp-json\/wp\/v2\/media\/7472"}],"wp:attachment":[{"href":"https:\/\/test.proterm.md\/ro\/wp-json\/wp\/v2\/media?parent=4133"}],"wp:term":[{"taxonomy":"product_brand","embeddable":true,"href":"https:\/\/test.proterm.md\/ro\/wp-json\/wp\/v2\/product_brand?post=4133"},{"taxonomy":"product_cat","embeddable":true,"href":"https:\/\/test.proterm.md\/ro\/wp-json\/wp\/v2\/product_cat?post=4133"},{"taxonomy":"product_tag","embeddable":true,"href":"https:\/\/test.proterm.md\/ro\/wp-json\/wp\/v2\/product_tag?post=4133"}],"curies":[{"name":"wp","href":"https:\/\/api.w.org\/{rel}","templated":true}]}}