{"id":4103,"date":"2021-02-18T14:11:28","date_gmt":"2021-02-18T12:11:28","guid":{"rendered":"https:\/\/test.proterm.md\/?post_type=product&#038;p=4103"},"modified":"2025-05-30T14:19:47","modified_gmt":"2025-05-30T12:19:47","slug":"prosostat","status":"publish","type":"product","link":"https:\/\/test.proterm.md\/ro\/product\/prosostat\/","title":{"rendered":"Presostat 1\/4 SK-9-F1  |  1\/4 BSK-7"},"content":{"rendered":"<p>Pentru a men\u021bine o presiune constant\u0103 \u00een sistemul de alimentare cu ap\u0103 a unei case private, sunt necesare dou\u0103 dispozitive &#8211; un acumulator hidraulic \u0219i un presostat. Ambele dispozitive sunt conectate printr-o conduct\u0103 la pomp\u0103 &#8211; presostatul este situat \u00een mijloc \u00eentre pomp\u0103 \u0219i acumulator.<br \/>\nAcest dispozitiv mic porne\u0219te pompa atunci c\u00e2nd presiunea din sistem scade \u0219i o opre\u0219te la atingerea valorii pragului. M\u0103rimea parametrilor de pornire \u0219i oprire poate fi ajustat\u0103.<\/p>","protected":false},"excerpt":{"rendered":"<p><strong>Presostatul 1\/4 SK-9-F1 \u0219i Presostatul 1\/4 BSK-7, cu \u0219i f\u0103r\u0103 buton, unul pentru presiunea minim\u0103. Verifica\u021bi cu v\u00e2nz\u0103torul.<\/strong><br \/>\n<strong>Presostatul este cea mai important\u0103 parte la crearea unui sistem automat de alimentare cu ap\u0103 pentru o cas\u0103 privat\u0103.<\/strong><\/p>\n<p>Dispozitiv de comutare conceput pentru automatizarea func\u021bion\u0103rii pompelor electrice de alimentare cu ap\u0103. Releul porne\u0219te \u0219i opre\u0219te pompa atunci c\u00e2nd valorile setate ale presiunii minime \u0219i maxime sunt dep\u0103\u0219ite sau dep\u0103\u0219ite. Setarea din fabric\u0103 este de 2,1 \/ 3,5 bari. Utilizatorul \u00eel poate modifica la discre\u021bia sa \u00een intervalul 1,0-5,3 bari (diferen\u021ba minim\u0103 de valori este de 1,0 bari). Materialul de contact al releului este un aliaj de argint-nichel, care nu se oxideaz\u0103 \u00een condi\u021bii de umiditate. Dispozitivul poate fi utilizat la umiditate ambiental\u0103 de p\u00e2n\u0103 la 80%. Clasa carcasei de protec\u021bie este IP44. Temperatura maxim\u0103 a mediului pompat este de 40 \u00b0 C.<\/p>\n","protected":false},"featured_media":7629,"template":"","meta":{"_joinchat":[]},"product_brand":[],"product_cat":[117],"product_tag":[],"class_list":{"0":"post-4103","1":"product","2":"type-product","3":"status-publish","4":"has-post-thumbnail","6":"product_cat-piese-pentru-pompe","8":"first","9":"instock","10":"sale","11":"shipping-taxable","12":"product-type-simple"},"_links":{"self":[{"href":"https:\/\/test.proterm.md\/ro\/wp-json\/wp\/v2\/product\/4103","targetHints":{"allow":["GET"]}}],"collection":[{"href":"https:\/\/test.proterm.md\/ro\/wp-json\/wp\/v2\/product"}],"about":[{"href":"https:\/\/test.proterm.md\/ro\/wp-json\/wp\/v2\/types\/product"}],"wp:featuredmedia":[{"embeddable":true,"href":"https:\/\/test.proterm.md\/ro\/wp-json\/wp\/v2\/media\/7629"}],"wp:attachment":[{"href":"https:\/\/test.proterm.md\/ro\/wp-json\/wp\/v2\/media?parent=4103"}],"wp:term":[{"taxonomy":"product_brand","embeddable":true,"href":"https:\/\/test.proterm.md\/ro\/wp-json\/wp\/v2\/product_brand?post=4103"},{"taxonomy":"product_cat","embeddable":true,"href":"https:\/\/test.proterm.md\/ro\/wp-json\/wp\/v2\/product_cat?post=4103"},{"taxonomy":"product_tag","embeddable":true,"href":"https:\/\/test.proterm.md\/ro\/wp-json\/wp\/v2\/product_tag?post=4103"}],"curies":[{"name":"wp","href":"https:\/\/api.w.org\/{rel}","templated":true}]}}