{"id":3832,"date":"2021-02-10T15:38:17","date_gmt":"2021-02-10T13:38:17","guid":{"rendered":"https:\/\/test.proterm.md\/?post_type=product&#038;p=3832"},"modified":"2025-05-30T14:20:02","modified_gmt":"2025-05-30T12:20:02","slug":"robinet-tur-pp-drept-fiv","status":"publish","type":"product","link":"https:\/\/test.proterm.md\/ro\/product\/robinet-tur-pp-drept-fiv\/","title":{"rendered":"Robinet calorifer coltar PP FIV tur"},"content":{"rendered":"<p>Restric\u021bionarea fluxului de ap\u0103 \u00een radiator se efectueaz\u0103 pentru a echilibra \u00eenc\u0103lzirea individual\u0103 \u00eentr-un apartament sau o cas\u0103 privat\u0103. Indiferent ce tip de sistem de incalzire folositi, fara a echilibra fluxul cu robinetul , primele baterii vor primi intotdeauna mai multa apa decat ultimele. Limitarea consumului de ap\u0103 la \u00eenceputul re\u021belei \u0219i, astfel, egalizarea tuturor radiatoarelor \u00eentre ele este sarcina robinetilor pentru radiatoare.<\/p>","protected":false},"excerpt":{"rendered":"<p>Tip &#8211; coltar, tur<br \/>\nAplicatie &#8211; polipropilena<br \/>\nPresiune maxima -16 bar<br \/>\nTemperatura maxim\u0103 &#8211; 95 \u00b0\u0421<br \/>\nTip reglare &#8211; manual<br \/>\nProducator &#8211; FIV<br \/>\nTara de origine &#8211; Italia<\/p>\n","protected":false},"featured_media":9809,"template":"","meta":{"_joinchat":[]},"product_brand":[],"product_cat":[72],"product_tag":[411],"class_list":{"0":"post-3832","1":"product","2":"type-product","3":"status-publish","4":"has-post-thumbnail","6":"product_cat-robineti_radiatoare","7":"product_tag-fiv","8":"pa_brand-fiv-emmeti","10":"first","11":"instock","12":"shipping-taxable","13":"product-type-simple"},"_links":{"self":[{"href":"https:\/\/test.proterm.md\/ro\/wp-json\/wp\/v2\/product\/3832","targetHints":{"allow":["GET"]}}],"collection":[{"href":"https:\/\/test.proterm.md\/ro\/wp-json\/wp\/v2\/product"}],"about":[{"href":"https:\/\/test.proterm.md\/ro\/wp-json\/wp\/v2\/types\/product"}],"wp:featuredmedia":[{"embeddable":true,"href":"https:\/\/test.proterm.md\/ro\/wp-json\/wp\/v2\/media\/9809"}],"wp:attachment":[{"href":"https:\/\/test.proterm.md\/ro\/wp-json\/wp\/v2\/media?parent=3832"}],"wp:term":[{"taxonomy":"product_brand","embeddable":true,"href":"https:\/\/test.proterm.md\/ro\/wp-json\/wp\/v2\/product_brand?post=3832"},{"taxonomy":"product_cat","embeddable":true,"href":"https:\/\/test.proterm.md\/ro\/wp-json\/wp\/v2\/product_cat?post=3832"},{"taxonomy":"product_tag","embeddable":true,"href":"https:\/\/test.proterm.md\/ro\/wp-json\/wp\/v2\/product_tag?post=3832"}],"curies":[{"name":"wp","href":"https:\/\/api.w.org\/{rel}","templated":true}]}}