{"id":3628,"date":"2021-02-04T11:44:20","date_gmt":"2021-02-04T09:44:20","guid":{"rendered":"https:\/\/test.proterm.md\/?post_type=product&#038;p=3628"},"modified":"2025-05-30T14:20:16","modified_gmt":"2025-05-30T12:20:16","slug":"okc-300-ntrr-solar-set","status":"publish","type":"product","link":"https:\/\/test.proterm.md\/ro\/product\/okc-300-ntrr-solar-set\/","title":{"rendered":"Boiler OKC 300 NTRR\/Solar set"},"content":{"rendered":"<p>\u00cenc\u0103lzitorul de ap\u0103 OKC 300 NTRR \/ SOLAR SET este echipat cu dou\u0103 schimb\u0103toare de c\u0103ldur\u0103. Cel inferior este utilizat pentru conectarea panouri solare, cel superior &#8211; pentru \u00eenc\u0103lzire suplimentar\u0103 cu un cazan. Op\u021bional poate fi instalat \u0219i un termocuplu electric TJ 6\/4 \u201d.<\/p>","protected":false},"excerpt":{"rendered":"<p>volum &#8211; 275 l<br \/>\nmax. presiunea de lucru &#8211; 10 bari<br \/>\nmax. temperatura de lucru &#8211; 90 \u00b0 \u0421<br \/>\nputere nominal\u0103 &#8211; 29, 19 kW (schimb\u0103tor de c\u0103ldur\u0103 inferior, superior c\u00e2nd este \u00eenclinat &#8211; 80\/60 \u00b0 C)<br \/>\nfrecven\u021b\u0103 &#8211; 50 Hz<br \/>\ndiametru &#8211; 597 mm<br \/>\n\u00een\u0103l\u021bime &#8211; 1790 mm<br \/>\ngreutate &#8211; 111 kg<br \/>\nsuprafa\u021ba schimb\u0103torului de c\u0103ldur\u0103 &#8211; 1,2, 0,8 m\u00b2 (schimb\u0103torul de c\u0103ldur\u0103 inferior, superior)<br \/>\nconexiune schimb\u0103tor de c\u0103ldur\u0103 &#8211; lateral<br \/>\nnum\u0103rul de schimb\u0103toare &#8211; 2<br \/>\n<img decoding=\"async\" class=\"alignnone wp-image-7559\" src=\"https:\/\/test.proterm.md\/wp-content\/uploads\/2021\/12\/icopdf-min-300x300.png\" alt=\"\" width=\"25\" height=\"25\" srcset=\"https:\/\/test.proterm.md\/wp-content\/uploads\/2021\/12\/icopdf-min-300x300.png 300w, https:\/\/test.proterm.md\/wp-content\/uploads\/2021\/12\/icopdf-min-150x150.png 150w, https:\/\/test.proterm.md\/wp-content\/uploads\/2021\/12\/icopdf-min-250x250.png 250w, https:\/\/test.proterm.md\/wp-content\/uploads\/2021\/12\/icopdf-min-450x450.png 450w, https:\/\/test.proterm.md\/wp-content\/uploads\/2021\/12\/icopdf-min-500x500.png 500w, https:\/\/test.proterm.md\/wp-content\/uploads\/2021\/12\/icopdf-min-100x100.png 100w, https:\/\/test.proterm.md\/wp-content\/uploads\/2021\/12\/icopdf-min.png 512w\" sizes=\"(max-width: 25px) 100vw, 25px\" \/><a href=\"https:\/\/test.proterm.md\/wp-content\/uploads\/2021\/02\/OKC_SOLar-setRU.pdf\" target=\"_blank\" rel=\"noopener\">Date tehnice<\/a><\/p>\n<p>!!!Recomandat transportarea in pozitie verticala<\/p>\n","protected":false},"featured_media":3629,"template":"","meta":{"_joinchat":[]},"product_brand":[],"product_cat":[39,97],"product_tag":[219],"class_list":{"0":"post-3628","1":"product","2":"type-product","3":"status-publish","4":"has-post-thumbnail","6":"product_cat-boiler","7":"product_cat-boiler_drazice","8":"product_tag-drazice","9":"pa_brand-drazice","10":"pa_name-boiler-drazice","11":"pa_number-serpents-213","12":"pa_tip-boilers-thermal","13":"pa_volume-222","15":"first","16":"instock","17":"shipping-taxable","18":"product-type-simple"},"_links":{"self":[{"href":"https:\/\/test.proterm.md\/ro\/wp-json\/wp\/v2\/product\/3628","targetHints":{"allow":["GET"]}}],"collection":[{"href":"https:\/\/test.proterm.md\/ro\/wp-json\/wp\/v2\/product"}],"about":[{"href":"https:\/\/test.proterm.md\/ro\/wp-json\/wp\/v2\/types\/product"}],"wp:featuredmedia":[{"embeddable":true,"href":"https:\/\/test.proterm.md\/ro\/wp-json\/wp\/v2\/media\/3629"}],"wp:attachment":[{"href":"https:\/\/test.proterm.md\/ro\/wp-json\/wp\/v2\/media?parent=3628"}],"wp:term":[{"taxonomy":"product_brand","embeddable":true,"href":"https:\/\/test.proterm.md\/ro\/wp-json\/wp\/v2\/product_brand?post=3628"},{"taxonomy":"product_cat","embeddable":true,"href":"https:\/\/test.proterm.md\/ro\/wp-json\/wp\/v2\/product_cat?post=3628"},{"taxonomy":"product_tag","embeddable":true,"href":"https:\/\/test.proterm.md\/ro\/wp-json\/wp\/v2\/product_tag?post=3628"}],"curies":[{"name":"wp","href":"https:\/\/api.w.org\/{rel}","templated":true}]}}