{"id":3594,"date":"2021-02-04T10:26:44","date_gmt":"2021-02-04T08:26:44","guid":{"rendered":"https:\/\/test.proterm.md\/?post_type=product&#038;p=3594"},"modified":"2025-05-30T14:20:17","modified_gmt":"2025-05-30T12:20:17","slug":"okc-125","status":"publish","type":"product","link":"https:\/\/test.proterm.md\/ro\/product\/okc-125\/","title":{"rendered":"Boiler OKC 125"},"content":{"rendered":"<p>Incalzitor de apa combinat pentru depozitare pe perete. Pasul orizontal al \u0219uruburilor de ancorare este de 450 mm. Cazanul este potrivit pentru \u00eenc\u0103lzirea apei calde menajere \u00een cl\u0103diri cu \u00eenc\u0103lzire central\u0103 cu gaz \u0219i combustibil solid.<\/p>","protected":false},"excerpt":{"rendered":"<p>Tip: montare pe perete<br \/>\nvolum &#8211; 117 l<br \/>\nclasa de eficien\u021b\u0103 energetic\u0103 a \u00eenc\u0103lzirii apei calde &#8211; C<br \/>\nMax. presiunea de lucru &#8211; 6 bari<br \/>\ntimp de \u00eenc\u0103lzire a schimb\u0103torului de c\u0103ldur\u0103 &#8211; 55 min (de la 10 la 60 \u00b0 C)<br \/>\nputere nominal\u0103 &#8211; 9 kW (la o temperatur\u0103 a apei de 80 \u00b0 C \u0219i un debit de 310 l \/ h)<br \/>\nconsum de energie &#8211; 2,2 kW<br \/>\nTensiune &#8211; 230 V<br \/>\ncapac &#8211; IP 44<br \/>\nfrecven\u021b\u0103 &#8211; 50 Hz<br \/>\ndiametru &#8211; 524 mm<br \/>\n\u00een\u0103l\u021bime &#8211; 1067 mm<br \/>\ngreutate &#8211; 55 kg<br \/>\nSuprafa\u021ba schimb\u0103torului de c\u0103ldur\u0103 &#8211; 0,68 m2<br \/>\nconexiune schimb\u0103tor de c\u0103ldur\u0103 &#8211; spate<br \/>\ninterval de control al temperaturii &#8211; 5-74 \u00b0 \u0421<br \/>\ntimp de \u00eenc\u0103lzire &#8211; 3,2 h (de la 10 la 60 \u00b0 C)<br \/>\n<img decoding=\"async\" class=\"alignnone  wp-image-7559\" src=\"https:\/\/test.proterm.md\/wp-content\/uploads\/2021\/12\/icopdf-min-300x300.png\" alt=\"\" width=\"25\" height=\"25\" srcset=\"https:\/\/test.proterm.md\/wp-content\/uploads\/2021\/12\/icopdf-min-300x300.png 300w, https:\/\/test.proterm.md\/wp-content\/uploads\/2021\/12\/icopdf-min-150x150.png 150w, https:\/\/test.proterm.md\/wp-content\/uploads\/2021\/12\/icopdf-min-250x250.png 250w, https:\/\/test.proterm.md\/wp-content\/uploads\/2021\/12\/icopdf-min-450x450.png 450w, https:\/\/test.proterm.md\/wp-content\/uploads\/2021\/12\/icopdf-min-500x500.png 500w, https:\/\/test.proterm.md\/wp-content\/uploads\/2021\/12\/icopdf-min-100x100.png 100w, https:\/\/test.proterm.md\/wp-content\/uploads\/2021\/12\/icopdf-min.png 512w\" sizes=\"(max-width: 25px) 100vw, 25px\" \/><a href=\"https:\/\/test.proterm.md\/wp-content\/uploads\/2022\/11\/OKC_OKC1m2_1_9_2016_rus.pdf\" target=\"_blank\" rel=\"noopener\">Date tehnice<\/a><\/p>\n","protected":false},"featured_media":3609,"template":"","meta":{"_joinchat":[]},"product_brand":[],"product_cat":[39,97],"product_tag":[219],"class_list":{"0":"post-3594","1":"product","2":"type-product","3":"status-publish","4":"has-post-thumbnail","6":"product_cat-boiler","7":"product_cat-boiler_drazice","8":"product_tag-drazice","9":"pa_brand-drazice","10":"pa_name-boiler-drazice","11":"pa_number-serpents-212","12":"pa_tip-boilers-thermal","13":"pa_volume-223","15":"first","16":"instock","17":"shipping-taxable","18":"product-type-simple"},"_links":{"self":[{"href":"https:\/\/test.proterm.md\/ro\/wp-json\/wp\/v2\/product\/3594","targetHints":{"allow":["GET"]}}],"collection":[{"href":"https:\/\/test.proterm.md\/ro\/wp-json\/wp\/v2\/product"}],"about":[{"href":"https:\/\/test.proterm.md\/ro\/wp-json\/wp\/v2\/types\/product"}],"wp:featuredmedia":[{"embeddable":true,"href":"https:\/\/test.proterm.md\/ro\/wp-json\/wp\/v2\/media\/3609"}],"wp:attachment":[{"href":"https:\/\/test.proterm.md\/ro\/wp-json\/wp\/v2\/media?parent=3594"}],"wp:term":[{"taxonomy":"product_brand","embeddable":true,"href":"https:\/\/test.proterm.md\/ro\/wp-json\/wp\/v2\/product_brand?post=3594"},{"taxonomy":"product_cat","embeddable":true,"href":"https:\/\/test.proterm.md\/ro\/wp-json\/wp\/v2\/product_cat?post=3594"},{"taxonomy":"product_tag","embeddable":true,"href":"https:\/\/test.proterm.md\/ro\/wp-json\/wp\/v2\/product_tag?post=3594"}],"curies":[{"name":"wp","href":"https:\/\/api.w.org\/{rel}","templated":true}]}}