{"id":2813,"date":"2020-12-29T11:21:23","date_gmt":"2020-12-29T11:21:23","guid":{"rendered":"https:\/\/test.proterm.md\/?post_type=product&#038;p=2813"},"modified":"2025-06-24T11:06:01","modified_gmt":"2025-06-24T09:06:01","slug":"drazice-1000-ntrr-bp","status":"publish","type":"product","link":"https:\/\/test.proterm.md\/ro\/product\/drazice-1000-ntrr-bp\/","title":{"rendered":"Boiler OKC 1000 NTRR\/BP"},"content":{"rendered":"<div class=\"wpb-content-wrapper\"><p>[vc_row][vc_column][vc_column_text css_animation=&#8221;bounceIn&#8221; text_larger=&#8221;no&#8221;]Marcarea \u00eenc\u0103lzitoarelor de ap\u0103 Drazice:<br \/>\nOKC \u2013 marcajul de marc\u0103 al \u00eenc\u0103lzitoarelor de ap\u0103<br \/>\nE \u2013 \u00eenc\u0103lzire electric\u0103 auxiliar\u0103 200 \u2013 volum boiler<br \/>\nZ \u2013 suspendat<br \/>\nBP \u2013 flan\u0219\u0103 lateral\u0103 (trapa de inspec\u021bie)<br \/>\nR \u2013 o bobin\u0103 (schimb\u0103tor de c\u0103ldur\u0103)<br \/>\nRR \u2013 dou\u0103 serpentine \/2,2kW \u2013 putere de \u00eenc\u0103lzire electric\u0103 auxiliar\u0103<br \/>\nHV \u2013 bornele superioare ale schimb\u0103torului de c\u0103ldur\u0103<br \/>\n1MPa \u2013 rezervor cu presiune de func\u021bionare p\u00e2n\u0103 la 1 MPa<br \/>\nTUV \u2013 ap\u0103 cald\u0103 pentru uz tehnic \u0219i menajer.<\/p>\n<p>Stratul anticoroziv nu este supus pis\u0103rii \u00een ap\u0103 dur\u0103 \u0219i clorurat\u0103.<br \/>\nIzola\u021bie Covestro de \u00eenalt\u0103 calitate pentru pierderi reduse de c\u0103ldur\u0103 \u0219i costuri de func\u021bionare minime.<br \/>\nPotrivit pentru cazane.<br \/>\nPotrivit pentru cazane \u00een condensare.<br \/>\nIncalzitoare de apa cu doua schimbatoare de caldura.<br \/>\nEste posibil s\u0103 instala\u021bi un element de \u00eenc\u0103lzire TPK.<br \/>\nEste posibil s\u0103 instala\u021bi un element de \u00eenc\u0103lzire TJ 6\/4&#8243; (cu excep\u021bia boilerului de 160 l).<br \/>\nInstalarea flan\u0219ei de \u00eenc\u0103lzire R, SE este posibil\u0103.[\/vc_column_text][\/vc_column][\/vc_row]<\/p>\n<\/div>","protected":false},"excerpt":{"rendered":"<p>Volumul, l 930<br \/>\nPresiunea de func\u021bionare a rezervorului, MPa 1<br \/>\nPresiunea de func\u021bionare a schimb\u0103torului de c\u0103ldur\u0103, MPa 1<br \/>\nMax. temperatura de incalzire ap\u0103, \u00b0C 110<br \/>\nMax. temperatura tehnic\u0103 cald\u0103 ap\u0103, \u00b0C 95<br \/>\n\u00cen\u0103l\u021bimea boilerului, mm 2025<br \/>\nDiametru boiler, mm 1010<br \/>\nGreutate boiler, kg 260<br \/>\nSuprafa\u021ba schimb\u0103torului de c\u0103ldur\u0103 inferior, mp. m 2,45<br \/>\nSuprafa\u021ba schimb\u0103torului de c\u0103ldur\u0103 superior, mp. m 1,12<br \/>\nNom. Incalzi putere la temp. Incalzi apa 80 \u00b0C si debit 720 l\/ora, kW 32\/76<br \/>\nTimp de \u00eenc\u0103lzire a apei de la 10 \u00b0C la 60 \u00b0C, min 43\/37<br \/>\nDebit constant de ap\u0103 cald\u0103* al schimb\u0103torului de c\u0103ldur\u0103 inferior\/superior, l\/or\u0103 1490\/780<br \/>\nClasa de eficienta energetica C<br \/>\nPierdere static\u0103, W 142 *<\/p>\n<p>ap\u0103 cald\u0103 45 \u00b0C.<\/p>\n<p><img decoding=\"async\" class=\"alignnone wp-image-7559\" src=\"https:\/\/test.proterm.md\/wp-content\/uploads\/2021\/12\/icopdf-min-300x300.png\" alt=\"\" width=\"25\" height=\"25\" srcset=\"https:\/\/test.proterm.md\/wp-content\/uploads\/2021\/12\/icopdf-min-300x300.png 300w, https:\/\/test.proterm.md\/wp-content\/uploads\/2021\/12\/icopdf-min-150x150.png 150w, https:\/\/test.proterm.md\/wp-content\/uploads\/2021\/12\/icopdf-min-250x250.png 250w, https:\/\/test.proterm.md\/wp-content\/uploads\/2021\/12\/icopdf-min-450x450.png 450w, https:\/\/test.proterm.md\/wp-content\/uploads\/2021\/12\/icopdf-min-500x500.png 500w, https:\/\/test.proterm.md\/wp-content\/uploads\/2021\/12\/icopdf-min-100x100.png 100w, https:\/\/test.proterm.md\/wp-content\/uploads\/2021\/12\/icopdf-min.png 512w\" sizes=\"(max-width: 25px) 100vw, 25px\" \/><a href=\"https:\/\/test.proterm.md\/wp-content\/uploads\/2022\/07\/OKC-NTRRBP.pdf\" target=\"_blank\" rel=\"noopener\">Date tehnice<\/a><\/p>\n<p>!!!Recomandat transportarea in pozitie verticala<\/p>\n","protected":false},"featured_media":7853,"template":"","meta":{"_joinchat":[]},"product_brand":[],"product_cat":[39,97],"product_tag":[219],"class_list":{"0":"post-2813","1":"product","2":"type-product","3":"status-publish","4":"has-post-thumbnail","6":"product_cat-boiler","7":"product_cat-boiler_drazice","8":"product_tag-drazice","9":"pa_brand-drazice","10":"pa_name-boiler-drazice","11":"pa_number-serpents-213","12":"pa_tip-boilers-thermal","13":"pa_volume-227","15":"first","16":"instock","17":"shipping-taxable","18":"product-type-simple"},"_links":{"self":[{"href":"https:\/\/test.proterm.md\/ro\/wp-json\/wp\/v2\/product\/2813","targetHints":{"allow":["GET"]}}],"collection":[{"href":"https:\/\/test.proterm.md\/ro\/wp-json\/wp\/v2\/product"}],"about":[{"href":"https:\/\/test.proterm.md\/ro\/wp-json\/wp\/v2\/types\/product"}],"wp:featuredmedia":[{"embeddable":true,"href":"https:\/\/test.proterm.md\/ro\/wp-json\/wp\/v2\/media\/7853"}],"wp:attachment":[{"href":"https:\/\/test.proterm.md\/ro\/wp-json\/wp\/v2\/media?parent=2813"}],"wp:term":[{"taxonomy":"product_brand","embeddable":true,"href":"https:\/\/test.proterm.md\/ro\/wp-json\/wp\/v2\/product_brand?post=2813"},{"taxonomy":"product_cat","embeddable":true,"href":"https:\/\/test.proterm.md\/ro\/wp-json\/wp\/v2\/product_cat?post=2813"},{"taxonomy":"product_tag","embeddable":true,"href":"https:\/\/test.proterm.md\/ro\/wp-json\/wp\/v2\/product_tag?post=2813"}],"curies":[{"name":"wp","href":"https:\/\/api.w.org\/{rel}","templated":true}]}}