{"id":2811,"date":"2020-12-29T11:17:57","date_gmt":"2020-12-29T11:17:57","guid":{"rendered":"https:\/\/test.proterm.md\/?post_type=product&#038;p=2811"},"modified":"2025-05-30T14:20:48","modified_gmt":"2025-05-30T12:20:48","slug":"sea-land","status":"publish","type":"product","link":"https:\/\/test.proterm.md\/ro\/product\/sea-land\/","title":{"rendered":"Pompa hidrofor SEA LAND Jet 202M"},"content":{"rendered":"<div class=\"wpb-content-wrapper\"><p>[vc_row][vc_column][vc_column_text css_animation=&#8221;bounceIn&#8221; text_larger=&#8221;no&#8221;]Sta\u021bia de pompare (Hydrofor) SeaLand JET 202M este o pomp\u0103 electric\u0103 centrifug\u0103 cu autoamorsare care este utilizat\u0103 pentru pomparea apei din pu\u021buri de p\u00e2n\u0103 la 9 metri ad\u00e2ncime \u0219i pentru a men\u021bine o presiune constant\u0103 \u00een sistemul de alimentare cu ap\u0103 \u0219i previne pornirile excesive frecvente ale pompei din cauza instala\u021biei acumulatorului hidraulic.[\/vc_column_text][\/vc_column][\/vc_row]<\/p>\n<\/div>","protected":false},"excerpt":{"rendered":"<p>Temperatura lichidului\u00a0 35 \u00b0C<br \/>\nMaterial \u2013 fonta<br \/>\nTensiune \u2013 230V, 3 faze<br \/>\nPuterea \u2013 2200W<br \/>\nInal\u021bimea pomparii ( h max) \u2013 49.5 m<br \/>\nProductivitate (max) \u2013 9.6 m\u00b3\/h<br \/>\nViteza de rotatie \u2013 2800 rp<br \/>\nAdincimea maxima de aspiratie &#8211; 9 m<\/p>\n<p>Sta\u021bia de pompare automat\u0103 este format\u0103 din:<br \/>\n&#8211; acumulator hidraulic orizontal din otel Zilmet (Italia) cu diafragma din cauciuc alimentar, capacitate: 24 l sau 50 litri<br \/>\n&#8211; presostat Italtecnica (Italia), configurat din fabrica 1,5-3,5 (10) atm<br \/>\n&#8211; manometru Cewal S.p.A. (Italia)<br \/>\n&#8211; furtun flexibil in forma de L PARIGI (Italia)<br \/>\n&#8211; conector din alama Caleffi (Italia) pentru 5 gauri.<\/p>\n","protected":false},"featured_media":7954,"template":"","meta":{"_joinchat":[]},"product_brand":[],"product_cat":[40,64],"product_tag":[327],"class_list":{"0":"post-2811","1":"product","2":"type-product","3":"status-publish","4":"has-post-thumbnail","6":"product_cat-pompa_apa","7":"product_cat-pompe_hidrofor","8":"product_tag-sea-land-water-pump","9":"pa_brand-sea_land_pompe_apa","10":"pa_maximum-productivity-9-6","11":"pa_pumping-height-49-5","13":"first","14":"instock","15":"sale","16":"shipping-taxable","17":"product-type-simple"},"_links":{"self":[{"href":"https:\/\/test.proterm.md\/ro\/wp-json\/wp\/v2\/product\/2811","targetHints":{"allow":["GET"]}}],"collection":[{"href":"https:\/\/test.proterm.md\/ro\/wp-json\/wp\/v2\/product"}],"about":[{"href":"https:\/\/test.proterm.md\/ro\/wp-json\/wp\/v2\/types\/product"}],"wp:featuredmedia":[{"embeddable":true,"href":"https:\/\/test.proterm.md\/ro\/wp-json\/wp\/v2\/media\/7954"}],"wp:attachment":[{"href":"https:\/\/test.proterm.md\/ro\/wp-json\/wp\/v2\/media?parent=2811"}],"wp:term":[{"taxonomy":"product_brand","embeddable":true,"href":"https:\/\/test.proterm.md\/ro\/wp-json\/wp\/v2\/product_brand?post=2811"},{"taxonomy":"product_cat","embeddable":true,"href":"https:\/\/test.proterm.md\/ro\/wp-json\/wp\/v2\/product_cat?post=2811"},{"taxonomy":"product_tag","embeddable":true,"href":"https:\/\/test.proterm.md\/ro\/wp-json\/wp\/v2\/product_tag?post=2811"}],"curies":[{"name":"wp","href":"https:\/\/api.w.org\/{rel}","templated":true}]}}