{"id":17410,"date":"2025-12-12T15:06:50","date_gmt":"2025-12-12T13:06:50","guid":{"rendered":"https:\/\/test.proterm.md\/?post_type=product&#038;p=17410"},"modified":"2025-12-12T15:06:50","modified_gmt":"2025-12-12T13:06:50","slug":"pompa-antares-upmh-25-6-130-2","status":"publish","type":"product","link":"https:\/\/test.proterm.md\/ro\/product\/pompa-antares-upmh-25-6-130-2\/","title":{"rendered":"Pompa de circulatie Antares UPMH 25-6 130"},"content":{"rendered":"<div class=\"wpb-content-wrapper\"><p>[vc_row][vc_column][vc_column_text css_animation=&#8221;none&#8221; css=&#8221;&#8221; text_larger=&#8221;no&#8221;]<\/p>\n<p data-start=\"39\" data-end=\"96\"><strong data-start=\"39\" data-end=\"96\">Pomp\u0103 de circula\u021bie universal\u0103 pentru orice aplica\u021bii<\/strong><\/p>\n<p data-start=\"98\" data-end=\"162\">\u25b8 Pomp\u0103 universal\u0103, potrivit\u0103 pentru \u00eenlocuire \u00een orice sistem<\/p>\n<p data-start=\"164\" data-end=\"386\">\u25b8 Pomp\u0103 de circula\u021bie inteligent\u0103, cu convertizor de frecven\u021b\u0103 \u0219i control electronic:<br data-start=\"249\" data-end=\"252\" \/>\u25cf <strong data-start=\"254\" data-end=\"285\">PP \u2013 Presiune propor\u021bional\u0103<\/strong><br data-start=\"285\" data-end=\"288\" \/>\u25cf <strong data-start=\"290\" data-end=\"317\">CP \u2013 Presiune constant\u0103<\/strong><br data-start=\"317\" data-end=\"320\" \/>\u25cf <strong data-start=\"322\" data-end=\"347\">CS \u2013 Vitez\u0103 constant\u0103<\/strong><br data-start=\"347\" data-end=\"350\" \/>\u25cf <strong data-start=\"352\" data-end=\"384\">Self Adapt \u2013 Control automat<\/strong><\/p>\n<p data-start=\"388\" data-end=\"471\">\u25b8 Conform\u0103 cu directivele europene Eup\/ErP, indice de eficien\u021b\u0103 energetic\u0103 \u2264 0,21<\/p>\n<p data-start=\"473\" data-end=\"545\">\u25b8 Echipat\u0103 cu controlere PWM1 \u0219i PWM2 pentru control extern parametric<\/p>\n<p data-start=\"547\" data-end=\"652\">\u25b8 Construc\u021bie de calitate: elementele rotative sunt realizate din rulmen\u021bi ceramici rezisten\u021bi la uzur\u0103<\/p>\n<p data-start=\"654\" data-end=\"996\"><strong data-start=\"654\" data-end=\"677\">ANTARES MODULEX UPM<\/strong> este o pomp\u0103 de circula\u021bie inteligent\u0103, cu convertizor de frecven\u021b\u0103 \u0219i control electronic integrat al presiunii diferen\u021biale.<br data-start=\"803\" data-end=\"806\" \/>Exist\u0103 posibilitatea de reglare a modulului de control \u0219i a \u00een\u0103l\u021bimii de pompare (presiunea diferen\u021bial\u0103).<br data-start=\"912\" data-end=\"915\" \/>Presiunea diferen\u021bial\u0103 este reglat\u0103 prin modificarea vitezei de rota\u021bie a pompei.<\/p>\n<p data-start=\"39\" data-end=\"110\"><strong data-start=\"39\" data-end=\"110\">Pomp\u0103 de circula\u021bie universal\u0103 pentru orice instala\u021bie \u0219i \u00eenlocuire<\/strong><\/p>\n<p data-start=\"112\" data-end=\"327\">\u25b8 <strong data-start=\"114\" data-end=\"150\">Intercompatibilitate universal\u0103:<\/strong> \u00eenlocuie\u0219te cu u\u0219urin\u021b\u0103 pompele de circula\u021bie defecte sau ineficiente, elimin\u00e2nd necesitatea depozit\u0103rii unor piese de schimb suplimentare \u2014 economisind spa\u021biu, timp \u0219i bani.<\/p>\n<p data-start=\"329\" data-end=\"511\">\u25b8 <strong data-start=\"331\" data-end=\"365\">Eficien\u021b\u0103 energetic\u0103 ridicat\u0103:<\/strong> este potrivit\u0103 nu doar pentru \u00eenlocuirea pompelor defecte, ci \u0219i pentru sisteme noi sau modernizate, datorit\u0103 eficien\u021bei energetice superioare.<\/p>\n<p data-start=\"513\" data-end=\"697\">\u25b8 <strong data-start=\"515\" data-end=\"566\">Echipat\u0103 cu un motor compact \u0219i foarte eficient<\/strong>, care consum\u0103 mai pu\u021bin\u0103 energie comparativ cu genera\u021biile precedente, reduc\u00e2nd astfel costurile de exploatare pentru \u00eenc\u0103lzire.<\/p>\n<p data-start=\"699\" data-end=\"722\"><strong data-start=\"699\" data-end=\"720\">Potrivit\u0103 pentru:<\/strong><\/p>\n<p data-start=\"699\" data-end=\"722\"><em>Pompe de c\u0103ldur\u0103<\/em><br data-start=\"59\" data-end=\"62\" \/><em>Sisteme tradi\u021bionale de \u00eenc\u0103lzire<\/em><br data-start=\"99\" data-end=\"102\" \/><em>Sisteme de \u00eenc\u0103lzire prin pardoseal\u0103<\/em><br data-start=\"142\" data-end=\"145\" \/><em>Module de amestec \u0219i schimb de c\u0103ldur\u0103<\/em><br data-start=\"187\" data-end=\"190\" \/><em>Sisteme de \u00eenc\u0103lzire pe biocombustibil<\/em><\/p>\n<p>[\/vc_column_text][\/vc_column][\/vc_row]<\/p>\n<\/div>","protected":false},"excerpt":{"rendered":"<p>Racord filetat G 1 1\/2\u2033M<br \/>\nDebit max. 3,2 m\u00b3\/ora<br \/>\nInaltimea pomparii max. &#8211; 6m<br \/>\nLungime de montare 130 mm<br \/>\nTensiune 1x230V<br \/>\nPutere 45W,<br \/>\nPresiune de lucru max. 10 bar<br \/>\nProtec\u021bie integrat\u0103 a motorului<br \/>\nTemperatura minima a lichidului + 2\u00b0C<br \/>\nTemperatura maximala a lichidului +110\u00b0C<br \/>\nTemperatur\u0103 ambienta -30\u00b0C &#8211; 55\u00b0C<br \/>\nTemperatura suprafe\u021bei +125\u00b0C<br \/>\nClasa de siguranta &#8211; IP44<br \/>\nStandart EMC &#8211; GB 4343,2 GB 4343,2 GB 17625,1 GB 17625,2<\/p>\n<p data-start=\"39\" data-end=\"224\"><strong data-start=\"39\" data-end=\"140\">Posibilitatea de reglare a modului de control \u0219i a \u00een\u0103l\u021bimii de pompare (presiunea diferen\u021bial\u0103).<\/strong><br data-start=\"140\" data-end=\"143\" \/>Presiunea diferen\u021bial\u0103 este reglat\u0103 prin modificarea vitezei de rota\u021bie a pompei.<\/p>\n<p data-start=\"226\" data-end=\"413\"><strong data-start=\"226\" data-end=\"265\">Caracteristicile lichidului pompat:<\/strong><br data-start=\"265\" data-end=\"268\" \/>Lichid curat, f\u0103r\u0103 particule solide \u0219i f\u0103r\u0103 uleiuri minerale, netoxic, chimic neutru, cu un con\u021binut de antigel pe baz\u0103 de glicol de p\u00e2n\u0103 la 50%.<\/p>\n<p data-start=\"415\" data-end=\"497\"><strong data-start=\"415\" data-end=\"426\">Montaj:<\/strong><br data-start=\"426\" data-end=\"429\" \/>Axa motorului electric trebuie s\u0103 fie pozi\u021bionat\u0103 \u00een plan orizontal.<\/p>\n<p><img decoding=\"async\" class=\"alignnone size-full wp-image-7710\" src=\"https:\/\/test.proterm.md\/wp-content\/uploads\/2021\/02\/pdf.png\" alt=\"PDF download\" width=\"40\" height=\"40\" \/><a href=\"https:\/\/test.proterm.md\/wp-content\/uploads\/2025\/01\/UPHH-Manual-Romana.pdf\" target=\"_blank\" rel=\"noopener\">Date tehnice<\/a><\/p>\n<p><a href=\"https:\/\/test.proterm.md\/wp-content\/uploads\/2025\/11\/Pompa-UPMH-pasaport-tehnic.pdf\" target=\"_blank\" rel=\"noopener\"><img decoding=\"async\" class=\"alignnone size-full wp-image-7710\" src=\"https:\/\/test.proterm.md\/wp-content\/uploads\/2021\/02\/pdf.png\" alt=\"PDF download\" width=\"40\" height=\"40\" \/>Pasaport tehnic<\/a><\/p>\n<p>&nbsp;<\/p>\n","protected":false},"featured_media":17406,"template":"","meta":{"_joinchat":[]},"product_brand":[],"product_cat":[62,40],"product_tag":[2342],"class_list":{"0":"post-17410","1":"product","2":"type-product","3":"status-publish","4":"has-post-thumbnail","6":"product_cat-pompa_circulatie","7":"product_cat-pompa_apa","8":"product_tag-antares","9":"pa_brand-antares","10":"pa_maximum-productivity-323","11":"pa_pumping-height-269","13":"first","14":"instock","15":"shipping-taxable","16":"product-type-simple"},"_links":{"self":[{"href":"https:\/\/test.proterm.md\/ro\/wp-json\/wp\/v2\/product\/17410","targetHints":{"allow":["GET"]}}],"collection":[{"href":"https:\/\/test.proterm.md\/ro\/wp-json\/wp\/v2\/product"}],"about":[{"href":"https:\/\/test.proterm.md\/ro\/wp-json\/wp\/v2\/types\/product"}],"wp:featuredmedia":[{"embeddable":true,"href":"https:\/\/test.proterm.md\/ro\/wp-json\/wp\/v2\/media\/17406"}],"wp:attachment":[{"href":"https:\/\/test.proterm.md\/ro\/wp-json\/wp\/v2\/media?parent=17410"}],"wp:term":[{"taxonomy":"product_brand","embeddable":true,"href":"https:\/\/test.proterm.md\/ro\/wp-json\/wp\/v2\/product_brand?post=17410"},{"taxonomy":"product_cat","embeddable":true,"href":"https:\/\/test.proterm.md\/ro\/wp-json\/wp\/v2\/product_cat?post=17410"},{"taxonomy":"product_tag","embeddable":true,"href":"https:\/\/test.proterm.md\/ro\/wp-json\/wp\/v2\/product_tag?post=17410"}],"curies":[{"name":"wp","href":"https:\/\/api.w.org\/{rel}","templated":true}]}}