{"id":17290,"date":"2025-10-02T16:28:22","date_gmt":"2025-10-02T14:28:22","guid":{"rendered":"https:\/\/test.proterm.md\/?post_type=product&#038;p=17290"},"modified":"2025-10-03T13:44:16","modified_gmt":"2025-10-03T11:44:16","slug":"boiler-okc-125-ntr-hv-22kw","status":"publish","type":"product","link":"https:\/\/test.proterm.md\/ro\/product\/boiler-okc-125-ntr-hv-22kw\/","title":{"rendered":"Boiler OKC 125 NTR\/HV\/2,2kW"},"content":{"rendered":"<p>Boiler sta\u021bionar cu element de \u00eenc\u0103lzire \u0219i schimb\u0103tor de c\u0103ldur\u0103, cu racorduri de intrare \u0219i ie\u0219ire \u00een capacul superior, potrivit pentru instalare sub cazanele murale.<\/p>\n<table class=\"producticons\">\n<tbody data-wp-editing=\"1\">\n<tr>\n<td><img decoding=\"async\" src=\"https:\/\/www.dzd.cz\/images\/ikony\/keramicke-topne-teleso.png\" alt=\"\u041a\u0435\u0440\u0430\u043c\u0438\u0447\u0435\u0441\u043a\u0438\u0439 \u043d\u0430\u0433\u0440\u0435\u0432\u0430\u0442\u0435\u043b\u044c\u043d\u044b\u0439 \u044d\u043b\u0435\u043c\u0435\u043d\u0442\" \/><\/td>\n<td><strong data-start=\"217\" data-end=\"249\">Element de \u00eenc\u0103lzire ceramic<\/strong> \u2013 Elementul de \u00eenc\u0103lzire ceramic prelunge\u0219te semnificativ durata de via\u021b\u0103 a boilerului.<\/td>\n<td><img decoding=\"async\" src=\"https:\/\/www.dzd.cz\/images\/ikony\/moznosti-vyuziti-nizkeho-tarifu.png\" alt=\"\u0412\u043e\u0437\u043c\u043e\u0436\u043d\u043e\u0441\u0442\u044c \u0438\u0441\u043f\u043e\u043b\u044c\u0437\u043e\u0432\u0430\u043d\u0438\u044f \u043d\u0438\u0437\u043a\u043e\u0433\u043e \u0442\u0430\u0440\u0438\u0444\u0430\" \/><\/td>\n<td><strong data-start=\"342\" data-end=\"386\">Posibilitatea utiliz\u0103rii tarifului redus<\/strong> \u2013 Poate fi folosit pe baza tarifului redus de energie electric\u0103 (tarif de noapte).<\/td>\n<\/tr>\n<tr>\n<td><img decoding=\"async\" src=\"https:\/\/www.dzd.cz\/images\/ikony\/antikornozni-vrstva.png\" alt=\"\u0410\u043d\u0442\u0438\u043a\u043e\u0440\u0440\u043e\u0437\u0438\u0439\u043d\u044b\u0439 \u0441\u043b\u043e\u0439\" \/><\/td>\n<td><strong data-start=\"474\" data-end=\"495\">Strat anticoroziv<\/strong> \u2013 Stratul anticoroziv nu este predispus la coroziune punctual\u0103 \u00een contact cu apa dur\u0103 \u0219i clorinat\u0103.<\/td>\n<td><img decoding=\"async\" src=\"https:\/\/www.dzd.cz\/images\/ikony\/vhodny-ke-kotlum.png\" alt=\"\u041f\u043e\u0434\u0445\u043e\u0434\u0438\u0442 \u0434\u043b\u044f \u043a\u043e\u0442\u043b\u043e\u0432\" \/><\/td>\n<td><strong data-start=\"600\" data-end=\"626\">Potrivit pentru cazane<\/strong> \u2013 Compatibil cu cazane.<\/td>\n<\/tr>\n<tr>\n<td><img decoding=\"async\" src=\"https:\/\/www.dzd.cz\/images\/ikony\/vysoce-kvalitni-izolace-covestro.png\" alt=\"\u0412\u044b\u0441\u043e\u043a\u043e\u043a\u0430\u0447\u0435\u0441\u0442\u0432\u0435\u043d\u043d\u0430\u044f \u0438\u0437\u043e\u043b\u044f\u0446\u0438\u044f Covestro\" \/><\/td>\n<td><strong data-start=\"655\" data-end=\"695\">Izola\u021bie de \u00eenalt\u0103 calitate Covestro<\/strong> \u2013 Izola\u021bie de \u00eenalt\u0103 calitate Covestro pentru reducerea pierderilor de c\u0103ldur\u0103 \u0219i minimizarea costurilor de exploatare.<\/td>\n<td><img decoding=\"async\" src=\"https:\/\/www.dzd.cz\/images\/ikony\/vhodny-i-ke-kondenzacnim-kotlum.png\" alt=\"vhodny i ke kondenzacnim kotlum\" \/><\/td>\n<td>De asemenea, potrivit pentru cazane \u00een condensare.<\/td>\n<\/tr>\n<tr>\n<td><img decoding=\"async\" src=\"https:\/\/www.dzd.cz\/images\/ikony\/zasobnik-s-jednim-vymenikem.png\" alt=\"\u0411\u043e\u0439\u043b\u0435\u0440 \u0441 \u043e\u0434\u043d\u0438\u043c \u0442\u0435\u043f\u043b\u043e\u043e\u0431\u043c\u0435\u043d\u043d\u0438\u043a\u043e\u043c\" \/><\/td>\n<td>Boiler cu un singur schimb\u0103tor de c\u0103ldur\u0103.<\/td>\n<td><img decoding=\"async\" src=\"https:\/\/www.dzd.cz\/images\/ikony\/elektricke-topne-teleso.png\" alt=\"\u042d\u043b\u0435\u043a\u0442\u0440\u0438\u0447\u0435\u0441\u043a\u0438\u0439 \u043d\u0430\u0433\u0440\u0435\u0432\u0430\u0442\u0435\u043b\u044c\u043d\u044b\u0439 \u044d\u043b\u0435\u043c\u0435\u043d\u0442\" \/><\/td>\n<td><strong data-start=\"930\" data-end=\"963\">Element de \u00eenc\u0103lzire electric<\/strong> \u2013 Elementul de \u00eenc\u0103lzire electric face parte din boiler.<\/td>\n<\/tr>\n<\/tbody>\n<\/table>\n<p><\/p>","protected":false},"excerpt":{"rendered":"<p>volum &#8211; 107 l<br \/>\nClasa de eficienta energetica pentru incalzirea apei &#8211; A<br \/>\nMax. presiune de lucru in camera &#8211; 6 bar<br \/>\nMax. presiune de lucru in schimbator &#8211; 10 bar<br \/>\nMax. temperatura de func\u021bionare &#8211; 80 \u00b0 C<br \/>\nGrosimea izolatiei &#8211; 72mm<br \/>\nTimp de \u00eenc\u0103lzire a schimb\u0103torului de c\u0103ldur\u0103 &#8211; 12 min (de la 10 la 60 \u00b0 C)<br \/>\nTimp de \u00eenc\u0103lzire de la energie electrica &#8211; 168 min (de la 10 la 60 \u00b0 C)<br \/>\nfrecventa &#8211; 50 Hz\/230<br \/>\nSuprafata schimbatorului &#8211; 1,45 m\u00b2<br \/>\ndiametru &#8211; 584 mm<br \/>\n\u00een\u0103l\u021bime &#8211; 1045 mm<br \/>\ngreutate &#8211; 77 kg<br \/>\nconexiune schimb\u0103tor de c\u0103ldur\u0103 &#8211; de sus<br \/>\nnum\u0103rul de schimb\u0103toare &#8211; 1<\/p>\n<p>Toate intr\u0103rile \u0219i ie\u0219irile se fac pe partea superioara.<br \/>\nBoileru poate fi instalat direct sub cazanele de perete.<br \/>\nCu un element de \u00eenc\u0103lzire monofazat de 2,2 kW.<br \/>\nCentralele sunt dotate cu o supap\u0103 de golire.<\/p>\n<p><img decoding=\"async\" class=\"alignnone wp-image-7559\" src=\"https:\/\/test.proterm.md\/wp-content\/uploads\/2021\/12\/icopdf-min-300x300.png\" alt=\"\" width=\"25\" height=\"25\" srcset=\"https:\/\/test.proterm.md\/wp-content\/uploads\/2021\/12\/icopdf-min-300x300.png 300w, https:\/\/test.proterm.md\/wp-content\/uploads\/2021\/12\/icopdf-min-150x150.png 150w, https:\/\/test.proterm.md\/wp-content\/uploads\/2021\/12\/icopdf-min-250x250.png 250w, https:\/\/test.proterm.md\/wp-content\/uploads\/2021\/12\/icopdf-min-450x450.png 450w, https:\/\/test.proterm.md\/wp-content\/uploads\/2021\/12\/icopdf-min-500x500.png 500w, https:\/\/test.proterm.md\/wp-content\/uploads\/2021\/12\/icopdf-min-100x100.png 100w, https:\/\/test.proterm.md\/wp-content\/uploads\/2021\/12\/icopdf-min.png 512w\" sizes=\"(max-width: 25px) 100vw, 25px\" \/><a href=\"https:\/\/test.proterm.md\/wp-content\/uploads\/2025\/10\/OKCE_NTR_HV_22kW_RUS_15_5_2025_RUS.pdf\" target=\"_blank\" rel=\"noopener\">Date tehnice<\/a><\/p>\n","protected":false},"featured_media":17294,"template":"","meta":{"_joinchat":[]},"product_brand":[],"product_cat":[39,97],"product_tag":[219],"class_list":{"0":"post-17290","1":"product","2":"type-product","3":"status-publish","4":"has-post-thumbnail","6":"product_cat-boiler","7":"product_cat-boiler_drazice","8":"product_tag-drazice","9":"pa_brand-drazice","10":"pa_name-boiler-drazice","11":"pa_number-serpents-212","12":"pa_tip-boilers-electric","13":"pa_tip-boilers-thermal","14":"pa_volume-223","16":"first","17":"instock","18":"shipping-taxable","19":"product-type-simple"},"_links":{"self":[{"href":"https:\/\/test.proterm.md\/ro\/wp-json\/wp\/v2\/product\/17290","targetHints":{"allow":["GET"]}}],"collection":[{"href":"https:\/\/test.proterm.md\/ro\/wp-json\/wp\/v2\/product"}],"about":[{"href":"https:\/\/test.proterm.md\/ro\/wp-json\/wp\/v2\/types\/product"}],"wp:featuredmedia":[{"embeddable":true,"href":"https:\/\/test.proterm.md\/ro\/wp-json\/wp\/v2\/media\/17294"}],"wp:attachment":[{"href":"https:\/\/test.proterm.md\/ro\/wp-json\/wp\/v2\/media?parent=17290"}],"wp:term":[{"taxonomy":"product_brand","embeddable":true,"href":"https:\/\/test.proterm.md\/ro\/wp-json\/wp\/v2\/product_brand?post=17290"},{"taxonomy":"product_cat","embeddable":true,"href":"https:\/\/test.proterm.md\/ro\/wp-json\/wp\/v2\/product_cat?post=17290"},{"taxonomy":"product_tag","embeddable":true,"href":"https:\/\/test.proterm.md\/ro\/wp-json\/wp\/v2\/product_tag?post=17290"}],"curies":[{"name":"wp","href":"https:\/\/api.w.org\/{rel}","templated":true}]}}