{"id":17179,"date":"2025-09-29T10:18:15","date_gmt":"2025-09-29T08:18:15","guid":{"rendered":"https:\/\/test.proterm.md\/?post_type=product&#038;p=17179"},"modified":"2025-09-29T10:53:52","modified_gmt":"2025-09-29T08:53:52","slug":"supapa-de-siguranta-caleffi-3-4-6-bar","status":"publish","type":"product","link":"https:\/\/test.proterm.md\/ro\/product\/supapa-de-siguranta-caleffi-3-4-6-bar\/","title":{"rendered":"Supapa de siguranta Caleffi 3\/4&#8243; 6 bar"},"content":{"rendered":"<p>Supapa de siguranta Caleffi de 3\/4&#8243; , 6 bari este conceput\u0103 pentru a proteja sistemele de \u00eenc\u0103lzire \u0219i alimentare cu ap\u0103 de presiunea excesiv\u0103. C\u00e2nd presiunea atinge 6 bari, supapa elibereaz\u0103 automat excesul de ap\u0103\/abur, prevenind deteriorarea echipamentelor \u0219i a conductelor.<\/p>\n<p>\u2714Protec\u021bie la supratensiune<\/p>\n<p>\u2714Instalare \u0219i \u00eentre\u021binere u\u0219oar\u0103<\/p>\n<p>\u2714Func\u021bionare durabil\u0103 \u0219i fiabil\u0103<\/p>\n<p>\u2714Corp din alam\u0103 de \u00eenalt\u0103 calitate, rezistent la coroziune<\/p>\n<p>\u2714Design fiabil al arcului pentru o func\u021bionare de lung\u0103 durat\u0103<\/p>\n<p>\u2714Potrivit pentru cazane, \u00eenc\u0103lzitoare de ap\u0103 \u0219i sisteme de \u00eenc\u0103lzire \u00eenchise<\/p>","protected":false},"excerpt":{"rendered":"<p>Marc\u0103 comercial\u0103 &#8211; Caleffi<br \/>\nMontare &#8211; 3\/4&#8243; F\/F<br \/>\nMaterial &#8211; alama.<br \/>\nPresiune de r\u0103spuns &#8211; 6 bar<br \/>\nTemperatura maxim\u0103 de func\u021bionare &#8211; 110 \u00b0 C<br \/>\nCompatibil cu\u00a0centrale termice pe gaz Immergas Victrix 50 \u00een condensare.<br \/>\nTara de origine &#8211; Italia<\/p>\n","protected":false},"featured_media":17180,"template":"","meta":{"_joinchat":[]},"product_brand":[],"product_cat":[71],"product_tag":[],"class_list":{"0":"post-17179","1":"product","2":"type-product","3":"status-publish","4":"has-post-thumbnail","6":"product_cat-robineti_racorduri","8":"first","9":"instock","10":"shipping-taxable","11":"product-type-simple"},"_links":{"self":[{"href":"https:\/\/test.proterm.md\/ro\/wp-json\/wp\/v2\/product\/17179","targetHints":{"allow":["GET"]}}],"collection":[{"href":"https:\/\/test.proterm.md\/ro\/wp-json\/wp\/v2\/product"}],"about":[{"href":"https:\/\/test.proterm.md\/ro\/wp-json\/wp\/v2\/types\/product"}],"wp:featuredmedia":[{"embeddable":true,"href":"https:\/\/test.proterm.md\/ro\/wp-json\/wp\/v2\/media\/17180"}],"wp:attachment":[{"href":"https:\/\/test.proterm.md\/ro\/wp-json\/wp\/v2\/media?parent=17179"}],"wp:term":[{"taxonomy":"product_brand","embeddable":true,"href":"https:\/\/test.proterm.md\/ro\/wp-json\/wp\/v2\/product_brand?post=17179"},{"taxonomy":"product_cat","embeddable":true,"href":"https:\/\/test.proterm.md\/ro\/wp-json\/wp\/v2\/product_cat?post=17179"},{"taxonomy":"product_tag","embeddable":true,"href":"https:\/\/test.proterm.md\/ro\/wp-json\/wp\/v2\/product_tag?post=17179"}],"curies":[{"name":"wp","href":"https:\/\/api.w.org\/{rel}","templated":true}]}}