{"id":17139,"date":"2025-09-03T15:21:22","date_gmt":"2025-09-03T13:21:22","guid":{"rendered":"https:\/\/test.proterm.md\/?post_type=product&#038;p=17139"},"modified":"2025-09-03T15:31:38","modified_gmt":"2025-09-03T13:31:38","slug":"pasta-verde-de-etansare","status":"publish","type":"product","link":"https:\/\/test.proterm.md\/ro\/product\/pasta-verde-de-etansare\/","title":{"rendered":"Pasta verde de etansare"},"content":{"rendered":"","protected":false},"excerpt":{"rendered":"<p>PASTA VERDE este un sigilant \u0219i mastic anti-grip, antioxidant destinat sigil\u0103rii racordurilor hidraulice. Compozi\u021bia sa include un amestec de minerale inerte, uleiuri vegetale \u0219i s\u0103punuri de Litiu.<\/p>\n<p>Este gata de utilizare pentru etan\u0219area racordurilor filetate. Se recomand\u0103 pentru instala\u021bii de gaz, ap\u0103 rece \u0219i cald\u0103, aer \u0219i abur de joas\u0103 \u0219i medie presiune, \u00eempreun\u0103 cu c\u00e2nep\u0103. Datorit\u0103 calit\u0103\u021bii sale superioare, Pasta Verde nu este toxic\u0103, are propriet\u0103\u021bi anticorozive, men\u021bine o consisten\u021b\u0103 moale \u0219i aderent\u0103 pe filete umede sau unsuroase. Permite demontarea u\u0219oar\u0103 a cuplajelor filetate, chiar \u0219i dup\u0103 perioade lungi de timp.<\/p>\n<p>Nu trebuie diluat\u0103 cu substan\u021be inflamabile sau alimentare. Nu se \u0219terge cu materiale textile murdare sau uleioase. Nu este recomandat\u0103 pentru utilizarea cu GPL sau oxigen. Nu corodeaz\u0103 metalul \u0219i nu este recomandat\u0103 pentru etan\u0219area filetelor din plastic \u2014 pentru acestea, se utilizeaz\u0103 doar band\u0103 de teflon.<\/p>\n<p><a href=\"https:\/\/test.proterm.md\/wp-content\/uploads\/2025\/09\/FT-PASTA-VERDE.pdf\" target=\"_blank\" rel=\"noopener\"><img decoding=\"async\" class=\"alignnone wp-image-7559\" src=\"https:\/\/test.proterm.md\/wp-content\/uploads\/2021\/12\/icopdf-min-250x250.png\" alt=\"\" width=\"32\" height=\"32\" srcset=\"https:\/\/test.proterm.md\/wp-content\/uploads\/2021\/12\/icopdf-min-250x250.png 250w, https:\/\/test.proterm.md\/wp-content\/uploads\/2021\/12\/icopdf-min-150x150.png 150w, https:\/\/test.proterm.md\/wp-content\/uploads\/2021\/12\/icopdf-min-450x450.png 450w, https:\/\/test.proterm.md\/wp-content\/uploads\/2021\/12\/icopdf-min-300x300.png 300w, https:\/\/test.proterm.md\/wp-content\/uploads\/2021\/12\/icopdf-min-500x500.png 500w, https:\/\/test.proterm.md\/wp-content\/uploads\/2021\/12\/icopdf-min-100x100.png 100w, https:\/\/test.proterm.md\/wp-content\/uploads\/2021\/12\/icopdf-min.png 512w\" sizes=\"(max-width: 32px) 100vw, 32px\" \/>Fisa tehnica<\/a><\/p>\n","protected":false},"featured_media":17141,"template":"","meta":{"_joinchat":[]},"product_brand":[],"product_cat":[681],"product_tag":[2417],"class_list":{"0":"post-17139","1":"product","2":"type-product","3":"status-publish","4":"has-post-thumbnail","6":"product_cat-solutii_antiinghet_antigel","7":"product_tag-laborex","8":"pa_brand-laborex","10":"first","11":"instock","12":"shipping-taxable","13":"product-type-simple"},"_links":{"self":[{"href":"https:\/\/test.proterm.md\/ro\/wp-json\/wp\/v2\/product\/17139","targetHints":{"allow":["GET"]}}],"collection":[{"href":"https:\/\/test.proterm.md\/ro\/wp-json\/wp\/v2\/product"}],"about":[{"href":"https:\/\/test.proterm.md\/ro\/wp-json\/wp\/v2\/types\/product"}],"wp:featuredmedia":[{"embeddable":true,"href":"https:\/\/test.proterm.md\/ro\/wp-json\/wp\/v2\/media\/17141"}],"wp:attachment":[{"href":"https:\/\/test.proterm.md\/ro\/wp-json\/wp\/v2\/media?parent=17139"}],"wp:term":[{"taxonomy":"product_brand","embeddable":true,"href":"https:\/\/test.proterm.md\/ro\/wp-json\/wp\/v2\/product_brand?post=17139"},{"taxonomy":"product_cat","embeddable":true,"href":"https:\/\/test.proterm.md\/ro\/wp-json\/wp\/v2\/product_cat?post=17139"},{"taxonomy":"product_tag","embeddable":true,"href":"https:\/\/test.proterm.md\/ro\/wp-json\/wp\/v2\/product_tag?post=17139"}],"curies":[{"name":"wp","href":"https:\/\/api.w.org\/{rel}","templated":true}]}}