{"id":17129,"date":"2025-09-03T13:24:59","date_gmt":"2025-09-03T11:24:59","guid":{"rendered":"https:\/\/test.proterm.md\/?post_type=product&#038;p=17129"},"modified":"2025-09-03T14:48:20","modified_gmt":"2025-09-03T12:48:20","slug":"inhibitor-de-coroziune-si-depuneri","status":"publish","type":"product","link":"https:\/\/test.proterm.md\/ro\/product\/inhibitor-de-coroziune-si-depuneri\/","title":{"rendered":"INSTAL PROTECT PLUS &#8211; Inhibitor de coroziune si depuneri cu film protector"},"content":{"rendered":"","protected":false},"excerpt":{"rendered":"<p><strong>Flacon &#8211; 1 Kg \/ 0.9 Litri<\/strong><\/p>\n<p><strong>INSTAL PROTECT PLUS<\/strong>\u00a0este un inhibitor de coroziune cu pH neutru, special formulat pentru instala\u021biile termice, pe baz\u0103 de amestec de aditivi anorganici.<\/p>\n<p>Acest produs ofer\u0103 protec\u021bie optim\u0103 pentru instala\u021biile care con\u021bin elemente din aluminiu, aliaje aluminiu-siliciu, o\u021bel, font\u0103, cupru \u0219i inox. Prin utilizarea sa, se ob\u021bine o protec\u021bie anticoroziv\u0103 superioar\u0103 cu peste 30% fa\u021b\u0103 de apa demineralizat\u0103 folosit\u0103 ca agent termic.<\/p>\n<p>Prin formarea unui strat protector pe suprafa\u021ba metalic\u0103,\u00a0<strong>INSTAL PROTECT PLUS<\/strong>\u00a0previne acumularea de depuneri (piatr\u0103, n\u0103mol), av\u00e2nd \u0219i propriet\u0103\u021bi anticrust\u0103, precum \u0219i reducerea fenomenelor de oxidare \u0219i electrocoroziune cauzate de prezen\u021ba diferitelor metale \u00een sistem.<\/p>\n<p><strong>ATEN\u021aIE!<\/strong>\u00a0Nu este recomandat pentru circuite cu antigel.<\/p>\n<p><strong>RECOMAND\u0102RI:<\/strong><\/p>\n<ul>\n<li>\u00cenainte de utilizare, asigura\u021bi-v\u0103 c\u0103 pH-ul fluidului termic este neutru (6,5\u20137,5).<\/li>\n<li>Pentru protec\u021bie maxim\u0103, se recomand\u0103 cur\u0103\u021barea preliminar\u0103 a instala\u021biei cu\u00a0<strong>CLEANEX INSTAL PLUS<\/strong>.<\/li>\n<\/ul>\n<p><strong>MOD DE UTILIZARE:<\/strong><\/p>\n<ul>\n<li>Se adaug\u0103\u00a0<strong>1 kg INSTAL PROTECT PLUS<\/strong>\u00a0la fiecare\u00a0<strong>100 litri<\/strong>\u00a0de agent termic (echivalent la ~10 calorifere).<\/li>\n<li>Dup\u0103 cur\u0103\u021bare, produsul se toarn\u0103 direct \u00een ap\u0103 \u0219i se las\u0103 s\u0103 ac\u021bioneze.<\/li>\n<\/ul>\n<p><a href=\"https:\/\/test.proterm.md\/wp-content\/uploads\/2025\/09\/FT-INSTAL-PROTECT-PLUS-2022.pdf\" target=\"_blank\" rel=\"noopener\"><img decoding=\"async\" class=\"alignnone wp-image-7559\" src=\"https:\/\/test.proterm.md\/wp-content\/uploads\/2021\/12\/icopdf-min-250x250.png\" alt=\"\" width=\"32\" height=\"32\" srcset=\"https:\/\/test.proterm.md\/wp-content\/uploads\/2021\/12\/icopdf-min-250x250.png 250w, https:\/\/test.proterm.md\/wp-content\/uploads\/2021\/12\/icopdf-min-150x150.png 150w, https:\/\/test.proterm.md\/wp-content\/uploads\/2021\/12\/icopdf-min-450x450.png 450w, https:\/\/test.proterm.md\/wp-content\/uploads\/2021\/12\/icopdf-min-300x300.png 300w, https:\/\/test.proterm.md\/wp-content\/uploads\/2021\/12\/icopdf-min-500x500.png 500w, https:\/\/test.proterm.md\/wp-content\/uploads\/2021\/12\/icopdf-min-100x100.png 100w, https:\/\/test.proterm.md\/wp-content\/uploads\/2021\/12\/icopdf-min.png 512w\" sizes=\"(max-width: 32px) 100vw, 32px\" \/>Fisa tehnica<\/a><\/p>\n","protected":false},"featured_media":17131,"template":"","meta":{"_joinchat":[]},"product_brand":[],"product_cat":[681],"product_tag":[2417],"class_list":{"0":"post-17129","1":"product","2":"type-product","3":"status-publish","4":"has-post-thumbnail","6":"product_cat-solutii_antiinghet_antigel","7":"product_tag-laborex","8":"pa_brand-laborex","10":"first","11":"instock","12":"shipping-taxable","13":"product-type-simple"},"_links":{"self":[{"href":"https:\/\/test.proterm.md\/ro\/wp-json\/wp\/v2\/product\/17129","targetHints":{"allow":["GET"]}}],"collection":[{"href":"https:\/\/test.proterm.md\/ro\/wp-json\/wp\/v2\/product"}],"about":[{"href":"https:\/\/test.proterm.md\/ro\/wp-json\/wp\/v2\/types\/product"}],"wp:featuredmedia":[{"embeddable":true,"href":"https:\/\/test.proterm.md\/ro\/wp-json\/wp\/v2\/media\/17131"}],"wp:attachment":[{"href":"https:\/\/test.proterm.md\/ro\/wp-json\/wp\/v2\/media?parent=17129"}],"wp:term":[{"taxonomy":"product_brand","embeddable":true,"href":"https:\/\/test.proterm.md\/ro\/wp-json\/wp\/v2\/product_brand?post=17129"},{"taxonomy":"product_cat","embeddable":true,"href":"https:\/\/test.proterm.md\/ro\/wp-json\/wp\/v2\/product_cat?post=17129"},{"taxonomy":"product_tag","embeddable":true,"href":"https:\/\/test.proterm.md\/ro\/wp-json\/wp\/v2\/product_tag?post=17129"}],"curies":[{"name":"wp","href":"https:\/\/api.w.org\/{rel}","templated":true}]}}