{"id":17125,"date":"2025-09-03T13:19:47","date_gmt":"2025-09-03T11:19:47","guid":{"rendered":"https:\/\/test.proterm.md\/?post_type=product&#038;p=17125"},"modified":"2025-09-03T13:58:06","modified_gmt":"2025-09-03T11:58:06","slug":"solar-protect-antigel-baterii-solare","status":"publish","type":"product","link":"https:\/\/test.proterm.md\/ro\/product\/solar-protect-antigel-baterii-solare\/","title":{"rendered":"SOLAR PROTECT HTF &#8211; Antigel superconcentrat pentru baterii solare"},"content":{"rendered":"","protected":false},"excerpt":{"rendered":"<p><strong>Canistra &#8211; 10 Kg \/ 8.5 Litri<\/strong><\/p>\n<p><strong><em>SOLAR PROTECT HTF<\/em>\u00a0<\/strong>este un antigel solar avansat, concentrat, bazat pe un amestec de glicoli, \u00eembun\u0103t\u0103\u021bit cu stabilizatori de pH \u0219i inhibitori de coroziune organici. Datorit\u0103 rezisten\u021bei la temperaturi extreme de p\u00e2n\u0103 la 150\u00b0C, acesta este ideal pentru:<\/p>\n<ul>\n<li>Sisteme de panouri solare<\/li>\n<li>Centrale termice<\/li>\n<li>Echipamente de \u00eenc\u0103lzire a apei calde menajere<\/li>\n<\/ul>\n<p>Propriet\u0103\u021bile termice \u0219i chimice ale materiei prime asigur\u0103:<\/p>\n<ul>\n<li>Transfer termic eficient<\/li>\n<li>Stabilitate la presiuni ridicate (pentru intervale de -45\u00b0C p\u00e2n\u0103 la 150\u00b0C)<\/li>\n<\/ul>\n<p><strong>Beneficii cheie:<\/strong><br \/>\n\u2714 Protec\u021bie \u00eempotriva \u00eenghe\u021bului p\u00e2n\u0103 la\u00a0<strong>-45\u00b0C<\/strong>\u00a0(la dilu\u021bia 2:1)<br \/>\n\u2714 Siguran\u021b\u0103 termic\u0103 pentru \u00eentreaga instala\u021bie<br \/>\n\u2714 Protec\u021bie anticoroziv\u0103 pentru metale (cupru, o\u021bel inoxidabil, aluminiu) \u0219i materiale elastomerice<\/p>\n<p><strong>Instruc\u021biuni de utilizare:<\/strong><\/p>\n<ol>\n<li>Cur\u0103\u021ba\u021bi circuitul cu\u00a0<em>Cleanex\u00ae Solar<\/em>\u00a0\u00eenainte de umplere.<\/li>\n<li>Folosi\u021bi\u00a0<strong>ap\u0103 demineralizat\u0103<\/strong>\u00a0pentru diluare:\n<ul>\n<li><strong>2:1<\/strong> \u2192 protec\u021bie\u00a0 -45\u00b0C<\/li>\n<li><strong>1:1<\/strong> \u2192 protec\u021bie\u00a0 -33\u00b0C<\/li>\n<li><strong>2:3<\/strong> \u2192 protec\u021bie\u00a0 -25\u00b0C<\/li>\n<li><strong>1:3<\/strong> \u2192 protec\u021bie\u00a0 -14\u00b0C<\/li>\n<\/ul>\n<\/li>\n<\/ol>\n<p><a href=\"https:\/\/test.proterm.md\/wp-content\/uploads\/2025\/09\/FT-SOLAR-PROTECT-HTF-2022.pdf\" target=\"_blank\" rel=\"noopener\"><img decoding=\"async\" class=\"alignnone wp-image-7559\" src=\"https:\/\/test.proterm.md\/wp-content\/uploads\/2021\/12\/icopdf-min-250x250.png\" alt=\"\" width=\"32\" height=\"32\" srcset=\"https:\/\/test.proterm.md\/wp-content\/uploads\/2021\/12\/icopdf-min-250x250.png 250w, https:\/\/test.proterm.md\/wp-content\/uploads\/2021\/12\/icopdf-min-150x150.png 150w, https:\/\/test.proterm.md\/wp-content\/uploads\/2021\/12\/icopdf-min-450x450.png 450w, https:\/\/test.proterm.md\/wp-content\/uploads\/2021\/12\/icopdf-min-300x300.png 300w, https:\/\/test.proterm.md\/wp-content\/uploads\/2021\/12\/icopdf-min-500x500.png 500w, https:\/\/test.proterm.md\/wp-content\/uploads\/2021\/12\/icopdf-min-100x100.png 100w, https:\/\/test.proterm.md\/wp-content\/uploads\/2021\/12\/icopdf-min.png 512w\" sizes=\"(max-width: 32px) 100vw, 32px\" \/>Fisa tehnica<\/a><\/p>\n","protected":false},"featured_media":17127,"template":"","meta":{"_joinchat":[]},"product_brand":[],"product_cat":[681,59],"product_tag":[2417],"class_list":{"0":"post-17125","1":"product","2":"type-product","3":"status-publish","4":"has-post-thumbnail","6":"product_cat-solutii_antiinghet_antigel","7":"product_cat-panouri_solare","8":"product_tag-laborex","9":"pa_brand-laborex","11":"first","12":"instock","13":"shipping-taxable","14":"product-type-simple"},"_links":{"self":[{"href":"https:\/\/test.proterm.md\/ro\/wp-json\/wp\/v2\/product\/17125","targetHints":{"allow":["GET"]}}],"collection":[{"href":"https:\/\/test.proterm.md\/ro\/wp-json\/wp\/v2\/product"}],"about":[{"href":"https:\/\/test.proterm.md\/ro\/wp-json\/wp\/v2\/types\/product"}],"wp:featuredmedia":[{"embeddable":true,"href":"https:\/\/test.proterm.md\/ro\/wp-json\/wp\/v2\/media\/17127"}],"wp:attachment":[{"href":"https:\/\/test.proterm.md\/ro\/wp-json\/wp\/v2\/media?parent=17125"}],"wp:term":[{"taxonomy":"product_brand","embeddable":true,"href":"https:\/\/test.proterm.md\/ro\/wp-json\/wp\/v2\/product_brand?post=17125"},{"taxonomy":"product_cat","embeddable":true,"href":"https:\/\/test.proterm.md\/ro\/wp-json\/wp\/v2\/product_cat?post=17125"},{"taxonomy":"product_tag","embeddable":true,"href":"https:\/\/test.proterm.md\/ro\/wp-json\/wp\/v2\/product_tag?post=17125"}],"curies":[{"name":"wp","href":"https:\/\/api.w.org\/{rel}","templated":true}]}}