{"id":16635,"date":"2025-06-06T11:04:41","date_gmt":"2025-06-06T09:04:41","guid":{"rendered":"https:\/\/test.proterm.md\/?post_type=product&#038;p=16635"},"modified":"2025-06-06T12:03:16","modified_gmt":"2025-06-06T10:03:16","slug":"conditioner-tip-caseta-145m-48000btu-kaisai","status":"publish","type":"product","link":"https:\/\/test.proterm.md\/ro\/product\/conditioner-tip-caseta-145m-48000btu-kaisai\/","title":{"rendered":"Conditioner tip caset\u0103 140M 48000BTU  Kaisai KCD-48HRG32X\/KOE30U48HFN32X"},"content":{"rendered":"<div class=\"wpb-content-wrapper\"><p>[vc_row][vc_column][vc_column_text css_animation=&#8221;bounceIn&#8221; text_larger=&#8221;no&#8221;]<img decoding=\"async\" class=\" wp-image-16639 aligncenter\" src=\"https:\/\/test.proterm.md\/wp-content\/uploads\/2025\/05\/KAISAI-Super-Slim-CASSETTE-2-300x197.webp\" alt=\"\" width=\"230\" height=\"151\" srcset=\"https:\/\/test.proterm.md\/wp-content\/uploads\/2025\/05\/KAISAI-Super-Slim-CASSETTE-2-300x197.webp 300w, https:\/\/test.proterm.md\/wp-content\/uploads\/2025\/05\/KAISAI-Super-Slim-CASSETTE-2.webp 368w\" sizes=\"(max-width: 230px) 100vw, 230px\" \/><\/p>\n<p>Unit\u0103\u021bile casetate KAISAI sunt u\u0219or adaptabile datorit\u0103 dimensiunilor lor reduse, combin\u00e2nd un aspect modern cu un design de \u00eenalt\u0103 calitate. Fluxul de aer \u00een 4 direc\u021bii distribuie aerul uniform, oferind un confort excep\u021bional. \u00cen plus, este posibil\u0103 conectarea a dou\u0103 unit\u0103\u021bi la o unitate exterioar\u0103.<\/p>\n<p>Temperatura minim\u0103 a aerului exterior la func\u021bionarea \u00een modul \u00eenc\u0103lzire\/r\u0103cire: -15\u00ba\u0421<br \/>\nPomp\u0103 de condens<br \/>\nKit de telecomand\u0103 f\u0103r\u0103 fir<br \/>\nPanou frontal cu indicator LED<br \/>\ndecongelare inteligent\u0103<br \/>\nAlimentare cu aer proasp\u0103t (op\u021bional), culoare: alb<br \/>\nDimensiune redus\u0103 a sistemului<br \/>\nMod de func\u021bionare: Automat, R\u0103cire, \u00cenc\u0103lzire, Ventila\u021bie<br \/>\nMotor de curent continuu de \u00eenalt\u0103 eficien\u021b\u0103<br \/>\nDesign inovator al schimb\u0103torului de c\u0103ldur\u0103<br \/>\nRaporturi SEER\/SCOP ridicate<br \/>\nControlul ventilatorului cu telecomand\u0103<br \/>\nTemporizator pornit\/oprit<br \/>\nModul Wi-Fi (op\u021bional)[\/vc_column_text][\/vc_column][\/vc_row][vc_row][vc_column][vc_video link=&#8221;https:\/\/youtu.be\/mHvsqa0dkxg&#8221; el_aspect=&#8221;43&#8243; align=&#8221;center&#8221; title=&#8221;Linia de producere a conditionerelor Kaisai \u0438 Auratsu&#8221; image_poster_switch=&#8221;no&#8221;][\/vc_column][\/vc_row]<\/p>\n<\/div>","protected":false},"excerpt":{"rendered":"<p>Wi-Fi: Da<br \/>\n<strong>R\u0103cire<\/strong><br \/>\nCapacitate nominal\u0103 de r\u0103cire (min. &#8211; max.) 14,1 (3,5-15,8) kW<br \/>\nConsum de energie \u00een modul de r\u0103cire 4,65 kW<br \/>\nSuprafa\u021b\u0103 de r\u0103cire recomandat\u0103 de p\u00e2n\u0103 la 140 m2<br \/>\nSEER 6.10<br \/>\nClasa de eficien\u021b\u0103 energetic\u0103 pentru r\u0103cire A++<br \/>\nAgent frigorific R32<\/p>\n<p><strong>\u00cenc\u0103lzire<\/strong><br \/>\nPutere nominal\u0103 de \u00eenc\u0103lzire (min. &#8211; max.) 16,1 (4,1-17,3) kW<br \/>\nFunc\u021bie de \u00eenc\u0103lzire Da<br \/>\nConsum de energie \u00een modul de \u00eenc\u0103lzire 4,58 kW<br \/>\nSCOP 4.00<br \/>\nClasa de eficien\u021b\u0103 energetic\u0103 a dispozitivului de \u00eenc\u0103lzire A+<br \/>\nTemperatura minim\u0103 a aerului exterior -15\u2103<br \/>\nSuprafa\u021b\u0103 de \u00eenc\u0103lzire estimat\u0103 p\u00e2n\u0103 la 140 m2<\/p>\n<p><strong>Dimensiuni<\/strong><br \/>\nDimensiuni (unitate interioar\u0103) 830x287x830 mm<br \/>\nDimensiuni (unitate exterioar\u0103) 952x1333x415mm<br \/>\nNivel de zgomot (unitate interioar\u0103) 37-51 dB(A)<br \/>\nNivel de zgomot (unitate exterioar\u0103) 63 dB(A)<br \/>\nGreutate (unitate interioar\u0103) 29,3 kg<br \/>\nGreutate (unitate exterioar\u0103) 103,7 kg<\/p>\n<p><img decoding=\"async\" class=\"alignnone wp-image-7559\" src=\"https:\/\/test.proterm.md\/wp-content\/uploads\/2021\/12\/icopdf-min-250x250.png\" alt=\"\" width=\"32\" height=\"32\" srcset=\"https:\/\/test.proterm.md\/wp-content\/uploads\/2021\/12\/icopdf-min-250x250.png 250w, https:\/\/test.proterm.md\/wp-content\/uploads\/2021\/12\/icopdf-min-150x150.png 150w, https:\/\/test.proterm.md\/wp-content\/uploads\/2021\/12\/icopdf-min-450x450.png 450w, https:\/\/test.proterm.md\/wp-content\/uploads\/2021\/12\/icopdf-min-300x300.png 300w, https:\/\/test.proterm.md\/wp-content\/uploads\/2021\/12\/icopdf-min-500x500.png 500w, https:\/\/test.proterm.md\/wp-content\/uploads\/2021\/12\/icopdf-min-100x100.png 100w, https:\/\/test.proterm.md\/wp-content\/uploads\/2021\/12\/icopdf-min.png 512w\" sizes=\"(max-width: 32px) 100vw, 32px\" \/><a href=\"https:\/\/test.proterm.md\/wp-content\/uploads\/2025\/05\/KCD48HRG32X.pdf\" target=\"_blank\" rel=\"noopener\">Date tehnice<\/a><\/p>\n<p><img decoding=\"async\" class=\"alignnone wp-image-7559\" src=\"https:\/\/test.proterm.md\/wp-content\/uploads\/2021\/12\/icopdf-min-250x250.png\" alt=\"\" width=\"32\" height=\"32\" srcset=\"https:\/\/test.proterm.md\/wp-content\/uploads\/2021\/12\/icopdf-min-250x250.png 250w, https:\/\/test.proterm.md\/wp-content\/uploads\/2021\/12\/icopdf-min-150x150.png 150w, https:\/\/test.proterm.md\/wp-content\/uploads\/2021\/12\/icopdf-min-450x450.png 450w, https:\/\/test.proterm.md\/wp-content\/uploads\/2021\/12\/icopdf-min-300x300.png 300w, https:\/\/test.proterm.md\/wp-content\/uploads\/2021\/12\/icopdf-min-500x500.png 500w, https:\/\/test.proterm.md\/wp-content\/uploads\/2021\/12\/icopdf-min-100x100.png 100w, https:\/\/test.proterm.md\/wp-content\/uploads\/2021\/12\/icopdf-min.png 512w\" sizes=\"(max-width: 32px) 100vw, 32px\" \/><a href=\"https:\/\/test.proterm.md\/wp-content\/uploads\/2025\/06\/KCD-Caseta-si-Certificat-EU.pdf\" target=\"_blank\" rel=\"noopener\">Certificate EU si manual<\/a><\/p>\n<p><strong>Cine este producatorul Kaisai?<\/strong><\/p>\n<p><em>Brandul Kaisai si Auratsu<\/em> \u2013\u00a0 proprietate a grupului Klima-Therm Polonia.<\/p>\n<p>Toata gama de produse sunt exclusiv certificate si produse pentru piata din Europa si trec toate testele de certificare pentru a le vinde pe piata din Europa.<\/p>\n","protected":false},"featured_media":16838,"template":"","meta":{"_joinchat":{"view":"yes"}},"product_brand":[],"product_cat":[94],"product_tag":[1492],"class_list":{"0":"post-16635","1":"product","2":"type-product","3":"status-publish","4":"has-post-thumbnail","6":"product_cat-conditioner_invertor","7":"product_tag-kaisay_brand","8":"pa_brand-kaisay_brand","9":"pa_putere_conditioner-48000-btu-140-140-m2","10":"pa_tip_conditioner-inverter","11":"pa_tip_conditioner-tip-caseta","13":"first","14":"instock","15":"shipping-taxable","16":"product-type-simple"},"_links":{"self":[{"href":"https:\/\/test.proterm.md\/ro\/wp-json\/wp\/v2\/product\/16635","targetHints":{"allow":["GET"]}}],"collection":[{"href":"https:\/\/test.proterm.md\/ro\/wp-json\/wp\/v2\/product"}],"about":[{"href":"https:\/\/test.proterm.md\/ro\/wp-json\/wp\/v2\/types\/product"}],"wp:featuredmedia":[{"embeddable":true,"href":"https:\/\/test.proterm.md\/ro\/wp-json\/wp\/v2\/media\/16838"}],"wp:attachment":[{"href":"https:\/\/test.proterm.md\/ro\/wp-json\/wp\/v2\/media?parent=16635"}],"wp:term":[{"taxonomy":"product_brand","embeddable":true,"href":"https:\/\/test.proterm.md\/ro\/wp-json\/wp\/v2\/product_brand?post=16635"},{"taxonomy":"product_cat","embeddable":true,"href":"https:\/\/test.proterm.md\/ro\/wp-json\/wp\/v2\/product_cat?post=16635"},{"taxonomy":"product_tag","embeddable":true,"href":"https:\/\/test.proterm.md\/ro\/wp-json\/wp\/v2\/product_tag?post=16635"}],"curies":[{"name":"wp","href":"https:\/\/api.w.org\/{rel}","templated":true}]}}