{"id":16633,"date":"2025-06-06T13:37:49","date_gmt":"2025-06-06T11:37:49","guid":{"rendered":"https:\/\/test.proterm.md\/?post_type=product&#038;p=16633"},"modified":"2025-06-06T13:37:49","modified_gmt":"2025-06-06T11:37:49","slug":"bloc-extern-multisplit-36000btu-110m-kaisai-k40b-36hfn32h","status":"publish","type":"product","link":"https:\/\/test.proterm.md\/ro\/product\/bloc-extern-multisplit-36000btu-110m-kaisai-k40b-36hfn32h\/","title":{"rendered":"Bloc extern multisplit 110M 36000BTU  Kaisai K40B-36HFN32H"},"content":{"rendered":"<div class=\"wpb-content-wrapper\"><p>[vc_row][vc_column][vc_column_text css_animation=&#8221;bounceIn&#8221; text_larger=&#8221;no&#8221;]Sistemele de unit\u0103\u021bi multi-split KAISAI se caracterizeaz\u0103 prin eficien\u021b\u0103 energetic\u0103 ridicat\u0103 \u0219i func\u021bionare silen\u021bioas\u0103. Construc\u021bia modern\u0103 \u0219i compact\u0103 reduce suprafa\u021ba necesar\u0103 dispozitivelor de aer condi\u021bionat de pe balcoane, acoperi\u0219uri \u0219i fa\u021badele cl\u0103dirilor. Designul sistemului permite instalarea a 2 p\u00e2n\u0103 la 5 unit\u0103\u021bi de perete , unit\u0103\u021bi caset\u0103 compacte sau p\u00e2n\u0103 la 3 unit\u0103\u021bi Slim cu conducte la o singur\u0103 unitate exterioar\u0103.[\/vc_column_text][\/vc_column][\/vc_row][vc_row][vc_column][vc_video link=&#8221;https:\/\/youtu.be\/mHvsqa0dkxg&#8221; el_aspect=&#8221;43&#8243; align=&#8221;center&#8221; title=&#8221;Linia de producere a conditionerelor Kaisai \u0438 Auratsu&#8221; image_poster_switch=&#8221;no&#8221;][\/vc_column][\/vc_row]<\/p>\n<\/div>","protected":false},"excerpt":{"rendered":"<p><strong>Wi-Fi &#8211; Da \/ Func\u021bionare iarna p\u00e2n\u0103 la -15\u00b0C<\/strong><\/p>\n<p><em>Conectarea a p\u00e2n\u0103 la 4 aparate de aer condi\u021bionat din seria KWX cu putere maxima de 36000BTU<\/em><\/p>\n<p><a href=\"https:\/\/test.proterm.md\/product\/unitate-interioara-multisplit-25m-9btu-kaisai\/\" target=\"_blank\" rel=\"noopener\">4 conditionere &#8211; 9000 btu<\/a><\/p>\n<p><a href=\"https:\/\/test.proterm.md\/product\/unitate-interioara-de-aer-conditionat-multi-split-kaisai\/\" target=\"_blank\" rel=\"noopener\">3 conditionere\u00a0 &#8211; 12000 btu<\/a><\/p>\n<p><a href=\"https:\/\/test.proterm.md\/product\/unitate-interioara-multisplit-18btu\/\" target=\"_blank\" rel=\"noopener\">2 conditionere &#8211; 18000 btu<\/a><\/p>\n<p>&nbsp;<\/p>\n<p>Putere medie (min\u00f7max)<br \/>\nr\u0103cire 8,2(2,0\u00f79,8) kW<br \/>\n\u00eenc\u0103lzire 8,8(2,4\u00f710,6)kW<br \/>\nClasa de eficien\u021b\u0103 energetic\u0103 r\u0103cire\/\u00eenc\u0103lzire. A++ \/ A+<br \/>\nSEER &#8211; 6.1<br \/>\nSCOP &#8211; 3.8<br \/>\nConsum mediu de energie (min\u00f7max)<br \/>\nr\u0103cire 2540(890\u00f73180)W<br \/>\n\u00eenc\u0103lzire 2200(770\u00f72750)W<br \/>\nDebit de aer 3800 m3\/h<\/p>\n<p>Temperatura de func\u021bionare r\u0103cire\/\u00eenc\u0103lzire<br \/>\n-15\u00f750\/-15\u00f724 \u00b0C<br \/>\nNivelul presiunii sonore \u00een interior 61,5 dB<br \/>\nDimensiuni nete l\/\u00ee\/a 946\/810\/410<br \/>\nGreutate net\u0103 62,1 kg<br \/>\nDiametru \u021beav\u0103: lichid\/gaz 3x 6,35\/9,52 + 1x 6,35\/12,7 mm<br \/>\nLungime maxim\u0103 de instalare 80 m<br \/>\nLungimea maxim\u0103 pentru un aparat de aer condi\u021bionat &#8211; 35 m<br \/>\nDiferen\u021b\u0103 maxim\u0103 de \u00een\u0103l\u021bime 15 m<br \/>\nLinii electrice 3&#215;4 mm2<br \/>\nCantitate de agent frigorific din fabric\u0103 &#8211; 2,10 kg<br \/>\nCantitate suplimentar\u0103 de agent frigorific &#8211; 12 (mai mult de 30 m\u00b2 de instala\u021bie) g\/m\u00b2<br \/>\nCapacitate medie de r\u0103cire: 5,3 \/ 7,9 \/ 8,2 \/ 10,6 \/ 12,4 kW<br \/>\nCapacitate medie de \u00eenc\u0103lzire: 5,6\/8,5\/8,8\/11,1\/12,4 kW<br \/>\nTehnologie invertor DC<br \/>\nLungimea maxim\u0103 a \u021bevii: 40 &#8211; 80 m<br \/>\nDiferen\u021b\u0103 maxim\u0103 de \u00een\u0103l\u021bime: 10 &#8211; 25 m<br \/>\nAgent frigorific R32<br \/>\nClasa de eficien\u021b\u0103 energetic\u0103 A++\/A+\/A<br \/>\nIntervalul de temperatur\u0103 de r\u0103cire recomandat: -15~50\u00b0C<br \/>\nInterval de temperatur\u0103 de \u00eenc\u0103lzire recomandat: -15~30\u00b0C<\/p>\n<p><img decoding=\"async\" class=\"alignnone wp-image-7559\" src=\"https:\/\/test.proterm.md\/wp-content\/uploads\/2021\/12\/icopdf-min-250x250.png\" alt=\"\" width=\"32\" height=\"32\" srcset=\"https:\/\/test.proterm.md\/wp-content\/uploads\/2021\/12\/icopdf-min-250x250.png 250w, https:\/\/test.proterm.md\/wp-content\/uploads\/2021\/12\/icopdf-min-150x150.png 150w, https:\/\/test.proterm.md\/wp-content\/uploads\/2021\/12\/icopdf-min-450x450.png 450w, https:\/\/test.proterm.md\/wp-content\/uploads\/2021\/12\/icopdf-min-300x300.png 300w, https:\/\/test.proterm.md\/wp-content\/uploads\/2021\/12\/icopdf-min-500x500.png 500w, https:\/\/test.proterm.md\/wp-content\/uploads\/2021\/12\/icopdf-min-100x100.png 100w, https:\/\/test.proterm.md\/wp-content\/uploads\/2021\/12\/icopdf-min.png 512w\" sizes=\"(max-width: 32px) 100vw, 32px\" \/><a href=\"https:\/\/test.proterm.md\/wp-content\/uploads\/2025\/05\/KWX-Date-tehnice.pdf\" target=\"_blank\" rel=\"noopener\">Kaisai fisa tehnica<\/a><\/p>\n<p><img decoding=\"async\" class=\"alignnone wp-image-7559\" src=\"https:\/\/test.proterm.md\/wp-content\/uploads\/2021\/12\/icopdf-min-250x250.png\" alt=\"\" width=\"32\" height=\"32\" srcset=\"https:\/\/test.proterm.md\/wp-content\/uploads\/2021\/12\/icopdf-min-250x250.png 250w, https:\/\/test.proterm.md\/wp-content\/uploads\/2021\/12\/icopdf-min-150x150.png 150w, https:\/\/test.proterm.md\/wp-content\/uploads\/2021\/12\/icopdf-min-450x450.png 450w, https:\/\/test.proterm.md\/wp-content\/uploads\/2021\/12\/icopdf-min-300x300.png 300w, https:\/\/test.proterm.md\/wp-content\/uploads\/2021\/12\/icopdf-min-500x500.png 500w, https:\/\/test.proterm.md\/wp-content\/uploads\/2021\/12\/icopdf-min-100x100.png 100w, https:\/\/test.proterm.md\/wp-content\/uploads\/2021\/12\/icopdf-min.png 512w\" sizes=\"(max-width: 32px) 100vw, 32px\" \/><a href=\"https:\/\/test.proterm.md\/wp-content\/uploads\/2025\/05\/kaisai_bloc-extern.pdf\" target=\"_blank\" rel=\"noopener\">Date tehnice bloc extern<\/a><\/p>\n<p><strong>Cine este producatorul Kaisai?<\/strong><\/p>\n<p>Brandul Kaisai si Auratsu \u2013\u00a0 proprietate a grupului Klima-Therm Polonia.<\/p>\n<p>Toata gama de produse sunt exclusiv certificate si produse pentru piata din Europa si trec toate testele de certificare pentru a le vinde pe piata din Europa.<\/p>\n","protected":false},"featured_media":16632,"template":"","meta":{"_joinchat":{"view":"yes"}},"product_brand":[],"product_cat":[94],"product_tag":[1492],"class_list":{"0":"post-16633","1":"product","2":"type-product","3":"status-publish","4":"has-post-thumbnail","6":"product_cat-conditioner_invertor","7":"product_tag-kaisay_brand","8":"pa_brand-kaisay_brand","9":"pa_putere_conditioner-36000-btu-105-110-m2","10":"pa_tip_conditioner-inverter","11":"pa_tip_conditioner-multisplit","13":"first","14":"instock","15":"shipping-taxable","16":"product-type-simple"},"_links":{"self":[{"href":"https:\/\/test.proterm.md\/ro\/wp-json\/wp\/v2\/product\/16633","targetHints":{"allow":["GET"]}}],"collection":[{"href":"https:\/\/test.proterm.md\/ro\/wp-json\/wp\/v2\/product"}],"about":[{"href":"https:\/\/test.proterm.md\/ro\/wp-json\/wp\/v2\/types\/product"}],"wp:featuredmedia":[{"embeddable":true,"href":"https:\/\/test.proterm.md\/ro\/wp-json\/wp\/v2\/media\/16632"}],"wp:attachment":[{"href":"https:\/\/test.proterm.md\/ro\/wp-json\/wp\/v2\/media?parent=16633"}],"wp:term":[{"taxonomy":"product_brand","embeddable":true,"href":"https:\/\/test.proterm.md\/ro\/wp-json\/wp\/v2\/product_brand?post=16633"},{"taxonomy":"product_cat","embeddable":true,"href":"https:\/\/test.proterm.md\/ro\/wp-json\/wp\/v2\/product_cat?post=16633"},{"taxonomy":"product_tag","embeddable":true,"href":"https:\/\/test.proterm.md\/ro\/wp-json\/wp\/v2\/product_tag?post=16633"}],"curies":[{"name":"wp","href":"https:\/\/api.w.org\/{rel}","templated":true}]}}