{"id":16624,"date":"2025-06-06T13:37:49","date_gmt":"2025-06-06T11:37:49","guid":{"rendered":"https:\/\/test.proterm.md\/?post_type=product&#038;p=16624"},"modified":"2025-06-06T13:37:49","modified_gmt":"2025-06-06T11:37:49","slug":"unitate-interioara-de-aer-conditionat-multi-split-kaisai","status":"publish","type":"product","link":"https:\/\/test.proterm.md\/ro\/product\/unitate-interioara-de-aer-conditionat-multi-split-kaisai\/","title":{"rendered":"Unitate interioar\u0103 multisplit 35m12BTU Kaisai"},"content":{"rendered":"<div class=\"wpb-content-wrapper\"><p>[vc_row][vc_column][vc_column_text css_animation=&#8221;bounceIn&#8221; text_larger=&#8221;no&#8221;]Unitate interioar\u0103 de aer condi\u021bionat multi-split KWX serie<\/p>\n<p>Sistemele de aer condi\u021bionat multi-split KAISAI se caracterizeaz\u0103 prin eficien\u021b\u0103 energetic\u0103 \u0219i func\u021bionare silen\u021bioas\u0103. Acest lucru se datoreaz\u0103 puterii mari de \u00eenc\u0103lzire &#8211; p\u00e2n\u0103 la 7 kW &#8211; \u00eenso\u021bit\u0103 de valori excelente SEER \u0219i SCOP, care determin\u0103 eficien\u021ba \u00een modul de r\u0103cire, respectiv \u00eenc\u0103lzire.<\/p>\n<p>Datorit\u0103 tehnologiilor inovatoare, este posibil s\u0103 economisi\u021bi energie electric\u0103 \u0219i, de asemenea, bani. Acest lucru este ajutat \u0219i de modulul de programare a timpului de func\u021bionare al aparatului de aer condi\u021bionat &#8211; acesta faciliteaz\u0103 gestionarea func\u021bion\u0103rii unit\u0103\u021bii interioare a aparatului de aer condi\u021bionat, astfel \u00eenc\u00e2t nu exist\u0103 riscul ca aceasta s\u0103 nu fie eficient\u0103.<\/p>\n<p>Pot fi conectate la <strong>blocul exterior K30A-27HFN32H (conectare pana la 3 unitati interioare) si K40B-36HFN32H (conectare pana la 4 unitati interioare)<\/strong>, iar toate unit\u0103\u021bile interioare de aer condi\u021bionat pot fi ac\u021bionate individual. Acest lucru asigur\u0103 c\u0103 eficien\u021ba unit\u0103\u021bii este la cel mai \u00eenalt nivel \u0219i este \u00eenso\u021bit\u0103 de confort complet &#8211; fiecare camer\u0103 climatizat\u0103 poate avea o temperatur\u0103 adaptat\u0103 nevoilor ocupan\u021bilor s\u0103i. Ceea ce trebuie subliniat: aparatele de aer condi\u021bionat multi-split r\u0103cesc, ventileaz\u0103 \u0219i, datorit\u0103 ciclului invers, pot \u0219i \u00eenc\u0103lzi.[\/vc_column_text][\/vc_column][\/vc_row][vc_row][vc_column][vc_video link=&#8221;https:\/\/youtu.be\/mHvsqa0dkxg&#8221; el_aspect=&#8221;43&#8243; align=&#8221;center&#8221; title=&#8221;Linia de producere a conditionerelor Kaisai \u0438 Auratsu&#8221; image_poster_switch=&#8221;no&#8221;][\/vc_column][\/vc_row]<\/p>\n<\/div>","protected":false},"excerpt":{"rendered":"<p><strong>Wi-Fi &#8211; Da \/ Func\u021bionare iarna p\u00e2n\u0103 la -25\u00b0C \/ Tav\u0103 \u00eenc\u0103lzit\u0103 \/ A+++<\/strong><\/p>\n<p><em>Conectare pana la 4 unitati la un bloc extern<\/em><\/p>\n<p>Kaisai KWX-12KRHI (bloc intern), \u00a0\u00a0 <a href=\"https:\/\/test.proterm.md\/product\/bloc-extern-multisplit-27000btu-75m-kaisai-k30a-27hfn32h\/\" target=\"_blank\" rel=\"noopener\">K30A-27HFN32H<\/a> (bloc extern) sau <a href=\"https:\/\/test.proterm.md\/product\/bloc-extern-multisplit-36000btu-110m-kaisai-k40b-36hfn32h\/\" target=\"_blank\" rel=\"noopener\">K40B-36HFN32H<\/a><\/p>\n<p>Capacitate medie (min\u00f7max)<br \/>\nr\u0103cire 3,5(1,1\u00f73,9) kW<br \/>\n\u00eenc\u0103lzire 3,8(1,1\u00f74,2) kW<\/p>\n<p>Clas\u0103 energetic\u0103 r\u0103cire\/\u00eenc\u0103lzire A+++ \/ A+<br \/>\nSEER &#8211; 6.5<br \/>\nSCOP &#8211; 4.1<br \/>\nConsum mediu de energie (min\u00f7max)<br \/>\nr\u0103cire 1320(83\u00f71600)W<br \/>\n\u00eenc\u0103lzire 1190(167\u00f71400)W<\/p>\n<p>Debit de aer<br \/>\ninterior 530\/430\/310 m3\/h<\/p>\n<p>Temperatur\u0103 de func\u021bionare r\u0103cire\/\u00eenc\u0103lzire<br \/>\ninterior 17\u00f732\/0\u00f730 \u00b0C<\/p>\n<p>Nivel presiune sonor\u0103<br \/>\ninterior 39,5\/35,5\/25\/21,5 dB<\/p>\n<p>Dimensiuni nete l\/\u00ee\/a<br \/>\ninterior 805\/285\/194 mm<\/p>\n<p>Dimensiuni transport l\/\u00ee\/a<br \/>\ninterior 870\/365\/270 mm<\/p>\n<p>Diametru \u021beav\u0103: lichid\/gaz<br \/>\n6,35\/9,52 mm<\/p>\n<p>Lungime maxim\u0103 de instalare 25m<br \/>\nDiferen\u021b\u0103 maxim\u0103 de \u00een\u0103l\u021bime 10m<\/p>\n<p>Putere Conducte de alimentare 3&#215;1,5 mm2<\/p>\n<p>Cantitate de agent frigorific din fabric\u0103 (p\u00e2n\u0103 la 5 mb)<br \/>\n0,52 kg<\/p>\n<p>Cantitate suplimentar\u0103 de agent frigorific (peste 5 mb)<br \/>\n12 g\/m\u00b2<\/p>\n<p>Mod de func\u021bionare: Automat, R\u0103cire, \u00cenc\u0103lzire, Ventila\u021bie<br \/>\nMotor de curent continuu de \u00eenalt\u0103 eficien\u021b\u0103<br \/>\nDesign inovator al schimb\u0103torului de c\u0103ldur\u0103<br \/>\nSEER\/SCOP de \u00eenalt\u0103 performan\u021b\u0103<br \/>\nReglare ventilator cu comand\u0103 de la distan\u021b\u0103<br \/>\nControl temporizator: pornit\/oprit<br \/>\nSistemul Multi-Split este dedicat pentru 2, 3, 4 sau 5 camere<br \/>\nTehnologie DC Inverter<br \/>\nFiltru catalizator rece<br \/>\nAgent frigorific R32<\/p>\n<p><img decoding=\"async\" class=\"alignnone wp-image-7559\" src=\"https:\/\/test.proterm.md\/wp-content\/uploads\/2021\/12\/icopdf-min-250x250.png\" alt=\"\" width=\"32\" height=\"32\" srcset=\"https:\/\/test.proterm.md\/wp-content\/uploads\/2021\/12\/icopdf-min-250x250.png 250w, https:\/\/test.proterm.md\/wp-content\/uploads\/2021\/12\/icopdf-min-150x150.png 150w, https:\/\/test.proterm.md\/wp-content\/uploads\/2021\/12\/icopdf-min-450x450.png 450w, https:\/\/test.proterm.md\/wp-content\/uploads\/2021\/12\/icopdf-min-300x300.png 300w, https:\/\/test.proterm.md\/wp-content\/uploads\/2021\/12\/icopdf-min-500x500.png 500w, https:\/\/test.proterm.md\/wp-content\/uploads\/2021\/12\/icopdf-min-100x100.png 100w, https:\/\/test.proterm.md\/wp-content\/uploads\/2021\/12\/icopdf-min.png 512w\" sizes=\"(max-width: 32px) 100vw, 32px\" \/><a href=\"https:\/\/test.proterm.md\/wp-content\/uploads\/2025\/05\/KWX-Date-tehnice.pdf\" target=\"_blank\" rel=\"noopener\">Kaisai fisa tehnica<\/a><\/p>\n<p><img decoding=\"async\" class=\"alignnone wp-image-7559\" src=\"https:\/\/test.proterm.md\/wp-content\/uploads\/2021\/12\/icopdf-min-250x250.png\" alt=\"\" width=\"32\" height=\"32\" srcset=\"https:\/\/test.proterm.md\/wp-content\/uploads\/2021\/12\/icopdf-min-250x250.png 250w, https:\/\/test.proterm.md\/wp-content\/uploads\/2021\/12\/icopdf-min-150x150.png 150w, https:\/\/test.proterm.md\/wp-content\/uploads\/2021\/12\/icopdf-min-450x450.png 450w, https:\/\/test.proterm.md\/wp-content\/uploads\/2021\/12\/icopdf-min-300x300.png 300w, https:\/\/test.proterm.md\/wp-content\/uploads\/2021\/12\/icopdf-min-500x500.png 500w, https:\/\/test.proterm.md\/wp-content\/uploads\/2021\/12\/icopdf-min-100x100.png 100w, https:\/\/test.proterm.md\/wp-content\/uploads\/2021\/12\/icopdf-min.png 512w\" sizes=\"(max-width: 32px) 100vw, 32px\" \/><a href=\"https:\/\/test.proterm.md\/wp-content\/uploads\/2025\/05\/kwx-user-manual.pdf\" target=\"_blank\" rel=\"noopener\">Manual de utilizare<\/a><\/p>\n<p><strong>Cine este producatorul Kaisai?<\/strong><\/p>\n<p>Brandul Kaisai si Auratsu \u2013\u00a0 proprietate a grupului Klima-Therm Polonia.<\/p>\n<p>Toata gama de produse sunt exclusiv certificate si produse pentru piata din Europa si trec toate testele de certificare pentru a le vinde pe piata din Europa.<\/p>\n","protected":false},"featured_media":16625,"template":"","meta":{"_joinchat":[]},"product_brand":[],"product_cat":[94],"product_tag":[1492],"class_list":{"0":"post-16624","1":"product","2":"type-product","3":"status-publish","4":"has-post-thumbnail","6":"product_cat-conditioner_invertor","7":"product_tag-kaisay_brand","8":"pa_brand-kaisay_brand","9":"pa_putere_conditioner-12000-btu-30-35-m2","10":"pa_tip_conditioner-inverter","11":"pa_tip_conditioner-multisplit","13":"first","14":"instock","15":"shipping-taxable","16":"product-type-simple"},"_links":{"self":[{"href":"https:\/\/test.proterm.md\/ro\/wp-json\/wp\/v2\/product\/16624","targetHints":{"allow":["GET"]}}],"collection":[{"href":"https:\/\/test.proterm.md\/ro\/wp-json\/wp\/v2\/product"}],"about":[{"href":"https:\/\/test.proterm.md\/ro\/wp-json\/wp\/v2\/types\/product"}],"wp:featuredmedia":[{"embeddable":true,"href":"https:\/\/test.proterm.md\/ro\/wp-json\/wp\/v2\/media\/16625"}],"wp:attachment":[{"href":"https:\/\/test.proterm.md\/ro\/wp-json\/wp\/v2\/media?parent=16624"}],"wp:term":[{"taxonomy":"product_brand","embeddable":true,"href":"https:\/\/test.proterm.md\/ro\/wp-json\/wp\/v2\/product_brand?post=16624"},{"taxonomy":"product_cat","embeddable":true,"href":"https:\/\/test.proterm.md\/ro\/wp-json\/wp\/v2\/product_cat?post=16624"},{"taxonomy":"product_tag","embeddable":true,"href":"https:\/\/test.proterm.md\/ro\/wp-json\/wp\/v2\/product_tag?post=16624"}],"curies":[{"name":"wp","href":"https:\/\/api.w.org\/{rel}","templated":true}]}}