{"id":15995,"date":"2024-09-18T12:45:50","date_gmt":"2024-09-18T10:45:50","guid":{"rendered":"https:\/\/test.proterm.md\/?post_type=product&#038;p=15995"},"modified":"2025-05-30T12:07:36","modified_gmt":"2025-05-30T10:07:36","slug":"cadru-metalic-bideu-konig","status":"publish","type":"product","link":"https:\/\/test.proterm.md\/ro\/product\/cadru-metalic-bideu-konig\/","title":{"rendered":"Cadru metalic bideu Konig"},"content":{"rendered":"<p>Carcasa pentru bideu Koning este o structura metalica montata pe perete. Cu ajutorul acestuia, pute\u021bi efectua instalarea cu u\u0219urin\u021b\u0103 \u0219i f\u0103r\u0103 probleme, ceea ce asigur\u0103 o instalare durabil\u0103 \u0219i de \u00eenalt\u0103 calitate.<\/p>","protected":false},"excerpt":{"rendered":"<p>Mod de montare: perete\/pardoseal\u0103<br \/>\nAd\u00e2ncime de instalare &#8211; 268 mm<br \/>\n\u00cen\u0103l\u021bimea de instalare &#8211; 1102 mm<br \/>\nDistan\u021ba centru pentru elemente de fixare &#8211; 180 mm<br \/>\nMaterial &#8211; otel<br \/>\nDimensiuni fara ambalaj &#8211; 500x268x1102-1222 mm<br \/>\nDimensiune de la peretele de montare la cadrul brut &#8211; 90-168 mm<br \/>\nSarcina testat\u0103 &#8211; p\u00e2n\u0103 la 400 kg<\/p>\n","protected":false},"featured_media":15996,"template":"","meta":{"_joinchat":[]},"product_brand":[],"product_cat":[121,343],"product_tag":[1560],"class_list":{"0":"post-15995","1":"product","2":"type-product","3":"status-publish","4":"has-post-thumbnail","6":"product_cat-carcase_butoane_veceu","7":"product_cat-baie-bucatarie","8":"product_tag-koning","9":"pa_brand-koning","11":"first","12":"instock","13":"shipping-taxable","14":"product-type-simple"},"_links":{"self":[{"href":"https:\/\/test.proterm.md\/ro\/wp-json\/wp\/v2\/product\/15995","targetHints":{"allow":["GET"]}}],"collection":[{"href":"https:\/\/test.proterm.md\/ro\/wp-json\/wp\/v2\/product"}],"about":[{"href":"https:\/\/test.proterm.md\/ro\/wp-json\/wp\/v2\/types\/product"}],"wp:featuredmedia":[{"embeddable":true,"href":"https:\/\/test.proterm.md\/ro\/wp-json\/wp\/v2\/media\/15996"}],"wp:attachment":[{"href":"https:\/\/test.proterm.md\/ro\/wp-json\/wp\/v2\/media?parent=15995"}],"wp:term":[{"taxonomy":"product_brand","embeddable":true,"href":"https:\/\/test.proterm.md\/ro\/wp-json\/wp\/v2\/product_brand?post=15995"},{"taxonomy":"product_cat","embeddable":true,"href":"https:\/\/test.proterm.md\/ro\/wp-json\/wp\/v2\/product_cat?post=15995"},{"taxonomy":"product_tag","embeddable":true,"href":"https:\/\/test.proterm.md\/ro\/wp-json\/wp\/v2\/product_tag?post=15995"}],"curies":[{"name":"wp","href":"https:\/\/api.w.org\/{rel}","templated":true}]}}