{"id":15592,"date":"2024-08-01T08:14:09","date_gmt":"2024-08-01T06:14:09","guid":{"rendered":"https:\/\/test.proterm.md\/?post_type=product&#038;p=15592"},"modified":"2025-05-30T12:07:37","modified_gmt":"2025-05-30T10:07:37","slug":"supapa-de-siguranta-6bar","status":"publish","type":"product","link":"https:\/\/test.proterm.md\/ro\/product\/supapa-de-siguranta-6bar\/","title":{"rendered":"Supapa de siguranta EMMETI 3\/4&#8243; 6 bar"},"content":{"rendered":"<p>Supapa de siguran\u021b\u0103 este utilizat\u0103 \u00een general \u00een sistemele de \u00eenc\u0103lzire \u00eenchise cu vas de expansiune. Scopul s\u0103u este de a drena apa dac\u0103 este atins\u0103 limita de presiune. Poate fi folosit \u0219i pentru a proteja \u00eenc\u0103lzitoarele de ap\u0103, sistemele solare \u0219i sistemele de ap\u0103 \u00een general.<\/p>","protected":false},"excerpt":{"rendered":"<p>Marc\u0103 comercial\u0103 &#8211; FIV<br \/>\nMontare &#8211; 3\/4&#8243; F\/F<br \/>\nMaterial &#8211; alama.<br \/>\nPresiune de r\u0103spuns &#8211; 6 bar<br \/>\nTemperatura maxim\u0103 de func\u021bionare &#8211; 110 \u00b0 C<br \/>\nTara de origine &#8211; Italia<\/p>\n","protected":false},"featured_media":7028,"template":"","meta":{"_joinchat":[]},"product_brand":[],"product_cat":[123,113],"product_tag":[216],"class_list":{"0":"post-15592","1":"product","2":"type-product","3":"status-publish","4":"has-post-thumbnail","6":"product_cat-piese_de_schimb_centrale_termice","7":"product_cat-supa_sens_si_siguranta","8":"product_tag-emmeti","9":"pa_brand-fiv-emmeti","10":"pa_filet-3-4","11":"pa_thread-type-inside","13":"first","14":"instock","15":"shipping-taxable","16":"product-type-simple"},"_links":{"self":[{"href":"https:\/\/test.proterm.md\/ro\/wp-json\/wp\/v2\/product\/15592","targetHints":{"allow":["GET"]}}],"collection":[{"href":"https:\/\/test.proterm.md\/ro\/wp-json\/wp\/v2\/product"}],"about":[{"href":"https:\/\/test.proterm.md\/ro\/wp-json\/wp\/v2\/types\/product"}],"wp:featuredmedia":[{"embeddable":true,"href":"https:\/\/test.proterm.md\/ro\/wp-json\/wp\/v2\/media\/7028"}],"wp:attachment":[{"href":"https:\/\/test.proterm.md\/ro\/wp-json\/wp\/v2\/media?parent=15592"}],"wp:term":[{"taxonomy":"product_brand","embeddable":true,"href":"https:\/\/test.proterm.md\/ro\/wp-json\/wp\/v2\/product_brand?post=15592"},{"taxonomy":"product_cat","embeddable":true,"href":"https:\/\/test.proterm.md\/ro\/wp-json\/wp\/v2\/product_cat?post=15592"},{"taxonomy":"product_tag","embeddable":true,"href":"https:\/\/test.proterm.md\/ro\/wp-json\/wp\/v2\/product_tag?post=15592"}],"curies":[{"name":"wp","href":"https:\/\/api.w.org\/{rel}","templated":true}]}}