{"id":15568,"date":"2024-07-20T09:14:30","date_gmt":"2024-07-20T07:14:30","guid":{"rendered":"https:\/\/test.proterm.md\/?post_type=product&#038;p=15568"},"modified":"2026-02-27T16:22:41","modified_gmt":"2026-02-27T14:22:41","slug":"cutit-teava-o6-76","status":"publish","type":"product","link":"https:\/\/test.proterm.md\/ro\/product\/cutit-teava-o6-76\/","title":{"rendered":"Cutit teava \u00d86 -76"},"content":{"rendered":"<div class=\"wpb-content-wrapper\"><p>[vc_row][vc_column][vc_column_text css_animation=&#8221;none&#8221; text_larger=&#8221;no&#8221;]Pentru \u021bevi acoperite cu cupru, aluminiu, alam\u0103 \u0219i plastic, acest t\u0103ietor de \u021bevi are o lam\u0103 de debavurare intern\u0103 retractabil\u0103 \u0219i o rol\u0103 de t\u0103iere de rezerv\u0103 \u00een m\u00e2ner.<br \/>\nGhidaj telescopic cu mecanism de clichet \u0219i eliberare automat\u0103 cu arc permite reglarea rapid\u0103 \u0219i deschiderea rapid\u0103.[\/vc_column_text][\/vc_column][\/vc_row]<\/p>\n<\/div>","protected":false},"excerpt":{"rendered":"<p>Diametru de t\u0103iere 6&#8230;76 mm<br \/>\nOperare manual\u0103 Da<br \/>\nPotrivit pentru plastic Da<br \/>\nPotrivit pentru alama Da<br \/>\nPotrivit pentru cupru Da<br \/>\nPotrivit pentru \u021bevi acoperite cu plastic Da<br \/>\nPotrivit pentru o\u021bel inoxidabil nr<br \/>\n\u021aara &#8211; Italia<br \/>\nProducator -Ape Racorderie<\/p>\n","protected":false},"featured_media":15569,"template":"","meta":{"_joinchat":[]},"product_brand":[],"product_cat":[2445,37,68,342,2424],"product_tag":[2317],"class_list":{"0":"post-15568","1":"product","2":"type-product","3":"status-publish","4":"has-post-thumbnail","6":"product_cat-instrumente-cazangerii","7":"product_cat-sisteme_apeduct_canalizare","8":"product_cat-teava-metaloplast","9":"product_cat-tevi_fitinguri_metaloplast","10":"product_cat-teavapardoseaincalzira","11":"product_tag-ape-racorderie","12":"pa_brand-ape-raccorderie","13":"pa_diametru-6-76mm","15":"first","16":"instock","17":"shipping-taxable","18":"product-type-simple"},"_links":{"self":[{"href":"https:\/\/test.proterm.md\/ro\/wp-json\/wp\/v2\/product\/15568","targetHints":{"allow":["GET"]}}],"collection":[{"href":"https:\/\/test.proterm.md\/ro\/wp-json\/wp\/v2\/product"}],"about":[{"href":"https:\/\/test.proterm.md\/ro\/wp-json\/wp\/v2\/types\/product"}],"wp:featuredmedia":[{"embeddable":true,"href":"https:\/\/test.proterm.md\/ro\/wp-json\/wp\/v2\/media\/15569"}],"wp:attachment":[{"href":"https:\/\/test.proterm.md\/ro\/wp-json\/wp\/v2\/media?parent=15568"}],"wp:term":[{"taxonomy":"product_brand","embeddable":true,"href":"https:\/\/test.proterm.md\/ro\/wp-json\/wp\/v2\/product_brand?post=15568"},{"taxonomy":"product_cat","embeddable":true,"href":"https:\/\/test.proterm.md\/ro\/wp-json\/wp\/v2\/product_cat?post=15568"},{"taxonomy":"product_tag","embeddable":true,"href":"https:\/\/test.proterm.md\/ro\/wp-json\/wp\/v2\/product_tag?post=15568"}],"curies":[{"name":"wp","href":"https:\/\/api.w.org\/{rel}","templated":true}]}}