{"id":15477,"date":"2024-06-07T08:38:10","date_gmt":"2024-06-07T06:38:10","guid":{"rendered":"https:\/\/test.proterm.md\/?post_type=product&#038;p=15477"},"modified":"2026-02-23T16:21:32","modified_gmt":"2026-02-23T14:21:32","slug":"gel-lubrifiant-scivolina","status":"publish","type":"product","link":"https:\/\/test.proterm.md\/ro\/product\/gel-lubrifiant-scivolina\/","title":{"rendered":"Gel lubrifiant Scivolina"},"content":{"rendered":"<p>Se folose\u0219te ca c\u0103ptu\u0219eal\u0103 pe \u021bevi \u0219i fitinguri din PP (polipropilen\u0103 &#8211; teava de canalizare) \u0219i PVC (policlorur\u0103 de vinil) cu \u00eembin\u0103ri prize echipate cu un inel O.<br \/>\nSe aplic\u0103 direct pe inel. In situatii de frecare mare se recomanda si aplicarea produsului la capatul tubului introdus.<\/p>\n<p>Gel lubrifiant inodor pe baza de uleiuri siliconice. Faciliteaz\u0103 conectarea tuburilor folosind inele O. Formeaz\u0103 o pelicul\u0103 lubrifiant\u0103 pe suprafa\u021ba tratat\u0103, care \u00ee\u0219i p\u0103streaz\u0103 netezimea nemodificat\u0103 pentru o perioad\u0103 lung\u0103 de timp. Nu con\u021bine s\u0103pun, care \u00een timp \u0219i umiditatea ar elibera alcalii caustici care ar putea deteriora integritatea inelului de cauciuc. De asemenea, protejeaz\u0103 inelul de cauciuc \u00een timp \u0219i \u00een timpul func\u021bion\u0103rii \u021bevii de uzura cauzat\u0103 de substan\u021bele agresive prezente \u00een apele uzate.<\/p>","protected":false},"excerpt":{"rendered":"<p>Camon Scivolina gel lubrifiant pentru guler \u0219i fitinguri cu inel de etan\u0219are.<br \/>\nVolum \u2013 250 ml.<br \/>\nStare fizic\u0103\/forma GEL<br \/>\nCuloare translucid\u0103<br \/>\nMiros Inodor<br \/>\nTemperatura de fierbere&gt;100\u00b0C<br \/>\nDensitate 1,006 g\/ml<br \/>\nPH 9,0<br \/>\nTemperatura de aplicare de la +5 la +40 \u00b0C<\/p>\n<p><strong>UTILIZARE:<\/strong> Lubrifiant siliconic de protec\u021bie pentru \u00eembin\u0103rile \u021bevilor \u0219i fitingurilor din PVC \u0219i PP cu garnitura de etansare.<br \/>\nLubrifiant pentru asamblarea \u021bevilor \u0219i fitingurilor cu cup\u0103 \u0219i \u00eembin\u0103ri OR.<br \/>\nFaciliteaz\u0103 introducerea \u021bevilor \u0219i fitingurilor din PP \u0219i PVC cu inel de etan\u0219are, produc\u00e2nd la suprafa\u021b\u0103<br \/>\ntratat cu o pelicul\u0103 lubrifiant\u0103 care \u00ee\u0219i men\u021bine netezimea nealterat\u0103 pentru o lung\u0103 perioad\u0103 de timp \u0219i protejeaz\u0103<br \/>\ngarnitur\u0103 Nu contine sapunuri care cu timpul si umiditatea ar elibera alcalii corozive si asta<br \/>\nar afecta inelul de cauciuc<br \/>\nCapacitate excelent\u0103 de protec\u021bie a elementelor lubrifiate<br \/>\nRezistenta la apa<br \/>\nInodor<br \/>\nF\u0103r\u0103 etichetare de pericol<\/p>\n<p><strong>MOD DE UTILIZARE<\/strong><br \/>\n\u00centinde\u021bi un strat suficient \u0219i uniform de alunecare pe inelul de cauciuc.<br \/>\nPentru o \u00eembinare mai bun\u0103 a pieselor este indicat s\u0103 aplica\u021bi produsul \u0219i pe cap\u0103tul tubului f\u0103r\u0103<br \/>\nde inel. Introduce\u021bi tubul \u00een man\u0219on cu o u\u0219oar\u0103 rota\u021bie.<\/p>\n","protected":false},"featured_media":15478,"template":"","meta":{"_joinchat":[]},"product_brand":[],"product_cat":[681],"product_tag":[],"class_list":{"0":"post-15477","1":"product","2":"type-product","3":"status-publish","4":"has-post-thumbnail","6":"product_cat-solutii_antiinghet_antigel","8":"first","9":"instock","10":"shipping-taxable","11":"product-type-simple"},"_links":{"self":[{"href":"https:\/\/test.proterm.md\/ro\/wp-json\/wp\/v2\/product\/15477","targetHints":{"allow":["GET"]}}],"collection":[{"href":"https:\/\/test.proterm.md\/ro\/wp-json\/wp\/v2\/product"}],"about":[{"href":"https:\/\/test.proterm.md\/ro\/wp-json\/wp\/v2\/types\/product"}],"wp:featuredmedia":[{"embeddable":true,"href":"https:\/\/test.proterm.md\/ro\/wp-json\/wp\/v2\/media\/15478"}],"wp:attachment":[{"href":"https:\/\/test.proterm.md\/ro\/wp-json\/wp\/v2\/media?parent=15477"}],"wp:term":[{"taxonomy":"product_brand","embeddable":true,"href":"https:\/\/test.proterm.md\/ro\/wp-json\/wp\/v2\/product_brand?post=15477"},{"taxonomy":"product_cat","embeddable":true,"href":"https:\/\/test.proterm.md\/ro\/wp-json\/wp\/v2\/product_cat?post=15477"},{"taxonomy":"product_tag","embeddable":true,"href":"https:\/\/test.proterm.md\/ro\/wp-json\/wp\/v2\/product_tag?post=15477"}],"curies":[{"name":"wp","href":"https:\/\/api.w.org\/{rel}","templated":true}]}}