{"id":15177,"date":"2024-05-08T15:59:35","date_gmt":"2024-05-08T13:59:35","guid":{"rendered":"https:\/\/test.proterm.md\/?post_type=product&#038;p=15177"},"modified":"2025-05-30T12:07:55","modified_gmt":"2025-05-30T10:07:55","slug":"colector-de-distributie-coplanar","status":"publish","type":"product","link":"https:\/\/test.proterm.md\/ro\/product\/colector-de-distributie-coplanar\/","title":{"rendered":"Colector de distributie"},"content":{"rendered":"<p>Distribuitoarele coplanare sunt utilizate \u00een instala\u021biile \u00een care se circul\u0103 ap\u0103 sau se vehiculeaz\u0103 orice alt lichid necoroziv. Distribuitorul este echipat cu racorduri filetate.<br \/>\nDistribuitor coplanar pre-asamblat cromat. Racorduri de schimb pentru tuburi cupru-plastic \u0219i multistrat \u0219i \u021bevi metaloplast<\/p>","protected":false},"excerpt":{"rendered":"<p>Num\u0103r de ie\u0219iri \u2013 2&#215;2<br \/>\nDistan\u021ba centru-centru dintre porturi \u2013 36 mm<br \/>\nFilet cap \u2013 \u00d8 3\/4 \u201cF<br \/>\nPorturi laterale: filet exterior 1\/2<br \/>\nMach. temperatura de lucru \u2013 110 \u00b0\u0421<br \/>\nPresiune maxim\u0103 de lucru \u2013 10 bar<br \/>\nTip colector \u2013 coplanar (dublu)<br \/>\nMaterial header \u2013 Otel<br \/>\nDomeniu de aplicare \u2013 inc\u0103lzire<br \/>\nTara de origine \u2013 Italia<br \/>\nProducator \u2013 EMMETI, F.I.V.<\/p>\n","protected":false},"featured_media":15183,"template":"","meta":{"_joinchat":[]},"product_brand":[],"product_cat":[112],"product_tag":[411],"class_list":{"0":"post-15177","1":"product","2":"type-product","3":"status-publish","4":"has-post-thumbnail","6":"product_cat-colectoare-distribuitoare","7":"product_tag-fiv","8":"pa_brand-fiv-emmeti","9":"pa_diametru-si-numar-circuite-distribuitor-coplanar-1-6x6-cai","10":"pa_diametru-si-numar-circuite-distribuitor-coplanar-3-4-2x2-cai","11":"pa_diametru-si-numar-circuite-distribuitor-coplanar-3-4-6x6-cai","12":"pa_diametru-si-numar-circuite-distribuitor-coplanar-3-4-8x8-cai","14":"first","15":"instock","16":"shipping-taxable","17":"product-type-variable","18":"has-default-attributes"},"_links":{"self":[{"href":"https:\/\/test.proterm.md\/ro\/wp-json\/wp\/v2\/product\/15177","targetHints":{"allow":["GET"]}}],"collection":[{"href":"https:\/\/test.proterm.md\/ro\/wp-json\/wp\/v2\/product"}],"about":[{"href":"https:\/\/test.proterm.md\/ro\/wp-json\/wp\/v2\/types\/product"}],"wp:featuredmedia":[{"embeddable":true,"href":"https:\/\/test.proterm.md\/ro\/wp-json\/wp\/v2\/media\/15183"}],"wp:attachment":[{"href":"https:\/\/test.proterm.md\/ro\/wp-json\/wp\/v2\/media?parent=15177"}],"wp:term":[{"taxonomy":"product_brand","embeddable":true,"href":"https:\/\/test.proterm.md\/ro\/wp-json\/wp\/v2\/product_brand?post=15177"},{"taxonomy":"product_cat","embeddable":true,"href":"https:\/\/test.proterm.md\/ro\/wp-json\/wp\/v2\/product_cat?post=15177"},{"taxonomy":"product_tag","embeddable":true,"href":"https:\/\/test.proterm.md\/ro\/wp-json\/wp\/v2\/product_tag?post=15177"}],"curies":[{"name":"wp","href":"https:\/\/api.w.org\/{rel}","templated":true}]}}